{"id":9907,"date":"2022-09-08T08:16:30","date_gmt":"2022-09-08T08:16:30","guid":{"rendered":"https:\/\/topgetestet.de\/?product=brooks-herren-ricochet-3-laufschuh"},"modified":"2022-09-08T08:16:30","modified_gmt":"2022-09-08T08:16:30","slug":"brooks-herren-ricochet-3-laufschuh","status":"publish","type":"product","link":"https:\/\/topgetestet.de\/?product=brooks-herren-ricochet-3-laufschuh","title":{"rendered":"Brooks Herren Ricochet 3 Laufschuh"},"content":{"rendered":"<p>Price: <span style=\"color:#b12704\">[price_with_discount]<\/span><br \/><i><small>(as of [price_update_date] &#8211; <span class=\"wp_automatic_amazon_disclaimer\" title=\"Product prices and availability are accurate as of the date\/time indicated and are subject to change. Any price and availability information displayed on [relevant Amazon Site(s), as applicable] at the time of purchase will apply to the purchase of this product.\">Details<\/span>)<\/small><\/i><\/p>\n<p><a href=\"https:\/\/amazon.de\/dp\/B08LMTZQX7?tag=topgetestet09-21\"><img decoding=\"async\" src=\"https:\/\/i.imgur.com\/ISRHEWs.png\"><\/a><br \/>\n[ad_1]<br \/>\n <span>Ein echter Fu\u00dfball. Dank der verbesserten DNA AMP D\u00e4mpfungs-Mix und schnellen \u00dcberg\u00e4ngen, sowie dem Plus eines eleganten Obermaterials ist dieser Schuh bereit f\u00fcr die Stra\u00dfe.<\/span> <br \/> Verpackungsabmessungen \u200f : \u200e  30.6 x 18.5 x 11.7 cm; 590 Gramm <br \/> Im Angebot von Amazon.de seit \u200f : \u200e  1. Dezember 2020 <br \/> Hersteller \u200f : \u200e  Brooks <br \/> ASIN \u200f : \u200e  B08LMSS1PG <br \/> Modellnummer \u200f : \u200e  1103611D039 <br \/> Kategorie \u200f : \u200e  Herren <\/p>\n<p>[ad_2]<\/p>\n","protected":false},"excerpt":{"rendered":"<p>Price: [price_with_discount](as of [price_update_date] &#8211; Details) [ad_1] Ein echter Fu\u00dfball. Dank der verbesserten DNA AMP D\u00e4mpfungs-Mix und schnellen \u00dcberg\u00e4ngen, sowie dem Plus eines eleganten Obermaterials ist dieser Schuh bereit f\u00fcr<\/p>\n","protected":false},"featured_media":9908,"comment_status":"open","ping_status":"closed","template":"","meta":[],"product_cat":[234],"product_tag":[235],"class_list":{"0":"post-9907","1":"product","2":"type-product","3":"status-publish","4":"has-post-thumbnail","6":"product_cat-shoes","7":"product_tag-mens-road-running-shoes","9":"first","10":"instock","11":"shipping-taxable","12":"product-type-external"},"aioseo_notices":[],"_links":{"self":[{"href":"https:\/\/topgetestet.de\/index.php?rest_route=\/wp\/v2\/product\/9907","targetHints":{"allow":["GET"]}}],"collection":[{"href":"https:\/\/topgetestet.de\/index.php?rest_route=\/wp\/v2\/product"}],"about":[{"href":"https:\/\/topgetestet.de\/index.php?rest_route=\/wp\/v2\/types\/product"}],"replies":[{"embeddable":true,"href":"https:\/\/topgetestet.de\/index.php?rest_route=%2Fwp%2Fv2%2Fcomments&post=9907"}],"wp:featuredmedia":[{"embeddable":true,"href":"https:\/\/topgetestet.de\/index.php?rest_route=\/wp\/v2\/media\/9908"}],"wp:attachment":[{"href":"https:\/\/topgetestet.de\/index.php?rest_route=%2Fwp%2Fv2%2Fmedia&parent=9907"}],"wp:term":[{"taxonomy":"product_cat","embeddable":true,"href":"https:\/\/topgetestet.de\/index.php?rest_route=%2Fwp%2Fv2%2Fproduct_cat&post=9907"},{"taxonomy":"product_tag","embeddable":true,"href":"https:\/\/topgetestet.de\/index.php?rest_route=%2Fwp%2Fv2%2Fproduct_tag&post=9907"}],"curies":[{"name":"wp","href":"https:\/\/api.w.org\/{rel}","templated":true}]}}