{"id":9773,"date":"2022-09-08T07:21:22","date_gmt":"2022-09-08T07:21:22","guid":{"rendered":"https:\/\/topgetestet.de\/?product=adidas-herren-varilite-hybrid-jacke"},"modified":"2022-09-08T07:21:22","modified_gmt":"2022-09-08T07:21:22","slug":"adidas-herren-varilite-hybrid-jacke","status":"publish","type":"product","link":"https:\/\/topgetestet.de\/?product=adidas-herren-varilite-hybrid-jacke","title":{"rendered":"adidas Herren Varilite Hybrid Jacke"},"content":{"rendered":"<p>Price: <span style=\"color:#b12704\">[price_with_discount]<\/span><br \/><i><small>(as of [price_update_date] &#8211; <span class=\"wp_automatic_amazon_disclaimer\" title=\"Product prices and availability are accurate as of the date\/time indicated and are subject to change. Any price and availability information displayed on [relevant Amazon Site(s), as applicable] at the time of purchase will apply to the purchase of this product.\">Details<\/span>)<\/small><\/i><\/p>\n<p><a href=\"https:\/\/amazon.de\/dp\/B08M7T1SSB?tag=topgetestet09-21\"><img decoding=\"async\" src=\"https:\/\/i.imgur.com\/ISRHEWs.png\"><\/a><br \/>\n[ad_1]<br \/>\n <span>Ihr morgendliches Pendeln und abendliches Pendeln k\u00f6nnen v\u00f6llig anderes Wetter haben. Verstauen Sie diese Herren-Adidas-Jacke in Ihrem Rucksack. Daunenisolierung und ein nahtloses Design sorgen daf\u00fcr, dass die W\u00e4rme eingeschlossen bleibt und Sie vor Wind und Regen sch\u00fctzt.<\/span> <br \/>Durchgehender Rei\u00dfverschluss<br \/>Lang\u00e4rmelig mit B\u00fcndchen<br \/>Rumpf schmal geschnitten<br \/>Marke: Adidas<br \/>\n<br \/>[ad_2]<\/p>\n","protected":false},"excerpt":{"rendered":"<p>Price: [price_with_discount](as of [price_update_date] &#8211; Details) [ad_1] Ihr morgendliches Pendeln und abendliches Pendeln k\u00f6nnen v\u00f6llig anderes Wetter haben. Verstauen Sie diese Herren-Adidas-Jacke in Ihrem Rucksack. Daunenisolierung und ein nahtloses Design<\/p>\n","protected":false},"featured_media":9774,"comment_status":"open","ping_status":"closed","template":"","meta":[],"product_cat":[231],"product_tag":[],"class_list":{"0":"post-9773","1":"product","2":"type-product","3":"status-publish","4":"has-post-thumbnail","6":"product_cat-mens-fashion","8":"first","9":"instock","10":"shipping-taxable","11":"product-type-external"},"aioseo_notices":[],"_links":{"self":[{"href":"https:\/\/topgetestet.de\/index.php?rest_route=\/wp\/v2\/product\/9773","targetHints":{"allow":["GET"]}}],"collection":[{"href":"https:\/\/topgetestet.de\/index.php?rest_route=\/wp\/v2\/product"}],"about":[{"href":"https:\/\/topgetestet.de\/index.php?rest_route=\/wp\/v2\/types\/product"}],"replies":[{"embeddable":true,"href":"https:\/\/topgetestet.de\/index.php?rest_route=%2Fwp%2Fv2%2Fcomments&post=9773"}],"wp:featuredmedia":[{"embeddable":true,"href":"https:\/\/topgetestet.de\/index.php?rest_route=\/wp\/v2\/media\/9774"}],"wp:attachment":[{"href":"https:\/\/topgetestet.de\/index.php?rest_route=%2Fwp%2Fv2%2Fmedia&parent=9773"}],"wp:term":[{"taxonomy":"product_cat","embeddable":true,"href":"https:\/\/topgetestet.de\/index.php?rest_route=%2Fwp%2Fv2%2Fproduct_cat&post=9773"},{"taxonomy":"product_tag","embeddable":true,"href":"https:\/\/topgetestet.de\/index.php?rest_route=%2Fwp%2Fv2%2Fproduct_tag&post=9773"}],"curies":[{"name":"wp","href":"https:\/\/api.w.org\/{rel}","templated":true}]}}