{"id":9724,"date":"2022-09-08T07:06:04","date_gmt":"2022-09-08T07:06:04","guid":{"rendered":"https:\/\/topgetestet.de\/?post_type=product&#038;p=9724"},"modified":"2022-09-08T07:06:04","modified_gmt":"2022-09-08T07:06:04","slug":"canon-eos-90d-nu","status":"publish","type":"product","link":"https:\/\/topgetestet.de\/?product=canon-eos-90d-nu","title":{"rendered":"CANON EOS 90D nu"},"content":{"rendered":"<p>Price: <span style=\"color:#b12704\">[price_with_discount]<\/span><br \/><i><small>(as of [price_update_date] &#8211; <span class=\"wp_automatic_amazon_disclaimer\" title=\"Product prices and availability are accurate as of the date\/time indicated and are subject to change. Any price and availability information displayed on [relevant Amazon Site(s), as applicable] at the time of purchase will apply to the purchase of this product.\">Details<\/span>)<\/small><\/i><\/p>\n<p><a href=\"https:\/\/amazon.de\/dp\/B07X512WW9?tag=topgetestet09-21\"><img decoding=\"async\" src=\"https:\/\/i.imgur.com\/ISRHEWs.png\"><\/a><br \/>\n[ad_1]<br \/>\n <span>Die EOS 90D DSLR verf\u00fcgt \u00fcber einen 32, 5 Megapixel APS-C Sensor, der HERVORRAGENDE Bildqualit\u00e4t liefert und die Reichweite von Teleobjektiven erweitert. Zusammen mit dem 45-punkt-af System und 10fps Videoaufnahmen bietet die EOS 90D eine leistungsstarke Kamera f\u00fcr die Tier- und Sportfotografie.<\/span> <br \/>CANON<br \/>Appareil photo num\u00e9rique<br \/>Oeilleton EF, Bouchon de bo\u00eetier R-F-3, Courroie large EW-EOS 90D, Batterie LP-E6N (avec couvercle du logement de la batterie), Chargeur de batterie LC-E6E, C\u00e2ble d&#8217;alimentation, Kit manuel utilisateur<br \/>32.5 Mpixels<br \/>3,0 pouces<br \/>\n<br \/>[ad_2]<\/p>\n","protected":false},"excerpt":{"rendered":"<p>Price: [price_with_discount](as of [price_update_date] &#8211; Details) [ad_1] Die EOS 90D DSLR verf\u00fcgt \u00fcber einen 32, 5 Megapixel APS-C Sensor, der HERVORRAGENDE Bildqualit\u00e4t liefert und die Reichweite von Teleobjektiven erweitert. Zusammen<\/p>\n","protected":false},"featured_media":9725,"comment_status":"open","ping_status":"closed","template":"","meta":[],"product_cat":[226],"product_tag":[240],"class_list":{"0":"post-9724","1":"product","2":"type-product","3":"status-publish","4":"has-post-thumbnail","6":"product_cat-cameras","7":"product_tag-camera-photo","9":"first","10":"instock","11":"sale","12":"shipping-taxable","13":"product-type-external"},"aioseo_notices":[],"_links":{"self":[{"href":"https:\/\/topgetestet.de\/index.php?rest_route=\/wp\/v2\/product\/9724","targetHints":{"allow":["GET"]}}],"collection":[{"href":"https:\/\/topgetestet.de\/index.php?rest_route=\/wp\/v2\/product"}],"about":[{"href":"https:\/\/topgetestet.de\/index.php?rest_route=\/wp\/v2\/types\/product"}],"replies":[{"embeddable":true,"href":"https:\/\/topgetestet.de\/index.php?rest_route=%2Fwp%2Fv2%2Fcomments&post=9724"}],"wp:featuredmedia":[{"embeddable":true,"href":"https:\/\/topgetestet.de\/index.php?rest_route=\/wp\/v2\/media\/9725"}],"wp:attachment":[{"href":"https:\/\/topgetestet.de\/index.php?rest_route=%2Fwp%2Fv2%2Fmedia&parent=9724"}],"wp:term":[{"taxonomy":"product_cat","embeddable":true,"href":"https:\/\/topgetestet.de\/index.php?rest_route=%2Fwp%2Fv2%2Fproduct_cat&post=9724"},{"taxonomy":"product_tag","embeddable":true,"href":"https:\/\/topgetestet.de\/index.php?rest_route=%2Fwp%2Fv2%2Fproduct_tag&post=9724"}],"curies":[{"name":"wp","href":"https:\/\/api.w.org\/{rel}","templated":true}]}}