{"id":9691,"date":"2022-09-08T06:49:04","date_gmt":"2022-09-08T06:49:04","guid":{"rendered":"https:\/\/topgetestet.de\/?product=gildan-herren-hose"},"modified":"2022-09-08T06:49:04","modified_gmt":"2022-09-08T06:49:04","slug":"gildan-herren-hose","status":"publish","type":"product","link":"https:\/\/topgetestet.de\/?product=gildan-herren-hose","title":{"rendered":"Gildan Herren Hose"},"content":{"rendered":"<p>Price: <span style=\"color:#b12704\">[price_with_discount]<\/span><br \/><i><small>(as of [price_update_date] &#8211; <span class=\"wp_automatic_amazon_disclaimer\" title=\"Product prices and availability are accurate as of the date\/time indicated and are subject to change. Any price and availability information displayed on [relevant Amazon Site(s), as applicable] at the time of purchase will apply to the purchase of this product.\">Details<\/span>)<\/small><\/i><\/p>\n<p><a href=\"https:\/\/amazon.de\/dp\/B01EX5PZIE?tag=topgetestet09-21\"><img decoding=\"async\" src=\"https:\/\/i.imgur.com\/ISRHEWs.png\"><\/a><br \/>\n[ad_1]<br \/>\n <span>Gildan ist einer der weltweit gr\u00f6\u00dften vertikal integrierten Hersteller von Bekleidung und Socken. Gildan verwendet Baumwolle, die in den USA angebaut wird, was die beste Kombination von Qualit\u00e4t und Wert f\u00fcr Gildan Baumwoll- und Baumwollmischprodukte darstellt. Seit 2009 hat Gildan stolz die Baumwolle USA Marke, lizenziert vom Cotton Council International auf Produktverpackungen und Versandmaterialien f\u00fcr Verbraucher pr\u00e4sentiert. Das Gildan-Umweltprogramm erf\u00fcllt zwei Kernziele: Verringert die Umweltbelastung und bewahrt die nat\u00fcrlichen Ressourcen, die in unserem Herstellungsprozess verwendet werden. Auf allen Betriebsebenen ist Gildan bewusst, dass wir als Teil einer gr\u00f6\u00dferen Einheit arbeiten: die Umwelt, in der wir leben und arbeiten.<\/span> <br \/> Verpackungsabmessungen \u200f : \u200e  31.29 x 28.6 x 17.09 cm; 331 Gramm <br \/> Im Angebot von Amazon.de seit \u200f : \u200e  15. Oktober 2017 <br \/> Hersteller \u200f : \u200e  Gildan Men&#8217;s Activewear <br \/> ASIN \u200f : \u200e  B01M0PEJJU <br \/> Modellnummer \u200f : \u200e  G18100 <br \/> Kategorie \u200f : \u200e  Herren <\/p>\n<p>[ad_2]<\/p>\n","protected":false},"excerpt":{"rendered":"<p>Price: [price_with_discount](as of [price_update_date] &#8211; Details) [ad_1] Gildan ist einer der weltweit gr\u00f6\u00dften vertikal integrierten Hersteller von Bekleidung und Socken. Gildan verwendet Baumwolle, die in den USA angebaut wird, was<\/p>\n","protected":false},"featured_media":9692,"comment_status":"open","ping_status":"closed","template":"","meta":[],"product_cat":[231],"product_tag":[],"class_list":{"0":"post-9691","1":"product","2":"type-product","3":"status-publish","4":"has-post-thumbnail","6":"product_cat-mens-fashion","8":"first","9":"instock","10":"shipping-taxable","11":"product-type-external"},"aioseo_notices":[],"_links":{"self":[{"href":"https:\/\/topgetestet.de\/index.php?rest_route=\/wp\/v2\/product\/9691","targetHints":{"allow":["GET"]}}],"collection":[{"href":"https:\/\/topgetestet.de\/index.php?rest_route=\/wp\/v2\/product"}],"about":[{"href":"https:\/\/topgetestet.de\/index.php?rest_route=\/wp\/v2\/types\/product"}],"replies":[{"embeddable":true,"href":"https:\/\/topgetestet.de\/index.php?rest_route=%2Fwp%2Fv2%2Fcomments&post=9691"}],"wp:featuredmedia":[{"embeddable":true,"href":"https:\/\/topgetestet.de\/index.php?rest_route=\/wp\/v2\/media\/9692"}],"wp:attachment":[{"href":"https:\/\/topgetestet.de\/index.php?rest_route=%2Fwp%2Fv2%2Fmedia&parent=9691"}],"wp:term":[{"taxonomy":"product_cat","embeddable":true,"href":"https:\/\/topgetestet.de\/index.php?rest_route=%2Fwp%2Fv2%2Fproduct_cat&post=9691"},{"taxonomy":"product_tag","embeddable":true,"href":"https:\/\/topgetestet.de\/index.php?rest_route=%2Fwp%2Fv2%2Fproduct_tag&post=9691"}],"curies":[{"name":"wp","href":"https:\/\/api.w.org\/{rel}","templated":true}]}}