{"id":9607,"date":"2022-09-08T06:07:55","date_gmt":"2022-09-08T06:07:55","guid":{"rendered":"https:\/\/topgetestet.de\/?product=f1-22-ps4-deutsch"},"modified":"2022-09-08T06:07:55","modified_gmt":"2022-09-08T06:07:55","slug":"f1-22-ps4-deutsch","status":"publish","type":"product","link":"https:\/\/topgetestet.de\/?product=f1-22-ps4-deutsch","title":{"rendered":"F1 22 PS4 | Deutsch"},"content":{"rendered":"<p>Price: <span style=\"color:#b12704\">[price_with_discount]<\/span><br \/><i><small>(as of [price_update_date] &#8211; <span class=\"wp_automatic_amazon_disclaimer\" title=\"Product prices and availability are accurate as of the date\/time indicated and are subject to change. Any price and availability information displayed on [relevant Amazon Site(s), as applicable] at the time of purchase will apply to the purchase of this product.\">Details<\/span>)<\/small><\/i><\/p>\n<p><a href=\"https:\/\/amazon.de\/dp\/B09Y9SZJGP?tag=topgetestet09-21\"><img decoding=\"async\" src=\"https:\/\/i.imgur.com\/ISRHEWs.png\"><\/a><br \/>\n[ad_1]<br \/>\n <br \/> Alterseinstufung \u200f : \u200e  USK ab 0 freigegeben <br \/> Sprache \u200f : \u200e  Deutsch <br \/> Produktabmessungen \u200f : \u200e  17.2 x 13.4 x 1.3 cm; 100 Gramm <br \/> Erscheinungstermin \u200f : \u200e  1. Juli 2022 <br \/> ASIN \u200f : \u200e  B09Y9SZJGP <br \/> Herstellerreferenz \u200f : \u200e  442696 <br \/> Herkunftsland \u200f : \u200e  Deutschland <\/p>\n<p>DEFINIERTES RENNGESCHEHEN: \u00dcbernimm die Kontrolle \u00fcber ihr virtuelles F1-Erlebnis mit immersiven und kinoreifen Boxenstopps, Einf\u00fchrungsrunden und mehr<br \/>F1 LIFE: Fr\u00f6ne dem Glanz und Glamour der Formula 1<br \/>\n<br \/>[ad_2]<\/p>\n","protected":false},"excerpt":{"rendered":"<p>Price: [price_with_discount](as of [price_update_date] &#8211; Details) [ad_1] Alterseinstufung \u200f : \u200e USK ab 0 freigegeben Sprache \u200f : \u200e Deutsch Produktabmessungen \u200f : \u200e 17.2 x 13.4 x 1.3 cm;<\/p>\n","protected":false},"featured_media":9608,"comment_status":"open","ping_status":"closed","template":"","meta":[],"product_cat":[227],"product_tag":[261],"class_list":{"0":"post-9607","1":"product","2":"type-product","3":"status-publish","4":"has-post-thumbnail","6":"product_cat-gaming","7":"product_tag-playstation-legacy-games","9":"first","10":"instock","11":"sale","12":"shipping-taxable","13":"product-type-external"},"aioseo_notices":[],"_links":{"self":[{"href":"https:\/\/topgetestet.de\/index.php?rest_route=\/wp\/v2\/product\/9607","targetHints":{"allow":["GET"]}}],"collection":[{"href":"https:\/\/topgetestet.de\/index.php?rest_route=\/wp\/v2\/product"}],"about":[{"href":"https:\/\/topgetestet.de\/index.php?rest_route=\/wp\/v2\/types\/product"}],"replies":[{"embeddable":true,"href":"https:\/\/topgetestet.de\/index.php?rest_route=%2Fwp%2Fv2%2Fcomments&post=9607"}],"wp:featuredmedia":[{"embeddable":true,"href":"https:\/\/topgetestet.de\/index.php?rest_route=\/wp\/v2\/media\/9608"}],"wp:attachment":[{"href":"https:\/\/topgetestet.de\/index.php?rest_route=%2Fwp%2Fv2%2Fmedia&parent=9607"}],"wp:term":[{"taxonomy":"product_cat","embeddable":true,"href":"https:\/\/topgetestet.de\/index.php?rest_route=%2Fwp%2Fv2%2Fproduct_cat&post=9607"},{"taxonomy":"product_tag","embeddable":true,"href":"https:\/\/topgetestet.de\/index.php?rest_route=%2Fwp%2Fv2%2Fproduct_tag&post=9607"}],"curies":[{"name":"wp","href":"https:\/\/api.w.org\/{rel}","templated":true}]}}