{"id":9513,"date":"2022-09-08T05:17:39","date_gmt":"2022-09-08T05:17:39","guid":{"rendered":"https:\/\/topgetestet.de\/?product=fila-damen-novanine-wmn-laufschuh"},"modified":"2022-09-08T05:17:39","modified_gmt":"2022-09-08T05:17:39","slug":"fila-damen-novanine-wmn-laufschuh","status":"publish","type":"product","link":"https:\/\/topgetestet.de\/?product=fila-damen-novanine-wmn-laufschuh","title":{"rendered":"FILA Damen Novanine Wmn Laufschuh"},"content":{"rendered":"<p>Price: <span style=\"color:#b12704\">[price_with_discount]<\/span><br \/><i><small>(as of [price_update_date] &#8211; <span class=\"wp_automatic_amazon_disclaimer\" title=\"Product prices and availability are accurate as of the date\/time indicated and are subject to change. Any price and availability information displayed on [relevant Amazon Site(s), as applicable] at the time of purchase will apply to the purchase of this product.\">Details<\/span>)<\/small><\/i><\/p>\n<p><a href=\"https:\/\/amazon.de\/dp\/B096XSNF41?tag=topgetestet09-21\"><img decoding=\"async\" src=\"https:\/\/i.imgur.com\/ISRHEWs.png\"><\/a><br \/>\n[ad_1]<br \/>\n <span>Aggressiv, dynamisch, schnell, leistungsstark &#8211; das ist die Aussage des Fila Novanine. Die co molded Au\u00dfensohle bietet Halt, einen tollen Rebound-Effekt und ein ausgewogenes Laufgef\u00fchl. Das auff\u00e4llige 3-D Mesh Obermaterial, der Performance Shield Fersenbereich und der perfekte Tragekomfort machen den Fila Novanine einzigartig in seiner Preisklasse.<\/span> <br \/> Verpackungsabmessungen \u200f : \u200e  34.7 x 23.3 x 12 cm; 730 Gramm <br \/> Im Angebot von Amazon.de seit \u200f : \u200e  9. Juni 2021 <br \/> Hersteller \u200f : \u200e  FILA <br \/> ASIN \u200f : \u200e  B096XVH8BC <br \/> Modellnummer \u200f : \u200e  FFW0117 <br \/> Kategorie \u200f : \u200e  Damen <\/p>\n<p>Innenmaterial: Synthetik<br \/>Sohle: Gummi<br \/>Verschluss: Schn\u00fcrung<br \/>Absatzform: Kein Absatz<br \/>Schuhweite: Medium<br \/>Nicht wasserfest<br \/>\n<br \/>[ad_2]<\/p>\n","protected":false},"excerpt":{"rendered":"<p>Price: [price_with_discount](as of [price_update_date] &#8211; Details) [ad_1] Aggressiv, dynamisch, schnell, leistungsstark &#8211; das ist die Aussage des Fila Novanine. Die co molded Au\u00dfensohle bietet Halt, einen tollen Rebound-Effekt und ein<\/p>\n","protected":false},"featured_media":9514,"comment_status":"open","ping_status":"closed","template":"","meta":[],"product_cat":[232],"product_tag":[],"class_list":{"0":"post-9513","1":"product","2":"type-product","3":"status-publish","4":"has-post-thumbnail","6":"product_cat-women-fashion","8":"first","9":"instock","10":"shipping-taxable","11":"product-type-external"},"aioseo_notices":[],"_links":{"self":[{"href":"https:\/\/topgetestet.de\/index.php?rest_route=\/wp\/v2\/product\/9513","targetHints":{"allow":["GET"]}}],"collection":[{"href":"https:\/\/topgetestet.de\/index.php?rest_route=\/wp\/v2\/product"}],"about":[{"href":"https:\/\/topgetestet.de\/index.php?rest_route=\/wp\/v2\/types\/product"}],"replies":[{"embeddable":true,"href":"https:\/\/topgetestet.de\/index.php?rest_route=%2Fwp%2Fv2%2Fcomments&post=9513"}],"wp:featuredmedia":[{"embeddable":true,"href":"https:\/\/topgetestet.de\/index.php?rest_route=\/wp\/v2\/media\/9514"}],"wp:attachment":[{"href":"https:\/\/topgetestet.de\/index.php?rest_route=%2Fwp%2Fv2%2Fmedia&parent=9513"}],"wp:term":[{"taxonomy":"product_cat","embeddable":true,"href":"https:\/\/topgetestet.de\/index.php?rest_route=%2Fwp%2Fv2%2Fproduct_cat&post=9513"},{"taxonomy":"product_tag","embeddable":true,"href":"https:\/\/topgetestet.de\/index.php?rest_route=%2Fwp%2Fv2%2Fproduct_tag&post=9513"}],"curies":[{"name":"wp","href":"https:\/\/api.w.org\/{rel}","templated":true}]}}