{"id":9434,"date":"2022-09-08T04:33:38","date_gmt":"2022-09-08T04:33:38","guid":{"rendered":"https:\/\/topgetestet.de\/?product=fossil-womens-logan-bifold"},"modified":"2022-09-08T04:33:38","modified_gmt":"2022-09-08T04:33:38","slug":"fossil-womens-logan-bifold","status":"publish","type":"product","link":"https:\/\/topgetestet.de\/?product=fossil-womens-logan-bifold","title":{"rendered":"Fossil Womens Logan Bifold"},"content":{"rendered":"<p>Price: <span style=\"color:#b12704\">[price_with_discount]<\/span><br \/><i><small>(as of [price_update_date] &#8211; <span class=\"wp_automatic_amazon_disclaimer\" title=\"Product prices and availability are accurate as of the date\/time indicated and are subject to change. Any price and availability information displayed on [relevant Amazon Site(s), as applicable] at the time of purchase will apply to the purchase of this product.\">Details<\/span>)<\/small><\/i><\/p>\n<p><a href=\"https:\/\/amazon.de\/dp\/B09DPPDSRF?tag=topgetestet09-21\"><img decoding=\"async\" src=\"https:\/\/i.imgur.com\/ISRHEWs.png\"><\/a><br \/>\n[ad_1]<\/p>\n<p>       Produktbeschreibung des Herstellers <\/p>\n<p>            <img decoding=\"async\" alt=\"Fossil\" src=\"https:\/\/images-na.ssl-images-amazon.com\/images\/G\/01\/x-locale\/common\/grey-pixel.gif\" class=\"a-lazy-loaded\" data-src=\"https:\/\/m.media-amazon.com\/images\/S\/aplus-media\/sota\/d3378aac-596a-4cda-887f-7d05432fa15d.__CR0,0,1464,600_PT0_SX1464_V1___.jpg\"><\/p>\n<p>             <img decoding=\"async\" alt=\"Fossil\" src=\"https:\/\/m.media-amazon.com\/images\/S\/aplus-media\/sota\/d3378aac-596a-4cda-887f-7d05432fa15d.__CR0,0,1464,600_PT0_SX1464_V1___.jpg\"><\/p>\n<p>            <img decoding=\"async\" alt=\"Fossil\" src=\"https:\/\/images-na.ssl-images-amazon.com\/images\/G\/01\/x-locale\/common\/grey-pixel.gif\" class=\"a-lazy-loaded\" data-src=\"https:\/\/m.media-amazon.com\/images\/S\/aplus-media\/sota\/7c735c9d-a462-4799-94db-a37c5f2e2f7b.__CR0,0,1464,600_PT0_SX1464_V1___.jpg\"><\/p>\n<p>             <img decoding=\"async\" alt=\"Fossil\" src=\"https:\/\/m.media-amazon.com\/images\/S\/aplus-media\/sota\/7c735c9d-a462-4799-94db-a37c5f2e2f7b.__CR0,0,1464,600_PT0_SX1464_V1___.jpg\"><\/p>\n<p>            <img decoding=\"async\" alt=\"Fossil\" src=\"https:\/\/images-na.ssl-images-amazon.com\/images\/G\/01\/x-locale\/common\/grey-pixel.gif\" class=\"a-lazy-loaded\" data-src=\"https:\/\/m.media-amazon.com\/images\/S\/aplus-media\/sota\/17169e18-47e5-405f-b31e-0eeb7d47961a.__CR0,0,1464,600_PT0_SX1464_V1___.jpg\"><\/p>\n<p>             <img decoding=\"async\" alt=\"Fossil\" src=\"https:\/\/m.media-amazon.com\/images\/S\/aplus-media\/sota\/17169e18-47e5-405f-b31e-0eeb7d47961a.__CR0,0,1464,600_PT0_SX1464_V1___.jpg\"><\/p>\n<p>             <img decoding=\"async\" alt=\"fossil\" src=\"https:\/\/images-na.ssl-images-amazon.com\/images\/G\/01\/x-locale\/common\/grey-pixel.gif\" class=\"a-lazy-loaded\" data-src=\"https:\/\/m.media-amazon.com\/images\/S\/aplus-media\/sota\/61937e79-5275-4833-9836-58606b0febe2.__CR0,0,650,350_PT0_SX650_V1___.png\"><\/p>\n<p>              <img decoding=\"async\" alt=\"fossil\" src=\"https:\/\/m.media-amazon.com\/images\/S\/aplus-media\/sota\/61937e79-5275-4833-9836-58606b0febe2.__CR0,0,650,350_PT0_SX650_V1___.png\"><\/p>\n<p>              FORM UND FUNKTION  <\/p>\n<p class=\"aplus-p3\"> Viele unserer Damentaschen bieten Rei\u00dfverschlussf\u00e4cher innen, Beschl\u00e4ge au\u00dfen, verstellbare Trageriemen, strapazierf\u00e4hige Henkel, weiches Leder und vieles mehr. <\/p>\n<p>             <img decoding=\"async\" alt=\"fossil\" src=\"https:\/\/images-na.ssl-images-amazon.com\/images\/G\/01\/x-locale\/common\/grey-pixel.gif\" class=\"a-lazy-loaded\" data-src=\"https:\/\/m.media-amazon.com\/images\/S\/aplus-media\/sota\/0b57bd9b-a1c1-42c7-89f4-36c633eadd6d.__CR0,0,650,350_PT0_SX650_V1___.png\"><\/p>\n<p>              <img decoding=\"async\" alt=\"fossil\" src=\"https:\/\/m.media-amazon.com\/images\/S\/aplus-media\/sota\/0b57bd9b-a1c1-42c7-89f4-36c633eadd6d.__CR0,0,650,350_PT0_SX650_V1___.png\"><\/p>\n<p>              DAS HAT BESTAND  <\/p>\n<p class=\"aplus-p3\"> Wir verwenden hochwertiges Leder, das den Anforderungen des Alltags standh\u00e4lt. <\/p>\n<p>             <img decoding=\"async\" alt=\"fossil\" src=\"https:\/\/images-na.ssl-images-amazon.com\/images\/G\/01\/x-locale\/common\/grey-pixel.gif\" class=\"a-lazy-loaded\" data-src=\"https:\/\/m.media-amazon.com\/images\/S\/aplus-media\/sota\/40cd41d6-1c3d-4d00-98c8-681dd05b64b9.__CR0,0,650,350_PT0_SX650_V1___.png\"><\/p>\n<p>              <img decoding=\"async\" alt=\"fossil\" src=\"https:\/\/m.media-amazon.com\/images\/S\/aplus-media\/sota\/40cd41d6-1c3d-4d00-98c8-681dd05b64b9.__CR0,0,650,350_PT0_SX650_V1___.png\"><\/p>\n<p>              NIMM Ihre WAHL  <\/p>\n<p class=\"aplus-p3\"> Geldb\u00f6rsen, die perfekt zu jeder Tasche passen <\/p>\n<p>             <img decoding=\"async\" alt=\"fossil\" src=\"https:\/\/images-na.ssl-images-amazon.com\/images\/G\/01\/x-locale\/common\/grey-pixel.gif\" class=\"a-lazy-loaded\" data-src=\"https:\/\/m.media-amazon.com\/images\/S\/aplus-media\/sota\/9f93f415-1ace-47c0-a286-379054e61b52.__CR0,0,650,350_PT0_SX650_V1___.png\"><\/p>\n<p>              <img decoding=\"async\" alt=\"fossil\" src=\"https:\/\/m.media-amazon.com\/images\/S\/aplus-media\/sota\/9f93f415-1ace-47c0-a286-379054e61b52.__CR0,0,650,350_PT0_SX650_V1___.png\"><\/p>\n<p>              MEHR ALS NUR EINEN FAVORITEN  <\/p>\n<p class=\"aplus-p3\"> Wir bieten Crossbodys, Umh\u00e4ngetaschen, Satchels, Wristlets und Rucks\u00e4cke in vielen verschiedenen Looks. Die passen in jeden Lifestyle. <\/p>\n<p>            <img decoding=\"async\" alt=\"Fossil\" src=\"https:\/\/images-na.ssl-images-amazon.com\/images\/G\/01\/x-locale\/common\/grey-pixel.gif\" class=\"a-lazy-loaded\" data-src=\"https:\/\/m.media-amazon.com\/images\/S\/aplus-media\/sota\/f4d87c3d-5bd6-4463-98b9-7e459d883158.__CR0,0,1464,600_PT0_SX1464_V1___.jpg\"><\/p>\n<p>             <img decoding=\"async\" alt=\"Fossil\" src=\"https:\/\/m.media-amazon.com\/images\/S\/aplus-media\/sota\/f4d87c3d-5bd6-4463-98b9-7e459d883158.__CR0,0,1464,600_PT0_SX1464_V1___.jpg\"><\/p>\n<p> Produktabmessungen \u200f : \u200e  8.5 x 10 x 2 cm; 70 Gramm <br \/> Im Angebot von Amazon.de seit \u200f : \u200e  11. Februar 2019 <br \/> Hersteller \u200f : \u200e  Fossil Group <br \/> ASIN \u200f : \u200e  B07NL543X7 <br \/> Modellnummer \u200f : \u200e  SL7829200 <br \/> Kategorie \u200f : \u200e  Womens <\/p>\n<p>[ad_2]<\/p>\n","protected":false},"excerpt":{"rendered":"<p>Price: [price_with_discount](as of [price_update_date] &#8211; Details) [ad_1] Produktbeschreibung des Herstellers FORM UND FUNKTION Viele unserer Damentaschen bieten Rei\u00dfverschlussf\u00e4cher innen, Beschl\u00e4ge au\u00dfen, verstellbare Trageriemen, strapazierf\u00e4hige Henkel, weiches Leder und vieles mehr.<\/p>\n","protected":false},"featured_media":9435,"comment_status":"open","ping_status":"closed","template":"","meta":[],"product_cat":[232],"product_tag":[],"class_list":{"0":"post-9434","1":"product","2":"type-product","3":"status-publish","4":"has-post-thumbnail","6":"product_cat-women-fashion","8":"first","9":"instock","10":"shipping-taxable","11":"product-type-external"},"aioseo_notices":[],"_links":{"self":[{"href":"https:\/\/topgetestet.de\/index.php?rest_route=\/wp\/v2\/product\/9434","targetHints":{"allow":["GET"]}}],"collection":[{"href":"https:\/\/topgetestet.de\/index.php?rest_route=\/wp\/v2\/product"}],"about":[{"href":"https:\/\/topgetestet.de\/index.php?rest_route=\/wp\/v2\/types\/product"}],"replies":[{"embeddable":true,"href":"https:\/\/topgetestet.de\/index.php?rest_route=%2Fwp%2Fv2%2Fcomments&post=9434"}],"wp:featuredmedia":[{"embeddable":true,"href":"https:\/\/topgetestet.de\/index.php?rest_route=\/wp\/v2\/media\/9435"}],"wp:attachment":[{"href":"https:\/\/topgetestet.de\/index.php?rest_route=%2Fwp%2Fv2%2Fmedia&parent=9434"}],"wp:term":[{"taxonomy":"product_cat","embeddable":true,"href":"https:\/\/topgetestet.de\/index.php?rest_route=%2Fwp%2Fv2%2Fproduct_cat&post=9434"},{"taxonomy":"product_tag","embeddable":true,"href":"https:\/\/topgetestet.de\/index.php?rest_route=%2Fwp%2Fv2%2Fproduct_tag&post=9434"}],"curies":[{"name":"wp","href":"https:\/\/api.w.org\/{rel}","templated":true}]}}