{"id":9354,"date":"2022-09-08T03:44:45","date_gmt":"2022-09-08T03:44:45","guid":{"rendered":"https:\/\/topgetestet.de\/?product=jansport-rucksack-superbreak"},"modified":"2022-09-08T03:44:45","modified_gmt":"2022-09-08T03:44:45","slug":"jansport-rucksack-superbreak","status":"publish","type":"product","link":"https:\/\/topgetestet.de\/?product=jansport-rucksack-superbreak","title":{"rendered":"JanSport Rucksack Superbreak"},"content":{"rendered":"<p>Price: <span style=\"color:#b12704\">[price_with_discount]<\/span><br \/><i><small>(as of [price_update_date] &#8211; <span class=\"wp_automatic_amazon_disclaimer\" title=\"Product prices and availability are accurate as of the date\/time indicated and are subject to change. Any price and availability information displayed on [relevant Amazon Site(s), as applicable] at the time of purchase will apply to the purchase of this product.\">Details<\/span>)<\/small><\/i><\/p>\n<p><a href=\"https:\/\/amazon.de\/dp\/B07119XMSR?tag=topgetestet09-21\"><img decoding=\"async\" src=\"https:\/\/i.imgur.com\/ISRHEWs.png\"><\/a><br \/>\n[ad_1]<br \/>\n <span>Haltbar und gut aussehend &#8211; das sind Rucks\u00e4cke und Taschen von JanSport. Bei 30 Jahren Garantie machen sie jedes Abenteuer mit, egal ob in der Schule, im Gro\u00dfstadtdschungel oder auf Reisen. Der leichte Daypack SUPERBREAK ist der ideale Begleiter f\u00fcr die Freizeit. Das Hauptfach bietet ausreichend Platz und Kleinkram l\u00e4sst sich ordentlich im Frontfach verstauen. Mit den coolen Prints wird er zum absoluten Hingucker.<\/span> <br \/>Dein Alltag, \u00fcberallhin Rucksack: JanSport Rucks\u00e4cke sind in der Schule aus einem Grund beliebt. Mit Farben und Stil, die Ihre Pers\u00f6nlichkeit widerspiegeln, Platz f\u00fcr B\u00fccher, Wasserflaschen, Laptops und Sportausr\u00fcstung, geht Ihre JanSport so schnell wie Sie tun.<br \/>Der Superbreak Rucksack: Der JanSport Superbreak ist der Look, der alles begann. Einer unserer meistverkauften Rucks\u00e4cke f\u00fcr Alltag, Reisen, Arbeit und Schule, mit klassischem JanSport-Look, Fronttasche mit Rei\u00dfverschluss und gepolsterten Schultergurten, erh\u00e4ltlich in \u00fcber 30 Farben.<br \/>Wir sind das Original: JanSport begann 1967 Rucks\u00e4cke zu machen. Von Lunchtaschen \u00fcber Fanny Packs bis zu Laptop-Taschen, JanSport Ausr\u00fcstung ist robust und funktional.<br \/>\n<br \/>[ad_2]<\/p>\n","protected":false},"excerpt":{"rendered":"<p>Price: [price_with_discount](as of [price_update_date] &#8211; Details) [ad_1] Haltbar und gut aussehend &#8211; das sind Rucks\u00e4cke und Taschen von JanSport. Bei 30 Jahren Garantie machen sie jedes Abenteuer mit, egal ob<\/p>\n","protected":false},"featured_media":9355,"comment_status":"open","ping_status":"closed","template":"","meta":[],"product_cat":[230],"product_tag":[260],"class_list":{"0":"post-9354","1":"product","2":"type-product","3":"status-publish","4":"has-post-thumbnail","6":"product_cat-fashion","7":"product_tag-clothing-shoes-jewelry","9":"first","10":"instock","11":"shipping-taxable","12":"product-type-external"},"aioseo_notices":[],"_links":{"self":[{"href":"https:\/\/topgetestet.de\/index.php?rest_route=\/wp\/v2\/product\/9354","targetHints":{"allow":["GET"]}}],"collection":[{"href":"https:\/\/topgetestet.de\/index.php?rest_route=\/wp\/v2\/product"}],"about":[{"href":"https:\/\/topgetestet.de\/index.php?rest_route=\/wp\/v2\/types\/product"}],"replies":[{"embeddable":true,"href":"https:\/\/topgetestet.de\/index.php?rest_route=%2Fwp%2Fv2%2Fcomments&post=9354"}],"wp:featuredmedia":[{"embeddable":true,"href":"https:\/\/topgetestet.de\/index.php?rest_route=\/wp\/v2\/media\/9355"}],"wp:attachment":[{"href":"https:\/\/topgetestet.de\/index.php?rest_route=%2Fwp%2Fv2%2Fmedia&parent=9354"}],"wp:term":[{"taxonomy":"product_cat","embeddable":true,"href":"https:\/\/topgetestet.de\/index.php?rest_route=%2Fwp%2Fv2%2Fproduct_cat&post=9354"},{"taxonomy":"product_tag","embeddable":true,"href":"https:\/\/topgetestet.de\/index.php?rest_route=%2Fwp%2Fv2%2Fproduct_tag&post=9354"}],"curies":[{"name":"wp","href":"https:\/\/api.w.org\/{rel}","templated":true}]}}