{"id":9076,"date":"2022-09-08T00:29:32","date_gmt":"2022-09-08T00:29:32","guid":{"rendered":"https:\/\/topgetestet.de\/?product=puma-herren-tazon-6-fm-laufschuhe"},"modified":"2022-09-08T00:29:32","modified_gmt":"2022-09-08T00:29:32","slug":"puma-herren-tazon-6-fm-laufschuhe","status":"publish","type":"product","link":"https:\/\/topgetestet.de\/?product=puma-herren-tazon-6-fm-laufschuhe","title":{"rendered":"PUMA Herren Tazon 6 Fm Laufschuhe"},"content":{"rendered":"<p>Price: <span style=\"color:#b12704\">[price_with_discount]<\/span><br \/><i><small>(as of [price_update_date] &#8211; <span class=\"wp_automatic_amazon_disclaimer\" title=\"Product prices and availability are accurate as of the date\/time indicated and are subject to change. Any price and availability information displayed on [relevant Amazon Site(s), as applicable] at the time of purchase will apply to the purchase of this product.\">Details<\/span>)<\/small><\/i><\/p>\n<p><a href=\"https:\/\/amazon.de\/dp\/B01H4CW0JK?tag=topgetestet09-21\"><img decoding=\"async\" src=\"https:\/\/i.imgur.com\/ISRHEWs.png\"><\/a><br \/>\n[ad_1]<br \/>\n <span>Der Tazon&nbsp;6 hebt sich durch sein schlankes, modernes Design ab. In seiner sechsten Edition pr\u00e4sentiert sich der neue PUMA&nbsp;Running-Sneaker gewohnt komfortabel und bietet optimale Stabilit\u00e4t beim Laufen. PASSFORM: Das Obermaterial verf\u00fcgt \u00fcber eine spezielle Mittelfu\u00dfverst\u00e4rkung f\u00fcr optimale Passform und Komfort. D\u00c4MPFUNG: Eine EVA-Fersenst\u00fctze bietet Polsterung und Sto\u00dfd\u00e4mpfung. KOMFORT: Eine SoftFoam-Einlegesohle sorgt f\u00fcr ein besonders weiches Gef\u00fchl beim Auftreten. Obermaterial aus perforiertem Synthetik. Mittelfu\u00dfverst\u00e4rkung. Gepolsterte Zwischensohle. TPU-Schaft f\u00fcr erh\u00f6hte Stabilit\u00e4t. Gummilaufsohle.<\/span> <br \/> Auslaufartikel (Produktion durch Hersteller eingestellt) \u200f : \u200e  Nein <br \/> Produktabmessungen \u200f : \u200e  25.5 x 10 x 19.5 cm; 500 Gramm <br \/> Im Angebot von Amazon.de seit \u200f : \u200e  15. Juni 2016 <br \/> Hersteller \u200f : \u200e  Puma <br \/> ASIN \u200f : \u200e  B01H4CW53Q <br \/> Modellnummer \u200f : \u200e  189873 <br \/> Kategorie \u200f : \u200e  Herren <\/p>\n<p>[ad_2]<\/p>\n","protected":false},"excerpt":{"rendered":"<p>Price: [price_with_discount](as of [price_update_date] &#8211; Details) [ad_1] Der Tazon&nbsp;6 hebt sich durch sein schlankes, modernes Design ab. In seiner sechsten Edition pr\u00e4sentiert sich der neue PUMA&nbsp;Running-Sneaker gewohnt komfortabel und bietet<\/p>\n","protected":false},"featured_media":9077,"comment_status":"open","ping_status":"closed","template":"","meta":[],"product_cat":[234],"product_tag":[235],"class_list":{"0":"post-9076","1":"product","2":"type-product","3":"status-publish","4":"has-post-thumbnail","6":"product_cat-shoes","7":"product_tag-mens-road-running-shoes","9":"first","10":"instock","11":"shipping-taxable","12":"product-type-external"},"aioseo_notices":[],"_links":{"self":[{"href":"https:\/\/topgetestet.de\/index.php?rest_route=\/wp\/v2\/product\/9076","targetHints":{"allow":["GET"]}}],"collection":[{"href":"https:\/\/topgetestet.de\/index.php?rest_route=\/wp\/v2\/product"}],"about":[{"href":"https:\/\/topgetestet.de\/index.php?rest_route=\/wp\/v2\/types\/product"}],"replies":[{"embeddable":true,"href":"https:\/\/topgetestet.de\/index.php?rest_route=%2Fwp%2Fv2%2Fcomments&post=9076"}],"wp:featuredmedia":[{"embeddable":true,"href":"https:\/\/topgetestet.de\/index.php?rest_route=\/wp\/v2\/media\/9077"}],"wp:attachment":[{"href":"https:\/\/topgetestet.de\/index.php?rest_route=%2Fwp%2Fv2%2Fmedia&parent=9076"}],"wp:term":[{"taxonomy":"product_cat","embeddable":true,"href":"https:\/\/topgetestet.de\/index.php?rest_route=%2Fwp%2Fv2%2Fproduct_cat&post=9076"},{"taxonomy":"product_tag","embeddable":true,"href":"https:\/\/topgetestet.de\/index.php?rest_route=%2Fwp%2Fv2%2Fproduct_tag&post=9076"}],"curies":[{"name":"wp","href":"https:\/\/api.w.org\/{rel}","templated":true}]}}