{"id":9068,"date":"2022-09-08T00:25:30","date_gmt":"2022-09-08T00:25:30","guid":{"rendered":"https:\/\/topgetestet.de\/?product=fitbit-luxe-tracker-fur-fitness-wohlbefinden"},"modified":"2022-09-08T00:25:30","modified_gmt":"2022-09-08T00:25:30","slug":"fitbit-luxe-tracker-fur-fitness-wohlbefinden","status":"publish","type":"product","link":"https:\/\/topgetestet.de\/?product=fitbit-luxe-tracker-fur-fitness-wohlbefinden","title":{"rendered":"Fitbit Luxe: Tracker f\u00fcr Fitness &#038; Wohlbefinden"},"content":{"rendered":"<p>Price: <span style=\"color:#b12704\">[price_with_discount]<\/span><br \/><i><small>(as of [price_update_date] &#8211; <span class=\"wp_automatic_amazon_disclaimer\" title=\"Product prices and availability are accurate as of the date\/time indicated and are subject to change. Any price and availability information displayed on [relevant Amazon Site(s), as applicable] at the time of purchase will apply to the purchase of this product.\">Details<\/span>)<\/small><\/i><\/p>\n<p><a href=\"https:\/\/amazon.de\/dp\/B08ZF7QDXJ?tag=topgetestet09-21\"><img decoding=\"async\" src=\"https:\/\/i.imgur.com\/ISRHEWs.png\"><\/a><br \/>\n[ad_1]<br \/>\n <span>Der elegante Tracker f\u00fcr Fitness &amp; Wohlbefinden: Die Fitbit Luxe begleitet dich Tag und Nacht auf deinem Weg zu besserer Gesundheit f\u00fcr K\u00f6rper und Geist. Mit Fitbit Premium erh\u00e4ltst du zus\u00e4tzliche individuelle Analysen und Anleitungen.<\/span><br \/>\n<br \/>[ad_2]<\/p>\n","protected":false},"excerpt":{"rendered":"<p>Price: [price_with_discount](as of [price_update_date] &#8211; Details) [ad_1] Der elegante Tracker f\u00fcr Fitness &amp; Wohlbefinden: Die Fitbit Luxe begleitet dich Tag und Nacht auf deinem Weg zu besserer Gesundheit f\u00fcr K\u00f6rper<\/p>\n","protected":false},"featured_media":9069,"comment_status":"open","ping_status":"closed","template":"","meta":[],"product_cat":[233],"product_tag":[275],"class_list":{"0":"post-9068","1":"product","2":"type-product","3":"status-publish","4":"has-post-thumbnail","6":"product_cat-fitness","7":"product_tag-activity-fitness-tracker","9":"first","10":"instock","11":"sale","12":"shipping-taxable","13":"product-type-external"},"aioseo_notices":[],"_links":{"self":[{"href":"https:\/\/topgetestet.de\/index.php?rest_route=\/wp\/v2\/product\/9068","targetHints":{"allow":["GET"]}}],"collection":[{"href":"https:\/\/topgetestet.de\/index.php?rest_route=\/wp\/v2\/product"}],"about":[{"href":"https:\/\/topgetestet.de\/index.php?rest_route=\/wp\/v2\/types\/product"}],"replies":[{"embeddable":true,"href":"https:\/\/topgetestet.de\/index.php?rest_route=%2Fwp%2Fv2%2Fcomments&post=9068"}],"wp:featuredmedia":[{"embeddable":true,"href":"https:\/\/topgetestet.de\/index.php?rest_route=\/wp\/v2\/media\/9069"}],"wp:attachment":[{"href":"https:\/\/topgetestet.de\/index.php?rest_route=%2Fwp%2Fv2%2Fmedia&parent=9068"}],"wp:term":[{"taxonomy":"product_cat","embeddable":true,"href":"https:\/\/topgetestet.de\/index.php?rest_route=%2Fwp%2Fv2%2Fproduct_cat&post=9068"},{"taxonomy":"product_tag","embeddable":true,"href":"https:\/\/topgetestet.de\/index.php?rest_route=%2Fwp%2Fv2%2Fproduct_tag&post=9068"}],"curies":[{"name":"wp","href":"https:\/\/api.w.org\/{rel}","templated":true}]}}