{"id":9035,"date":"2022-09-07T23:58:13","date_gmt":"2022-09-07T23:58:13","guid":{"rendered":"https:\/\/topgetestet.de\/?product=elden-ring-launch-edition-playstation-5"},"modified":"2022-09-07T23:58:13","modified_gmt":"2022-09-07T23:58:13","slug":"elden-ring-launch-edition-playstation-5","status":"publish","type":"product","link":"https:\/\/topgetestet.de\/?product=elden-ring-launch-edition-playstation-5","title":{"rendered":"ELDEN RING &#8211; Launch Edition [PlayStation 5]"},"content":{"rendered":"<p>Price: <span style=\"color:#b12704\">[price_with_discount]<\/span><br \/><i><small>(as of [price_update_date] &#8211; <span class=\"wp_automatic_amazon_disclaimer\" title=\"Product prices and availability are accurate as of the date\/time indicated and are subject to change. Any price and availability information displayed on [relevant Amazon Site(s), as applicable] at the time of purchase will apply to the purchase of this product.\">Details<\/span>)<\/small><\/i><\/p>\n<p><a href=\"https:\/\/amazon.de\/dp\/B0973HRKWG?tag=topgetestet09-21\"><img decoding=\"async\" src=\"https:\/\/i.imgur.com\/ISRHEWs.png\"><\/a><br \/>\n[ad_1]<br \/>\n <span>Die Goldene Ordnung wurde zerst\u00f6rt.<\/p>\n<p>Erhebt Euch, Befleckter, und lasst Euch von der Gnade leiten, um die Macht des Eldenrings zu befehligen und zum Eldenf\u00fcrsten im Zwischenland zu werden.<\/p>\n<p>Im Zwischenland, regiert von K\u00f6nigin Marika der Ewigen, ward der Eldenring gebrochen, die Quelle des Erdenbaums.<\/p>\n<p>Marikas Kinder, allesamt Halbg\u00f6tter, rissen die Fragmente des Eldenrings an sich, die fortan als Gro\u00dfe Runen bekannt waren. Die wahnsinnige Verderbtheit ihrer neuen Macht l\u00f6ste einen Krieg aus: die Zertr\u00fcmmerung. Ein Krieg, der die Losl\u00f6sung vom H\u00f6heren Willen bedeutete.<\/p>\n<p>Nun soll die f\u00fchrende Hand der Gnade den Befleckten zuteil werden, die von der Goldenen Gnade verschm\u00e4ht und aus dem Zwischenland verbannt wurden. Tot, und doch voller Leben, seid Ihr l\u00e4ngst fern der Gnade. Folgt dem Pfad ins Zwischenland hinter dem Nebelmeer und unterwerft Euch dem Eldenring.<\/p>\n<p>Werdet der neue Eldenf\u00fcrst.<\/p>\n<p>Eine neue Fantasywelt<br \/>\u2022 Reisen Sie durch das Zwischenland \u2013 eine neue Fantasywelt aus der Feder von Hidetaka Miyazaki, dem Sch\u00f6pfer der einflussreichen DARK SOULS-Videospielreihe, und George R. R. Martin, dem Autor der Fantasy-Bestsellerreihe \u201eA Song of Ice and Fire\u201c (Das Lied von Eis und Feuer). <br \/>\u2022 Enth\u00fcllen Sie die R\u00e4tsel der Macht des Eldenrings. Stellen Sie sich Gegnern mit detailverliebten Hintergrundgeschichten, Charakteren mit ganz eigener Motivation, Ihnen zu helfen oder Ihren Fortschritt aufzuhalten, und furchterregenden Kreaturen. <\/p>\n<p>Erkundung im Zwischenland<br \/>\u2022 ELDEN RING lockt mit gigantischen Fantasy-Landschaften und d\u00fcsteren, komplexen Dungeons, die nahtlos ineinander \u00fcbergehen.<br \/>\u2022 \u00dcberqueren Sie die atemberaubende Welt zu Fu\u00df oder hoch zu Ross, alleine oder mit anderen Spielern, und erleben Sie saftig gr\u00fcne Ebenen, erdr\u00fcckende S\u00fcmpfe, schwindelerregende Bergketten, dr\u00e4uende Schl\u00f6sser und weitere eindrucksvolle Kulissen, die es in dieser Gr\u00f6\u00dfenordnung und Opulenz noch nicht von FromSoftware zu sehen gab. <\/p>\n<p>Ein Meilenstein des Genre-Gameplays<br \/>\u2022 Erstellen Sie in FromSoftwares detailverliebtem Action-RPG Ihren eigenen Charakter und finden Sie Ihren idealen Spielstil, indem Sie mit einer Vielzahl an Waffen, magischen F\u00e4higkeiten und Fertigkeiten experimentieren, auf die Sie in der Welt sto\u00dfen.<br \/>\u2022 St\u00fcrmen Sie in den Kampf, erledigen Sie einen Gegner nach dem anderen aus dem Hinterhalt, oder rufen Sie Verb\u00fcndete zu Hilfe. Ihnen stehen unz\u00e4hlige Optionen zur Verf\u00fcgung, was Erkundung und Kampf angeht. <\/p>\n<p>Zus\u00e4tzlich zum Spiel in der Launch Edition enthalten: Art Cards, Sticker und Aufn\u00e4her<\/span> <br \/> Alterseinstufung \u200f : \u200e  USK ab 16 freigegeben <br \/> Sprache \u200f : \u200e  Deutsch <br \/> Produktabmessungen \u200f : \u200e  17.2 x 13.4 x 1.3 cm; 100 Gramm <br \/> Erscheinungstermin \u200f : \u200e  25. Februar 2022 <br \/> ASIN \u200f : \u200e  B0973HRKWG <br \/> Herstellerreferenz \u200f : \u200e  115398 <br \/> Herkunftsland \u200f : \u200e  Deutschland <\/p>\n<p>Poster<br \/>Art Cards, Sticker und Aufn\u00e4her<br \/>Reisen Sie durch das Zwischenland \u2013 eine neue Fantasywelt aus der Feder von Hidetaka Miyazaki, dem Sch\u00f6pfer der einflussreichen DARK SOULS-Videospielreihe, und George R. R. Martin, dem Autor der Fantasy-Bestsellerreihe \u201eA Song of Ice and Fire\u201c (Das Lied von Eis und Feuer)<br \/>ELDEN RING lockt mit gigantischen Fantasy-Landschaften und d\u00fcsteren, komplexen Dungeons, die nahtlos ineinander \u00fcbergehen<br \/>Ein kostenloses Upgrade auf die PlayStation 5-Version wird f\u00fcr Spieler verf\u00fcgbar sein, die ELDEN RING f\u00fcr die PlayStation 4 kaufen, und SmartDelivery wird auf der Xbox One und der Xbox Series X|S unterst\u00fctzt<br \/>\n<br \/>[ad_2]<\/p>\n","protected":false},"excerpt":{"rendered":"<p>Price: [price_with_discount](as of [price_update_date] &#8211; Details) [ad_1] Die Goldene Ordnung wurde zerst\u00f6rt. Erhebt Euch, Befleckter, und lasst Euch von der Gnade leiten, um die Macht des Eldenrings zu befehligen und<\/p>\n","protected":false},"featured_media":9036,"comment_status":"open","ping_status":"closed","template":"","meta":[],"product_cat":[227],"product_tag":[261],"class_list":{"0":"post-9035","1":"product","2":"type-product","3":"status-publish","4":"has-post-thumbnail","6":"product_cat-gaming","7":"product_tag-playstation-legacy-games","9":"first","10":"instock","11":"shipping-taxable","12":"product-type-external"},"aioseo_notices":[],"_links":{"self":[{"href":"https:\/\/topgetestet.de\/index.php?rest_route=\/wp\/v2\/product\/9035","targetHints":{"allow":["GET"]}}],"collection":[{"href":"https:\/\/topgetestet.de\/index.php?rest_route=\/wp\/v2\/product"}],"about":[{"href":"https:\/\/topgetestet.de\/index.php?rest_route=\/wp\/v2\/types\/product"}],"replies":[{"embeddable":true,"href":"https:\/\/topgetestet.de\/index.php?rest_route=%2Fwp%2Fv2%2Fcomments&post=9035"}],"wp:featuredmedia":[{"embeddable":true,"href":"https:\/\/topgetestet.de\/index.php?rest_route=\/wp\/v2\/media\/9036"}],"wp:attachment":[{"href":"https:\/\/topgetestet.de\/index.php?rest_route=%2Fwp%2Fv2%2Fmedia&parent=9035"}],"wp:term":[{"taxonomy":"product_cat","embeddable":true,"href":"https:\/\/topgetestet.de\/index.php?rest_route=%2Fwp%2Fv2%2Fproduct_cat&post=9035"},{"taxonomy":"product_tag","embeddable":true,"href":"https:\/\/topgetestet.de\/index.php?rest_route=%2Fwp%2Fv2%2Fproduct_tag&post=9035"}],"curies":[{"name":"wp","href":"https:\/\/api.w.org\/{rel}","templated":true}]}}