{"id":8971,"date":"2022-09-07T23:15:30","date_gmt":"2022-09-07T23:15:30","guid":{"rendered":"https:\/\/topgetestet.de\/?product=dualsense-wireless-controller-cosmic-red-playstation-5"},"modified":"2022-09-07T23:15:30","modified_gmt":"2022-09-07T23:15:30","slug":"dualsense-wireless-controller-cosmic-red-playstation-5","status":"publish","type":"product","link":"https:\/\/topgetestet.de\/?product=dualsense-wireless-controller-cosmic-red-playstation-5","title":{"rendered":"DualSense Wireless Controller Cosmic Red [PlayStation 5]"},"content":{"rendered":"<p>Price: <span style=\"color:#b12704\">[price_with_discount]<\/span><br \/><i><small>(as of [price_update_date] &#8211; <span class=\"wp_automatic_amazon_disclaimer\" title=\"Product prices and availability are accurate as of the date\/time indicated and are subject to change. Any price and availability information displayed on [relevant Amazon Site(s), as applicable] at the time of purchase will apply to the purchase of this product.\">Details<\/span>)<\/small><\/i><\/p>\n<p><a href=\"https:\/\/amazon.de\/dp\/B094WRT8PD?tag=topgetestet09-21\"><img decoding=\"async\" src=\"https:\/\/i.imgur.com\/ISRHEWs.png\"><\/a><br \/>\n[ad_1]<br \/>\n <span>Erwecke Gaming-Welten zum Leben &#8211; Finde deinen Stil, teile deine Leidenschaft &#8211; Mit einem Gaming-Kultgegenstand in deinen H\u00e4nden<\/p>\n<p>Lass deine Gamingn\u00e4chte auf der PS5 erstrahlen \u2013 mit dem DualSense Wireless-Controller \u2013 Cosmic Red. Als Teil einer neuen Reihe Galaxie-inspirierter Farben ist das edle Design abgeleitet von den Wundern des Weltalls am Nachthimmel, mit subtilen Schwarzschattierungen und hellgrauen Details.<\/p>\n<p>Sch\u00e4rfe deine Sinne<br \/>Entdecke ein noch intensiveres und fesselnderes Gaming-Erlebnis, mit dem die Action in deinen H\u00e4nden zum Leben erwacht. Der DualSense Wireless-Controller bietet immersives haptisches Feedback, dynamische adaptive Trigge2 und ein integriertes Mikrofon \u2013 und das alles in einem ikonischen, komfortablen Design.<\/p>\n<p>Haptisches Feedback<br \/>Dank der Doppelantriebe, die herk\u00f6mmliche Rumble-Motoren ersetzen, sp\u00fcrst du direkt haptisches Feedback deiner Aktionen im Spiel. In deinen H\u00e4nden simulieren diese dynamischen Vibrationen eine Vielzahl von Empfindungen, von Umgebungen bis hin zum R\u00fccksto\u00df verschiedener Waffen.<\/p>\n<p>Adaptive Trigger<br \/>Erlebe die verschiedenen Stufen von Kraft und Spannung, wenn du mit deiner Ausr\u00fcstung und Umgebung im Spiel interagierst. Vom Spannen einer zunehmend strafferen Bogensehne bis zum Bet\u00e4tigen der Bremsen eines rasenden Autos f\u00fchlst du dich so physisch mit deinen Aktionen auf dem Bildschirm verbunden.<\/p>\n<p>Integriertes Mikrofon und Headset-Anschluss<br \/>Chatte online mit Freunden, indem du direkt in das integrierte Mikrofon sprichst oder ein Headset an den 3,5-mm-Anschluss anschlie\u00dft. Aktiviere und deaktiviere die Spracherfassung ganz einfach und sofort mit einer eigenen Mute-Taste.<\/p>\n<p>Create-Taste<br \/>Zeichne deine besonders epischen Gaming-Momente auf und teile sie mit der Create-Taste. Die Create-Taste basiert auf dem Erfolg der bahnbrechenden SHARE-Taste und bietet Spielern neue M\u00f6glichkeiten, Gaming-Content zu erstellen und ihre Abenteuer live an die ganze Welt zu \u00fcbertragen.<\/p>\n<p>Bew\u00e4hrter Komfort<br \/>\u00dcbernimm die Kontrolle mit einem weiterentwickelten zweifarbigen Design, das ein ikonisches, intuitives Layout mit verbesserten Sticks und einer neu gestalteten Leuchtleiste kombiniert.<\/p>\n<p>Vertraute Funktionen<br \/>Der DualSense Wireless-Controller passt viele Funktionen des DUALSHOCK 4 f\u00fcr eine neue Spielegeneration an.<\/p>\n<p>Eingebauter Akku<br \/>Der Akku kann \u00fcber USB Typ-C aufgeladen werden.<\/p>\n<p>Integrierter Lautsprecher<br \/>Erlebe ausgew\u00e4hlte Spiele mit optimierten HiFi-Soundeffekten direkt aus deinem Controller in einer v\u00f6llig neuen Dimension.<\/p>\n<p>Bewegungssensor<br \/>Der integrierte Beschleunigungsmesser und das Gyroskop bieten intuitive Bewegungssteuerung bei unterst\u00fctzten Spielen.<\/p>\n<p>Im Lieferumfang enthalten:<br \/>DualSense Wireless-Controller Midnight Black<br \/>Bedienungsanleitung<br \/><\/span> <br \/> Batterien \u200f : \u200e  2 Lithium-Ionen Batterien erforderlich (enthalten). <br \/> Alterseinstufung \u200f : \u200e  Nicht gepr\u00fcft <br \/> Sprache \u200f : \u200e  Englisch <br \/> Produktabmessungen \u200f : \u200e  19.9 x 7 x 19 cm; 280 Gramm <br \/> Erscheinungstermin \u200f : \u200e  18. Juni 2021 <br \/> ASIN \u200f : \u200e  B094WRT8PD <br \/> Modellnummer \u200f : \u200e  198264 <br \/> Herkunftsland \u200f : \u200e  Deutschland <\/p>\n<p>Der DualSense Wireless-Controller bietet immersives haptisches Feedback, dynamische adaptive Trigger\u00a0und ein integriertes Mikrofon \u2013 und das alles in einem ikonischen,\u00a0komfortablen Design<br \/>Erlebe die verschiedenen Stufen von Kraft und Spannung, wenn du mit deiner Ausr\u00fcstung und Umgebung im Spiel interagierst<br \/>Chatte online mit Freunden, indem du direkt in das integrierte Mikrofon sprichst oder ein Headset an den 3,5-mm-Anschluss anschlie\u00dft<br \/>\u00dcbernimm die Kontrolle mit einem weiterentwickelten zweifarbigen Design, das ein ikonisches, intuitives Layout mit verbesserten Sticks und einer neu gestalteten Leuchtleiste kombiniert<br \/>Der Akku kann \u00fcber USB Typ-C aufgeladen werden<br \/>\n<br \/>[ad_2]<\/p>\n","protected":false},"excerpt":{"rendered":"<p>Price: [price_with_discount](as of [price_update_date] &#8211; Details) [ad_1] Erwecke Gaming-Welten zum Leben &#8211; Finde deinen Stil, teile deine Leidenschaft &#8211; Mit einem Gaming-Kultgegenstand in deinen H\u00e4nden Lass deine Gamingn\u00e4chte auf der<\/p>\n","protected":false},"featured_media":8972,"comment_status":"open","ping_status":"closed","template":"","meta":[],"product_cat":[225],"product_tag":[],"class_list":{"0":"post-8971","1":"product","2":"type-product","3":"status-publish","4":"has-post-thumbnail","6":"product_cat-electronics","8":"first","9":"instock","10":"sale","11":"shipping-taxable","12":"product-type-external"},"aioseo_notices":[],"_links":{"self":[{"href":"https:\/\/topgetestet.de\/index.php?rest_route=\/wp\/v2\/product\/8971","targetHints":{"allow":["GET"]}}],"collection":[{"href":"https:\/\/topgetestet.de\/index.php?rest_route=\/wp\/v2\/product"}],"about":[{"href":"https:\/\/topgetestet.de\/index.php?rest_route=\/wp\/v2\/types\/product"}],"replies":[{"embeddable":true,"href":"https:\/\/topgetestet.de\/index.php?rest_route=%2Fwp%2Fv2%2Fcomments&post=8971"}],"wp:featuredmedia":[{"embeddable":true,"href":"https:\/\/topgetestet.de\/index.php?rest_route=\/wp\/v2\/media\/8972"}],"wp:attachment":[{"href":"https:\/\/topgetestet.de\/index.php?rest_route=%2Fwp%2Fv2%2Fmedia&parent=8971"}],"wp:term":[{"taxonomy":"product_cat","embeddable":true,"href":"https:\/\/topgetestet.de\/index.php?rest_route=%2Fwp%2Fv2%2Fproduct_cat&post=8971"},{"taxonomy":"product_tag","embeddable":true,"href":"https:\/\/topgetestet.de\/index.php?rest_route=%2Fwp%2Fv2%2Fproduct_tag&post=8971"}],"curies":[{"name":"wp","href":"https:\/\/api.w.org\/{rel}","templated":true}]}}