{"id":8883,"date":"2022-09-07T22:26:28","date_gmt":"2022-09-07T22:26:28","guid":{"rendered":"https:\/\/topgetestet.de\/?product=fifa-23-standard-edition-ps4-deutsch"},"modified":"2022-09-07T22:26:28","modified_gmt":"2022-09-07T22:26:28","slug":"fifa-23-standard-edition-ps4-deutsch","status":"publish","type":"product","link":"https:\/\/topgetestet.de\/?product=fifa-23-standard-edition-ps4-deutsch","title":{"rendered":"FIFA 23 Standard Edition PS4 | Deutsch"},"content":{"rendered":"<p>Price: <span style=\"color:#b12704\">[price_with_discount]<\/span><br \/><i><small>(as of [price_update_date] &#8211; <span class=\"wp_automatic_amazon_disclaimer\" title=\"Product prices and availability are accurate as of the date\/time indicated and are subject to change. Any price and availability information displayed on [relevant Amazon Site(s), as applicable] at the time of purchase will apply to the purchase of this product.\">Details<\/span>)<\/small><\/i><\/p>\n<p><a href=\"https:\/\/amazon.de\/dp\/B0B6CF2LW9?tag=topgetestet09-21\"><img decoding=\"async\" src=\"https:\/\/i.imgur.com\/ISRHEWs.png\"><\/a><br \/>\n[ad_1]<br \/>\n <span>EA SPORTS\u2122 FIFA 23 pr\u00e4sentiert den Fu\u00dfball so realistisch und so intensiv wie nie zuvor. Spiele die gr\u00f6\u00dften Turniere der Fu\u00dfballwelt. Erlebe im weiteren Verlauf der Saison den FIFA World Cup\u2122 der M\u00e4nner und der Frauen in FIFA 23, spiele erstmals mit Frauen-Vereinsmannschaften und freue dich auf Cross-Play-Features, die das Spiel mit Freundinnen und Freunden noch st\u00e4rker erleichtern. In FIFA Ultimate Team\u2122 erwartet dich mit den FUT Moments eine neue Variante f\u00fcr das Gameplay und den Aufbau deines Wunschteams und ein \u00fcberarbeitetes Chemie-System. Und im Karrieremodus kannst du deine Fu\u00dfballtr\u00e4ume ausleben, deine Pers\u00f6nlichkeit als Spieler definieren und in die Rolle einiger der ber\u00fchmtesten Fu\u00dfballtrainer der Welt schl\u00fcpfen. In VOLTA FOOTBALL und Pro Clubs kannst du mit neuen Anpassungsoptionen und optimiertem Stra\u00dfen- und Stadion-Gameplay noch mehr Pers\u00f6nlichkeit auf den Rasen bringen. Egal wie du spielst, genie\u00dfe absolute Authentizit\u00e4t in FIFA 23 und erlebe The World&#8217;s Game mit \u00fcber 19.000 Spielern, 700+ Teams, 100+ Stadien und mehr als 30 Ligen, darunter die UEFA Champions League, die Premier League, die neue Barclays FA Women&#8217;s Super League und die franz\u00f6sische D1 Arkema.<\/span> <br \/> Alterseinstufung \u200f : \u200e  Einstufung ausstehend <br \/> Sprache \u200f : \u200e  Deutsch <br \/> Produktabmessungen \u200f : \u200e  17.1 x 13.6 x 1.3 cm; 90 Gramm <br \/> Erscheinungstermin \u200f : \u200e  30. September 2022 <br \/> ASIN \u200f : \u200e  B0B6CF2LW9 <br \/> Herkunftsland \u200f : \u200e  Deutschland <\/p>\n<p>KYLIAN MBAPP\u00c9-LEIH-ITEM: F\u00fcr 5 FUT-Partien<br \/>FUT AMBASSADOR-LEIHSPIELERWAHL: W\u00e4hle Davies, Son oder Vinicius Jr. f\u00fcr 3 FUT-Partien<br \/>KARRIEREMODUS-TALENT AUS DER EIGENEN JUGEND: Nachwuchsspieler aus der eigenen Jugend mit Weltklasse-Potenzial<br \/>\n<br \/>[ad_2]<\/p>\n","protected":false},"excerpt":{"rendered":"<p>Price: [price_with_discount](as of [price_update_date] &#8211; Details) [ad_1] EA SPORTS\u2122 FIFA 23 pr\u00e4sentiert den Fu\u00dfball so realistisch und so intensiv wie nie zuvor. Spiele die gr\u00f6\u00dften Turniere der Fu\u00dfballwelt. Erlebe im<\/p>\n","protected":false},"featured_media":8884,"comment_status":"open","ping_status":"closed","template":"","meta":[],"product_cat":[227],"product_tag":[255],"class_list":{"0":"post-8883","1":"product","2":"type-product","3":"status-publish","4":"has-post-thumbnail","6":"product_cat-gaming","7":"product_tag-amazon-games","9":"first","10":"instock","11":"shipping-taxable","12":"product-type-external"},"aioseo_notices":[],"_links":{"self":[{"href":"https:\/\/topgetestet.de\/index.php?rest_route=\/wp\/v2\/product\/8883","targetHints":{"allow":["GET"]}}],"collection":[{"href":"https:\/\/topgetestet.de\/index.php?rest_route=\/wp\/v2\/product"}],"about":[{"href":"https:\/\/topgetestet.de\/index.php?rest_route=\/wp\/v2\/types\/product"}],"replies":[{"embeddable":true,"href":"https:\/\/topgetestet.de\/index.php?rest_route=%2Fwp%2Fv2%2Fcomments&post=8883"}],"wp:featuredmedia":[{"embeddable":true,"href":"https:\/\/topgetestet.de\/index.php?rest_route=\/wp\/v2\/media\/8884"}],"wp:attachment":[{"href":"https:\/\/topgetestet.de\/index.php?rest_route=%2Fwp%2Fv2%2Fmedia&parent=8883"}],"wp:term":[{"taxonomy":"product_cat","embeddable":true,"href":"https:\/\/topgetestet.de\/index.php?rest_route=%2Fwp%2Fv2%2Fproduct_cat&post=8883"},{"taxonomy":"product_tag","embeddable":true,"href":"https:\/\/topgetestet.de\/index.php?rest_route=%2Fwp%2Fv2%2Fproduct_tag&post=8883"}],"curies":[{"name":"wp","href":"https:\/\/api.w.org\/{rel}","templated":true}]}}