{"id":8598,"date":"2022-09-07T19:32:32","date_gmt":"2022-09-07T19:32:32","guid":{"rendered":"https:\/\/topgetestet.de\/?product=liebeskind-berlin"},"modified":"2022-09-07T19:32:32","modified_gmt":"2022-09-07T19:32:32","slug":"liebeskind-berlin","status":"publish","type":"product","link":"https:\/\/topgetestet.de\/?product=liebeskind-berlin","title":{"rendered":"LIEBESKIND BERLIN"},"content":{"rendered":"<p>Price: <span style=\"color:#b12704\">[price_with_discount]<\/span><br \/><i><small>(as of [price_update_date] &#8211; <span class=\"wp_automatic_amazon_disclaimer\" title=\"Product prices and availability are accurate as of the date\/time indicated and are subject to change. Any price and availability information displayed on [relevant Amazon Site(s), as applicable] at the time of purchase will apply to the purchase of this product.\">Details<\/span>)<\/small><\/i><\/p>\n<p><a href=\"https:\/\/amazon.de\/dp\/B01M329DG0?tag=topgetestet09-21\"><img decoding=\"async\" src=\"https:\/\/i.imgur.com\/ISRHEWs.png\"><\/a><br \/>\n[ad_1]<\/p>\n<p>       Produktbeschreibung des Herstellers <\/p>\n<p>          <img decoding=\"async\" alt=\"LK_SS_22_Banner\" src=\"https:\/\/images-na.ssl-images-amazon.com\/images\/G\/01\/x-locale\/common\/grey-pixel.gif\" class=\"a-spacing-base a-lazy-loaded\" data-src=\"https:\/\/m.media-amazon.com\/images\/S\/aplus-media-library-service-media\/4d7a6979-33e2-45af-a545-9c09350ad809.__CR0,0,970,600_PT0_SX970_V1___.jpg\"><\/p>\n<p>           <img decoding=\"async\" alt=\"LK_SS_22_Banner\" src=\"https:\/\/m.media-amazon.com\/images\/S\/aplus-media-library-service-media\/4d7a6979-33e2-45af-a545-9c09350ad809.__CR0,0,970,600_PT0_SX970_V1___.jpg\"><\/p>\n<h3 class=\"a-spacing-mini\"> Entdecke jetzt &#8211; LIEBESKIND BERLIN! <\/h3>\n<p class=\"a-spacing-base\"> Inspiriert von der Leichtigkeit, Individualit\u00e4t und den endlosen M\u00f6glichkeiten einer Stadt wie Berlin folgt die LIEBESKIND Time &amp; Jewel Kollektion einer klaren Formensprache. Filigrane Linien und ein zeitloses Design zeichnen jedes Schmuckst\u00fcck aus. <\/p>\n<p class=\"a-spacing-base\"> Die Geschichte von LIEBESKIND BERLIN begann im Jahr 2003 mit der Vision einer Marke, die sein sollte wie die Stadt, aus der sie kommt: l\u00e4ssig, authentisch, unkonventionell. Eine Lederhandtasche markierte den Startpunkt und trug das Lebensgefu\u0308hl in die Welt hinaus. Seit dem Jahr 2015 erweitert eine Uhren- und Schmuckkollektion das Portfolio. Im Fokus bleibt dabei immer die Qualit\u00e4t: Jeder Entwurf wird aus besten Materialien sorgsam und hochwertig verarbeitet. Nur der Look \u00e4ndert sich: er ist stets am Puls der Zeit \u2013 genau wie Berlin selbst. <\/p>\n<p>              <img decoding=\"async\" alt=\"LIEBESKIND BERLIN_Watches_SS22\" src=\"https:\/\/images-na.ssl-images-amazon.com\/images\/G\/01\/x-locale\/common\/grey-pixel.gif\" class=\"a-lazy-loaded\" data-src=\"https:\/\/m.media-amazon.com\/images\/S\/aplus-media-library-service-media\/d916b4f7-b72d-4ecc-b0b0-784c73760cce.__CR0,0,600,600_PT0_SX300_V1___.jpg\"><\/p>\n<p>               <img decoding=\"async\" alt=\"LIEBESKIND BERLIN_Watches_SS22\" src=\"https:\/\/m.media-amazon.com\/images\/S\/aplus-media-library-service-media\/d916b4f7-b72d-4ecc-b0b0-784c73760cce.__CR0,0,600,600_PT0_SX300_V1___.jpg\"><\/p>\n<h3 class=\"a-spacing-mini\"> TIME <\/h3>\n<p> Mach, was Du willst, wann Du willst \u2013 das ist Berlin. Entdecke die minimalistischen Damenuhren von LIEBESKIND BERLIN, damit Du immer on time bist. Supermoderne und flache Uhren stylst du durch deinen Layeringlook mit den LIEBESKIND BERLIN Armb\u00e4ndern zum individuellen Highlight. <\/p>\n<p>              <img decoding=\"async\" alt=\"LIEBESKIND BERLIN_SS22_Jewel\" src=\"https:\/\/images-na.ssl-images-amazon.com\/images\/G\/01\/x-locale\/common\/grey-pixel.gif\" class=\"a-spacing-mini a-lazy-loaded\" data-src=\"https:\/\/m.media-amazon.com\/images\/S\/aplus-media-library-service-media\/86f65af8-fb9d-484f-985d-2313daf014cc.__CR0,0,600,600_PT0_SX300_V1___.jpg\"><\/p>\n<p>               <img decoding=\"async\" alt=\"LIEBESKIND BERLIN_SS22_Jewel\" src=\"https:\/\/m.media-amazon.com\/images\/S\/aplus-media-library-service-media\/86f65af8-fb9d-484f-985d-2313daf014cc.__CR0,0,600,600_PT0_SX300_V1___.jpg\"><\/p>\n<h3 class=\"a-spacing-mini\"> JEWEL <\/h3>\n<p> Edle Ohrstecker, goldfarbene Armreifen mit Glamourfaktor oder feingliedrige Halsketten: Entdecke die vielen Seiten unseres urbanen Schmucks. Kombiniere Halsketten, Ohrringe und Armb\u00e4nder wie sie dir am Besten zu deinem Outfit gefallen. \u00c4ndere deinen Style so unabh\u00e4ngig, wie es nur Berlin kann. <\/p>\n<p> <img decoding=\"async\" alt=\"Retro Watch + Jewel\" src=\"https:\/\/images-na.ssl-images-amazon.com\/images\/G\/01\/x-locale\/common\/grey-pixel.gif\" class=\"a-spacing-mini a-lazy-loaded\" data-src=\"https:\/\/m.media-amazon.com\/images\/S\/aplus-media-library-service-media\/e6ea5c43-7f2c-40d6-b1ec-1d391097b644.__CR0,0,600,600_PT0_SX300_V1___.jpg\">\n                   <\/p>\n<p>                    <img decoding=\"async\" alt=\"Retro Watch + Jewel\" src=\"https:\/\/m.media-amazon.com\/images\/S\/aplus-media-library-service-media\/e6ea5c43-7f2c-40d6-b1ec-1d391097b644.__CR0,0,600,600_PT0_SX300_V1___.jpg\"><\/p>\n<p> <img decoding=\"async\" alt=\"Watches + Jewel SS22\" src=\"https:\/\/images-na.ssl-images-amazon.com\/images\/G\/01\/x-locale\/common\/grey-pixel.gif\" class=\"a-spacing-mini a-lazy-loaded\" data-src=\"https:\/\/m.media-amazon.com\/images\/S\/aplus-media-library-service-media\/f1435b2e-3220-45bb-a50f-93134afc694e.__CR0,0,600,600_PT0_SX300_V1___.jpg\">\n                   <\/p>\n<p>                    <img decoding=\"async\" alt=\"Watches + Jewel SS22\" src=\"https:\/\/m.media-amazon.com\/images\/S\/aplus-media-library-service-media\/f1435b2e-3220-45bb-a50f-93134afc694e.__CR0,0,600,600_PT0_SX300_V1___.jpg\"><\/p>\n<p> <img decoding=\"async\" alt=\"Necklaces SS22\" src=\"https:\/\/images-na.ssl-images-amazon.com\/images\/G\/01\/x-locale\/common\/grey-pixel.gif\" class=\"a-spacing-mini a-lazy-loaded\" data-src=\"https:\/\/m.media-amazon.com\/images\/S\/aplus-media-library-service-media\/64bb2a6d-e85a-459b-859b-8c6366c59a55.__CR0,0,600,600_PT0_SX300_V1___.jpg\">\n                   <\/p>\n<p>                    <img decoding=\"async\" alt=\"Necklaces SS22\" src=\"https:\/\/m.media-amazon.com\/images\/S\/aplus-media-library-service-media\/64bb2a6d-e85a-459b-859b-8c6366c59a55.__CR0,0,600,600_PT0_SX300_V1___.jpg\"><\/p>\n<p>                   Material  <\/p>\n<p> LIEBESKIND BERLIN JEWEL St\u00fccke werden aus hochwertigem Edelstahl gefertigt. Unsere LIEBESKIND BERLIN TIME Geh\u00e4use werden ebenfalls aus Edelstahl gefertigt. F\u00fcr unsere B\u00e4nder benutzen wir entweder von Hand veredeltes Leder oder ebenfalls Edelstahl. <\/p>\n<p>                   Qualit\u00e4t  <\/p>\n<p> LIEBESKIND BERLIN hat einen hohen Anspruch an Qualit\u00e4t, welcher sich auch in den Produkten widerspiegelt. <\/p>\n<p>                   Design  <\/p>\n<p> Unterstreiche dein Outfit mit den einzigartigen Designs von LIEBESKIND BERLIN. Unsere verschiedenen Designs lassen sich toll kombinieren, erf\u00fcllen aber auch als moderne Basics alle Voraussetzungen, um deine Lieblingsst\u00fccke zu werden. <\/p>\n<p> Produktabmessungen \u200f : \u200e  17 x 17 x 0.6 cm; 10 Gramm <br \/> Im Angebot von Amazon.de seit \u200f : \u200e  25. Mai 2018 <br \/> Hersteller \u200f : \u200e  Liebeskind <br \/> ASIN \u200f : \u200e  B09VHNKN2R <\/p>\n<p>[ad_2]<\/p>\n","protected":false},"excerpt":{"rendered":"<p>Price: [price_with_discount](as of [price_update_date] &#8211; Details) [ad_1] Produktbeschreibung des Herstellers Entdecke jetzt &#8211; LIEBESKIND BERLIN! Inspiriert von der Leichtigkeit, Individualit\u00e4t und den endlosen M\u00f6glichkeiten einer Stadt wie Berlin folgt die<\/p>\n","protected":false},"featured_media":8599,"comment_status":"open","ping_status":"closed","template":"","meta":[],"product_cat":[230],"product_tag":[260],"class_list":{"0":"post-8598","1":"product","2":"type-product","3":"status-publish","4":"has-post-thumbnail","6":"product_cat-fashion","7":"product_tag-clothing-shoes-jewelry","9":"first","10":"instock","11":"sale","12":"shipping-taxable","13":"product-type-external"},"aioseo_notices":[],"_links":{"self":[{"href":"https:\/\/topgetestet.de\/index.php?rest_route=\/wp\/v2\/product\/8598","targetHints":{"allow":["GET"]}}],"collection":[{"href":"https:\/\/topgetestet.de\/index.php?rest_route=\/wp\/v2\/product"}],"about":[{"href":"https:\/\/topgetestet.de\/index.php?rest_route=\/wp\/v2\/types\/product"}],"replies":[{"embeddable":true,"href":"https:\/\/topgetestet.de\/index.php?rest_route=%2Fwp%2Fv2%2Fcomments&post=8598"}],"wp:featuredmedia":[{"embeddable":true,"href":"https:\/\/topgetestet.de\/index.php?rest_route=\/wp\/v2\/media\/8599"}],"wp:attachment":[{"href":"https:\/\/topgetestet.de\/index.php?rest_route=%2Fwp%2Fv2%2Fmedia&parent=8598"}],"wp:term":[{"taxonomy":"product_cat","embeddable":true,"href":"https:\/\/topgetestet.de\/index.php?rest_route=%2Fwp%2Fv2%2Fproduct_cat&post=8598"},{"taxonomy":"product_tag","embeddable":true,"href":"https:\/\/topgetestet.de\/index.php?rest_route=%2Fwp%2Fv2%2Fproduct_tag&post=8598"}],"curies":[{"name":"wp","href":"https:\/\/api.w.org\/{rel}","templated":true}]}}