{"id":84334,"date":"2022-11-22T09:30:33","date_gmt":"2022-11-22T09:30:33","guid":{"rendered":"https:\/\/topgetestet.de\/?product=luwint-horizontale-olympische-langhantel-wandhalterung-1-paar"},"modified":"2022-11-22T09:30:33","modified_gmt":"2022-11-22T09:30:33","slug":"luwint-horizontale-olympische-langhantel-wandhalterung-1-paar","status":"publish","type":"product","link":"https:\/\/topgetestet.de\/?product=luwint-horizontale-olympische-langhantel-wandhalterung-1-paar","title":{"rendered":"Luwint Horizontale olympische Langhantel-Wandhalterung, 1 Paar"},"content":{"rendered":"<p>Price: <span style=\"color:#b12704\">[price_with_discount]<\/span><br \/><i><small>(as of [price_update_date] &#8211; <span class=\"wp_automatic_amazon_disclaimer\" title=\"Product prices and availability are accurate as of the date\/time indicated and are subject to change. Any price and availability information displayed on [relevant Amazon Site(s), as applicable] at the time of purchase will apply to the purchase of this product.\">Details<\/span>)<\/small><\/i><\/p>\n<p><a href=\"https:\/\/amazon.de\/dp\/B08H8JCBCB?tag=topgetestet09-21\"><img decoding=\"async\" src=\"https:\/\/i.imgur.com\/ISRHEWs.png\"><\/a><br \/>\n[ad_1]<br \/>\n <span>Luwint olympische Langhantelablage zur Wandmontage, h\u00e4lt 3 Stangen horizontal, 2 St\u00fcck <\/p>\n<p>Platzsparendes Design. <br \/>Schaffen Sie etwas Platz in Ihrem Fitnessbereich, um Ihre komplette Sammlung zu organisieren, sodass Sie das Gestell in jedem Teil Ihres Fitnessstudios platzieren k\u00f6nnen, um einfachen Zugang zu Ihren freien Gewichten zu erm\u00f6glichen. <\/p>\n<p>Einfach anzubringen. <br \/>Die Installation dauert nur f\u00fcnf Minuten. Hardware ist im Lieferumfang enthalten f\u00fcr eine schnelle und m\u00fchelose Installation. Kann auf Holzbolzen oder Mauerwerk installiert werden. <\/p>\n<p>Tipps <br \/>1. Wenn Sie Standard-Stangen haben, stellen Sie sicher, dass Sie den Griff messen (ohne Gewinde). Stellen Sie genau den richtigen Abstand f\u00fcr die Griffe ein, w\u00e4hrend Sie Ihre olympischen Barwaren unterst\u00fctzen. <br \/>2. Platzieren Sie diese auf einer H\u00f6he, die f\u00fcr Sie bequem ist, gehen Sie nicht zu hoch. <br \/>3. Scharfe Ecken, achten Sie auf sich selbst und Ihre Lieben oder Kinder, um St\u00f6\u00dfe bei der Lagerung der Langhantel zu verhindern.<\/span> <br \/>Sichere Hantelablage: Die Haken sind hoch, sodass die Langhanteln sicher im Gestell liegen k\u00f6nnen, sogar wenn sie gesto\u00dfen oder geschlagen werden, h\u00e4lt Hantelstangen stabiler<br \/>Olympische und Standard-Baraufbewahrung f\u00fcr Fitnessstudios: Genau das, was Sie brauchen, um das Heim-Fitnessstudio zu vervollst\u00e4ndigen und die Stangen auf das Gestell zu bringen, wenn sie nicht verwendet werden. Ideal, um Ihren Platz im Fitnessstudio zu organisieren und Dinge vom Boden zu entfernen<br \/>Das einfache Metall-Langhantelregal ist schwarz lackiert, ohne Kunststoffschutz; die Kanten sind ein wenig scharf, aber einfach zu montieren und solide. Verhindert, dass der K\u00f6rper (Ihr oder Kinder) auf ihn schlagt. Praktisches Trainingsger\u00e4t und Trainingszubeh\u00f6r<br \/>Die 3 Stangen eignen sich f\u00fcr das Fitness-Studio zu Hause, Keller; kompatibel mit Gewichtheberstangen, Olympiastangen, Standard-Stangen, CF-Stangen, Kreuzheben, Multi-Grip-Stangen, Trap-Stangen und anderen Workout-Hantelstangen<br \/>\n<br \/>[ad_2]<\/p>\n","protected":false},"excerpt":{"rendered":"<p>Price: [price_with_discount](as of [price_update_date] &#8211; Details) [ad_1] Luwint olympische Langhantelablage zur Wandmontage, h\u00e4lt 3 Stangen horizontal, 2 St\u00fcck Platzsparendes Design. Schaffen Sie etwas Platz in Ihrem Fitnessbereich, um Ihre komplette<\/p>\n","protected":false},"featured_media":84335,"comment_status":"open","ping_status":"closed","template":"","meta":[],"product_cat":[233],"product_tag":[273],"class_list":{"0":"post-84334","1":"product","2":"type-product","3":"status-publish","4":"has-post-thumbnail","6":"product_cat-fitness","7":"product_tag-exercise-fitness-accessories","9":"first","10":"instock","11":"shipping-taxable","12":"product-type-external"},"aioseo_notices":[],"_links":{"self":[{"href":"https:\/\/topgetestet.de\/index.php?rest_route=\/wp\/v2\/product\/84334","targetHints":{"allow":["GET"]}}],"collection":[{"href":"https:\/\/topgetestet.de\/index.php?rest_route=\/wp\/v2\/product"}],"about":[{"href":"https:\/\/topgetestet.de\/index.php?rest_route=\/wp\/v2\/types\/product"}],"replies":[{"embeddable":true,"href":"https:\/\/topgetestet.de\/index.php?rest_route=%2Fwp%2Fv2%2Fcomments&post=84334"}],"wp:featuredmedia":[{"embeddable":true,"href":"https:\/\/topgetestet.de\/index.php?rest_route=\/wp\/v2\/media\/84335"}],"wp:attachment":[{"href":"https:\/\/topgetestet.de\/index.php?rest_route=%2Fwp%2Fv2%2Fmedia&parent=84334"}],"wp:term":[{"taxonomy":"product_cat","embeddable":true,"href":"https:\/\/topgetestet.de\/index.php?rest_route=%2Fwp%2Fv2%2Fproduct_cat&post=84334"},{"taxonomy":"product_tag","embeddable":true,"href":"https:\/\/topgetestet.de\/index.php?rest_route=%2Fwp%2Fv2%2Fproduct_tag&post=84334"}],"curies":[{"name":"wp","href":"https:\/\/api.w.org\/{rel}","templated":true}]}}