{"id":84223,"date":"2022-11-21T17:33:49","date_gmt":"2022-11-21T17:33:49","guid":{"rendered":"https:\/\/topgetestet.de\/?product=morgenstern-bademantel-damen-leicht-100-baumwolle-waffel-pique"},"modified":"2022-11-21T17:33:49","modified_gmt":"2022-11-21T17:33:49","slug":"morgenstern-bademantel-damen-leicht-100-baumwolle-waffel-pique","status":"publish","type":"product","link":"https:\/\/topgetestet.de\/?product=morgenstern-bademantel-damen-leicht-100-baumwolle-waffel-pique","title":{"rendered":"Morgenstern Bademantel Damen Leicht 100% Baumwolle Waffel Pique"},"content":{"rendered":"<p>Price: <span style=\"color:#b12704\">[price_with_discount]<\/span><br \/><i><small>(as of [price_update_date] &#8211; <span class=\"wp_automatic_amazon_disclaimer\" title=\"Product prices and availability are accurate as of the date\/time indicated and are subject to change. Any price and availability information displayed on [relevant Amazon Site(s), as applicable] at the time of purchase will apply to the purchase of this product.\">Details<\/span>)<\/small><\/i><\/p>\n<p><a href=\"https:\/\/amazon.de\/dp\/B0842NNF18?tag=topgetestet09-21\"><img decoding=\"async\" src=\"https:\/\/i.imgur.com\/ISRHEWs.png\"><\/a><br \/>\n[ad_1]<\/p>\n<p>       Produktinformation <\/p>\n<p>          <img decoding=\"async\" alt=\"leonie\" src=\"https:\/\/images-na.ssl-images-amazon.com\/images\/G\/01\/x-locale\/common\/grey-pixel.gif\" class=\"a-spacing-base a-lazy-loaded\" data-src=\"https:\/\/m.media-amazon.com\/images\/S\/aplus-media\/sc\/804cdf4a-7a54-410f-9911-29a4cbb9eca8.__CR0,0,970,600_PT0_SX970_V1___.png\"><\/p>\n<p>           <img decoding=\"async\" alt=\"leonie\" src=\"https:\/\/m.media-amazon.com\/images\/S\/aplus-media\/sc\/804cdf4a-7a54-410f-9911-29a4cbb9eca8.__CR0,0,970,600_PT0_SX970_V1___.png\"><\/p>\n<h3 class=\"a-spacing-mini\"> Morgenstern &#8211; Leichter Waffelpikee Bademantel aus 100 % Baumwolle <\/h3>\n<p class=\"a-spacing-base\">\n<p>           100 % Baumwolle<br \/>\n           Leicht und luftig<br \/>\n           Kimonokragen<br \/>\n           Hautfreundlich<br \/>\n           2 Taschen<br \/>\n           Extra Rei\u00dfverschlusstasche<br \/>\n           G\u00fcrtel<br \/>\n           Kleine Schlaufe zum Aufh\u00e4ngen<br \/>\n           Einfach zu waschen<br \/>\n           Auf Schadstoffe gepr\u00fcft<\/p>\n<p class=\"a-spacing-base\"> Leicht &amp; stilvoll &#8211; dieser Wohlf\u00fchl-Bademantel, ist gut zu transportieren, trocknet Sie und l\u00e4\u00dft Sie gut aussehen. <\/p>\n<p>          <img decoding=\"async\" alt=\"leonie bademantel kapuze damen\" src=\"https:\/\/images-na.ssl-images-amazon.com\/images\/G\/01\/x-locale\/common\/grey-pixel.gif\" class=\"a-spacing-base a-lazy-loaded\" data-src=\"https:\/\/m.media-amazon.com\/images\/S\/aplus-media\/sc\/ad092c94-3fe6-4e15-a38a-a02adc59a83b.__CR0,0,970,600_PT0_SX970_V1___.png\"><\/p>\n<p>           <img decoding=\"async\" alt=\"leonie bademantel kapuze damen\" src=\"https:\/\/m.media-amazon.com\/images\/S\/aplus-media\/sc\/ad092c94-3fe6-4e15-a38a-a02adc59a83b.__CR0,0,970,600_PT0_SX970_V1___.png\"><\/p>\n<h3 class=\"a-spacing-mini\"> Bequemer Kimonoschnitt f\u00fcr Damen <\/h3>\n<p class=\"a-spacing-base\"> Der Bademantel ist bequem und locker f\u00fcr Normalgr\u00f6\u00dfen geschnitten. <\/p>\n<p class=\"a-spacing-base\"> Das Fotomodel ist 1,76 m gro\u00df. Die \u00c4rmel sind weit. Die R\u00fcckenl\u00e4nge betr\u00e4gt 110 cm. Den meisten Frauen geht der Bademantel bis \u00fcbers Knie. <\/p>\n<p>          <img decoding=\"async\" alt=\"Waffelpikke\" src=\"https:\/\/images-na.ssl-images-amazon.com\/images\/G\/01\/x-locale\/common\/grey-pixel.gif\" class=\"a-spacing-base a-lazy-loaded\" data-src=\"https:\/\/m.media-amazon.com\/images\/S\/aplus-media\/sc\/6a9ef6c6-a1d1-49c6-ba9d-ef805e9935ea.__CR0,0,970,600_PT0_SX970_V1___.png\"><\/p>\n<p>           <img decoding=\"async\" alt=\"Waffelpikke\" src=\"https:\/\/m.media-amazon.com\/images\/S\/aplus-media\/sc\/6a9ef6c6-a1d1-49c6-ba9d-ef805e9935ea.__CR0,0,970,600_PT0_SX970_V1___.png\"><\/p>\n<h3 class=\"a-spacing-mini\"> Waffelpique &#8211; leicht und luftig <\/h3>\n<p class=\"a-spacing-base\"> Waffelpique ist ein leichtes Baumwollgewebe mit einem Wabenmuster. Das Fl\u00e4chengewicht betr\u00e4gt 200 g \/ m2. Der Bademantel wiegt nur 500-600 Gramm und ist so leicht und luftig, dass Licht durch den Stoff scheint. Das handliche Packma\u00df macht den Bademantel ideal, um ihn zum Strand, Saunabesuch oder ins Spa mitzunehmen. <\/p>\n<p>          <img decoding=\"async\" alt=\"Kapuze\" src=\"https:\/\/images-na.ssl-images-amazon.com\/images\/G\/01\/x-locale\/common\/grey-pixel.gif\" class=\"a-spacing-base a-lazy-loaded\" data-src=\"https:\/\/m.media-amazon.com\/images\/S\/aplus-media\/sc\/cb7c95b4-e87d-45e4-bbc8-1c55ea558a3f.__CR0,0,970,600_PT0_SX970_V1___.png\"><\/p>\n<p>           <img decoding=\"async\" alt=\"Kapuze\" src=\"https:\/\/m.media-amazon.com\/images\/S\/aplus-media\/sc\/cb7c95b4-e87d-45e4-bbc8-1c55ea558a3f.__CR0,0,970,600_PT0_SX970_V1___.png\"><\/p>\n<h3 class=\"a-spacing-mini\"> Details <\/h3>\n<p class=\"a-spacing-base\"> Der Bademantel hat einen sportlichen Kimonokragen. Auf der Vorderseite des Bademantels befinden sich zwei ger\u00e4umige Taschen. Hier k\u00f6nnen Sie zum Beispiel ein kleines Buch oder Ihre Brille gut verstauen. Zus\u00e4tzlich hat eine Tasche eine weitere innenliegende Rei\u00dfverschlusstasche f\u00fcr Kleinigkeiten. Geschlossen wird der Bademantel mit einem G\u00fcrtel. Der Bademantel hat eine Schlaufe, an der sie ihn aufh\u00e4ngen k\u00f6nnen. <\/p>\n<p>          <img decoding=\"async\" alt=\"DE Waschen und Oeko Tex\" src=\"https:\/\/images-na.ssl-images-amazon.com\/images\/G\/01\/x-locale\/common\/grey-pixel.gif\" class=\"a-spacing-base a-lazy-loaded\" data-src=\"https:\/\/m.media-amazon.com\/images\/S\/aplus-media-library-service-media\/e84635e0-d378-4c58-bbf2-201517598fa2.__CR0,0,1940,1200_PT0_SX970_V1___.png\"><\/p>\n<p>           <img decoding=\"async\" alt=\"DE Waschen und Oeko Tex\" src=\"https:\/\/m.media-amazon.com\/images\/S\/aplus-media-library-service-media\/e84635e0-d378-4c58-bbf2-201517598fa2.__CR0,0,1940,1200_PT0_SX970_V1___.png\"><\/p>\n<h3 class=\"a-spacing-mini\"> Einfache Pflege und STANDARD 100 by OEKO-TEX <\/h3>\n<p class=\"a-spacing-base\"> Pflegetipps <\/p>\n<p class=\"a-spacing-base\"> Der Bademantel wird bei 40 \u00b0C gewaschen. Im Trockner wird der Bademantel bei einer mittleren Temperatur besonders weich. Bitte beachten Sie das Pflegeetikett und waschen Sie den Bademantel, bevor Sie ihn zum ersten Mal verwenden. Waffelpique l\u00e4uft bei der W\u00e4sche etwas ein, das ist normal f\u00fcr diese Art von Stoff. <\/p>\n<p class=\"a-spacing-base\"> Baumwolle &#8211; STANDARD 100 by OEKO-TEX <\/p>\n<p class=\"a-spacing-base\"> Der Bademantel besteht aus reiner Baumwolle und er wurde auf Schadstoffe gepr\u00fcft: STANDARD 100 by OEKO-TEX. (08.0.64056 Hohenstein HHTI). Das ist gut f\u00fcr die Umwelt und gut f\u00fcr Ihre Gesundheit. <\/p>\n<p>          <img decoding=\"async\" alt=\"Leben\" src=\"https:\/\/images-na.ssl-images-amazon.com\/images\/G\/01\/x-locale\/common\/grey-pixel.gif\" class=\"a-spacing-base a-lazy-loaded\" data-src=\"https:\/\/m.media-amazon.com\/images\/S\/aplus-media\/sc\/b3ab69a8-0340-4c19-ab68-89f61ea1764c.__CR0,0,970,600_PT0_SX970_V1___.png\"><\/p>\n<p>           <img decoding=\"async\" alt=\"Leben\" src=\"https:\/\/m.media-amazon.com\/images\/S\/aplus-media\/sc\/b3ab69a8-0340-4c19-ab68-89f61ea1764c.__CR0,0,970,600_PT0_SX970_V1___.png\"><\/p>\n<h3 class=\"a-spacing-mini\"> Morgenstern &#8211; Firmenportrait <\/h3>\n<p class=\"a-spacing-base\"> Unser Familien-Unternehmen wurde 1995 gegr\u00fcndet. Wir designen unsere Produkte in Deutschland und lassen sie international herstellen. Unser Ziel ist es, langlebige Textilien in hochwertiger Verarbeitung anzubieten. Hierbei legen wir gr\u00f6\u00dften Wert auf die Schadstoffpr\u00fcfung unserer Kollektion durch Standard 100 by Oeko-Tex. Wir m\u00f6chten, dass Sie sich in unserer Mode wohlf\u00fchlen. Getreu unserem Motto: Das Leben ist sch\u00f6n. <\/p>\n<p class=\"a-spacing-base\"> Herzliche Gr\u00fc\u00dfe <\/p>\n<p class=\"a-spacing-base\"> Ihre Familie Morgenstern und Ihr Morgenstern-Team <\/p>\n<p>                 Baumwolle<br \/>\n                 \u2713<br \/>\n                 \u2713<br \/>\n                 \u2713<br \/>\n                 \u2713   <\/p>\n<p>                 Waffel<br \/>\n                 \u2713   <\/p>\n<p>                 \u2713   <\/p>\n<p>                 Velours   <\/p>\n<p>                 \u2713<br \/>\n                 \u2713   <\/p>\n<p>                 \u2713<br \/>\n                 \u2713   <\/p>\n<p> Verpackungsabmessungen \u200f : \u200e  32.6 x 29.2 x 7.2 cm; 560 Gramm <br \/> Im Angebot von Amazon.de seit \u200f : \u200e  21. Januar 2020 <br \/> Hersteller \u200f : \u200e  Morgenstern <br \/> ASIN \u200f : \u200e  B0842NNF18 <br \/> Modellnummer \u200f : \u200e  Paula <br \/> Kategorie \u200f : \u200e  Damen <\/p>\n<p>BEQUEME PASSFORM \u2013 Der bequeme Bademantel mit Kimonokragen kann den ganzen Tag getragen werden und l\u00e4sst sich einfach an- und ausziehen. Der Morgenmantel entspricht in der Gr\u00f6\u00dfe S ca. der Damen Konfektionsgr\u00f6\u00dfe 36 \/ 38. R\u00fcckenl\u00e4nge 110 cm, Brustumfang 104 cm, \u00c4rmell\u00e4nge 59 cm. Bitte w\u00e4hlen Sie die Gr\u00f6\u00dfe, die Sie normalerweise bei Ihrer Bekleidung tragen. Perfekt zum Faulenzen, Entspannen, Baden, Reisen, Spa und eine gro\u00dfartige Wahl zum Tragen nach einem anstrengenden Tag.<br \/>Kragenform: Kimonokragen<br \/>Langarm<br \/>Verschluss: Bindeg\u00fcrtel<br \/>100% Baumwolle<br \/>Pflegehinweis: Maschinenw\u00e4sche<br \/>\n<br \/>[ad_2]<\/p>\n","protected":false},"excerpt":{"rendered":"<p>Price: [price_with_discount](as of [price_update_date] &#8211; Details) [ad_1] Produktinformation Morgenstern &#8211; Leichter Waffelpikee Bademantel aus 100 % Baumwolle 100 % Baumwolle Leicht und luftig Kimonokragen Hautfreundlich 2 Taschen Extra Rei\u00dfverschlusstasche G\u00fcrtel<\/p>\n","protected":false},"featured_media":84224,"comment_status":"open","ping_status":"closed","template":"","meta":[],"product_cat":[233],"product_tag":[276],"class_list":{"0":"post-84223","1":"product","2":"type-product","3":"status-publish","4":"has-post-thumbnail","6":"product_cat-fitness","7":"product_tag-womens-clothing","9":"first","10":"instock","11":"shipping-taxable","12":"product-type-external"},"aioseo_notices":[],"_links":{"self":[{"href":"https:\/\/topgetestet.de\/index.php?rest_route=\/wp\/v2\/product\/84223","targetHints":{"allow":["GET"]}}],"collection":[{"href":"https:\/\/topgetestet.de\/index.php?rest_route=\/wp\/v2\/product"}],"about":[{"href":"https:\/\/topgetestet.de\/index.php?rest_route=\/wp\/v2\/types\/product"}],"replies":[{"embeddable":true,"href":"https:\/\/topgetestet.de\/index.php?rest_route=%2Fwp%2Fv2%2Fcomments&post=84223"}],"wp:featuredmedia":[{"embeddable":true,"href":"https:\/\/topgetestet.de\/index.php?rest_route=\/wp\/v2\/media\/84224"}],"wp:attachment":[{"href":"https:\/\/topgetestet.de\/index.php?rest_route=%2Fwp%2Fv2%2Fmedia&parent=84223"}],"wp:term":[{"taxonomy":"product_cat","embeddable":true,"href":"https:\/\/topgetestet.de\/index.php?rest_route=%2Fwp%2Fv2%2Fproduct_cat&post=84223"},{"taxonomy":"product_tag","embeddable":true,"href":"https:\/\/topgetestet.de\/index.php?rest_route=%2Fwp%2Fv2%2Fproduct_tag&post=84223"}],"curies":[{"name":"wp","href":"https:\/\/api.w.org\/{rel}","templated":true}]}}