{"id":84133,"date":"2022-11-21T07:31:05","date_gmt":"2022-11-21T07:31:05","guid":{"rendered":"https:\/\/topgetestet.de\/?product=vicloon-handzange-verstellbare-handgriffe-fur-handgelenk-unterarm-trainingskraft"},"modified":"2022-11-21T07:31:05","modified_gmt":"2022-11-21T07:31:05","slug":"vicloon-handzange-verstellbare-handgriffe-fur-handgelenk-unterarm-trainingskraft","status":"publish","type":"product","link":"https:\/\/topgetestet.de\/?product=vicloon-handzange-verstellbare-handgriffe-fur-handgelenk-unterarm-trainingskraft","title":{"rendered":"Vicloon Handzange, verstellbare Handgriffe f\u00fcr Handgelenk, Unterarm, Trainingskraft"},"content":{"rendered":"<p>Price: <span style=\"color:#b12704\">[price_with_discount]<\/span><br \/><i><small>(as of [price_update_date] &#8211; <span class=\"wp_automatic_amazon_disclaimer\" title=\"Product prices and availability are accurate as of the date\/time indicated and are subject to change. Any price and availability information displayed on [relevant Amazon Site(s), as applicable] at the time of purchase will apply to the purchase of this product.\">Details<\/span>)<\/small><\/i><\/p>\n<p><a href=\"https:\/\/amazon.de\/dp\/B071RF2N2G?tag=topgetestet09-21\"><img decoding=\"async\" src=\"https:\/\/i.imgur.com\/ISRHEWs.png\"><\/a><br \/>\n[ad_1]<br \/>\n <span>Eigenschaften: <br \/>Material: ABS; TPE; Edelstahl 304 <br \/>Farbe: Rot und Schwarz. <br \/>Ma\u00dfe: 14 x 11 x 2 cm. <br \/>Gewicht: 156g <br \/>Verpackung: OPP-Beutel. <br \/>Funktion: Home Fitness f\u00fcr Menschen jeden Alters <\/p>\n<p>Vorteil: <br \/>1. Ergonomisch entworfen f\u00fcr alle Altersgruppen. <br \/>2. Grip ist ein weiches, gummiertes Material, das die Hand gut h\u00e4lt. <br \/>3. Kann den Widerstand einstellen, indem Sie ihn in die Kontrolle setzen. <br \/>4. Premium Edelstahl-Feder, sicher und langlebig <br \/>5. Um die Spannung anzupassen, drehen Sie einfach die rote Kappe. Und die Feder bewegt sich entlang des Kanals. 22 kg (10 kg) bis 88 lbs (40 kg). <br \/>6. Super einfach zu bedienen, mit jeder Drehbewegung f\u00fchlt sich fast m\u00fchelos an <br \/>7. Ein perfektes Geschenk f\u00fcr Ihre Lieben und Freunde. F\u00fcr jeden Anlass geeignet. <br \/>8. Klein genug, um an kleinen Orten wie einem Autofach aufzubewahren, so dass Sie \u00dcbungen an einer Vielzahl von Orten durchf\u00fchren k\u00f6nnen. <br \/>9. Sie k\u00f6nnen sie verwenden, wo Sie m\u00f6chten, Sie k\u00f6nnen sie auch verwenden, w\u00e4hrend Sie Ihre Lieblingsseife im Fernsehen sehen. <\/p>\n<p>Anwendung: <br \/>Ideal f\u00fcr Bergsteiger, Bodybuilder, Golfspieler, Surfer, Tennisspieler, Schlagzeuger, Gitarristen, Pianisten, Massageger\u00e4te, Baseballspieler und Geiger. Auch n\u00fctzlich f\u00fcr Menschen, die an Arthritis, Tennisarm, rheumatoider Arthritis und Karpaltunnelsyndrom leiden. <\/p>\n<p>Lieferumfang: <br \/>1 Set (2 St\u00fcck)<\/span> <br \/>\u3010Einstellbarer Widerstand\u3011- Mit einem drehbaren Knopf vor der Griffverst\u00e4rkung, mit dem Sie den Widerstand im Bereich von 10-50 kg (22-110 Lbs) einstellen k\u00f6nnen. Der Widerstand wird durch Drehen des Knopfes im Uhrzeigersinn f\u00fcr eine h\u00f6here Widerstandsstufe ge\u00e4ndert.<br \/>\u3010Rutschfeste Griffe\u3011- Mit umweltfreundlichen TPE-Materialien bedeckt, weich und verhindert, dass es versehentlich aus der Hand rutscht, wenn es schwei\u00dftreibend wird. Durch das ergonomische Design liegt es gut in der Hand und ist f\u00fcr alle Handgr\u00f6\u00dfen geeignet. Perfekt f\u00fcr M\u00e4nner und Frauen, Senioren und Teenager.<br \/>\u3010Leicht und tragbar\u3011- Der Handgriff wiegt 150 g, ist 15 cm lang und l\u00e4sst sich leicht reinigen und verstauen. Durch das leichte Design des Handgriffs l\u00e4sst er sich ideal f\u00fcr unterwegs in der Tasche verstauen. Sie k\u00f6nnen jederzeit und \u00fcberall trainieren.<br \/>\u3010Markenservice\u3011- Bieten Sie einen 12-Monatigen Kundendienst und elektronische Rechnungen an. Sollten Sie w\u00e4hrend der Verwendung des Produkts Fragen haben, wenden Sie sich bitte an uns. Wir werden Ihnen zeitnah und freundlich L\u00f6sungen anbieten.<br \/>\n<br \/>[ad_2]<\/p>\n","protected":false},"excerpt":{"rendered":"<p>Price: [price_with_discount](as of [price_update_date] &#8211; Details) [ad_1] Eigenschaften: Material: ABS; TPE; Edelstahl 304 Farbe: Rot und Schwarz. Ma\u00dfe: 14 x 11 x 2 cm. Gewicht: 156g Verpackung: OPP-Beutel. Funktion: Home<\/p>\n","protected":false},"featured_media":84134,"comment_status":"open","ping_status":"closed","template":"","meta":[],"product_cat":[233],"product_tag":[252],"class_list":{"0":"post-84133","1":"product","2":"type-product","3":"status-publish","4":"has-post-thumbnail","6":"product_cat-fitness","7":"product_tag-exercise-fitness-equipment","9":"first","10":"instock","11":"sale","12":"shipping-taxable","13":"product-type-external"},"aioseo_notices":[],"_links":{"self":[{"href":"https:\/\/topgetestet.de\/index.php?rest_route=\/wp\/v2\/product\/84133","targetHints":{"allow":["GET"]}}],"collection":[{"href":"https:\/\/topgetestet.de\/index.php?rest_route=\/wp\/v2\/product"}],"about":[{"href":"https:\/\/topgetestet.de\/index.php?rest_route=\/wp\/v2\/types\/product"}],"replies":[{"embeddable":true,"href":"https:\/\/topgetestet.de\/index.php?rest_route=%2Fwp%2Fv2%2Fcomments&post=84133"}],"wp:featuredmedia":[{"embeddable":true,"href":"https:\/\/topgetestet.de\/index.php?rest_route=\/wp\/v2\/media\/84134"}],"wp:attachment":[{"href":"https:\/\/topgetestet.de\/index.php?rest_route=%2Fwp%2Fv2%2Fmedia&parent=84133"}],"wp:term":[{"taxonomy":"product_cat","embeddable":true,"href":"https:\/\/topgetestet.de\/index.php?rest_route=%2Fwp%2Fv2%2Fproduct_cat&post=84133"},{"taxonomy":"product_tag","embeddable":true,"href":"https:\/\/topgetestet.de\/index.php?rest_route=%2Fwp%2Fv2%2Fproduct_tag&post=84133"}],"curies":[{"name":"wp","href":"https:\/\/api.w.org\/{rel}","templated":true}]}}