{"id":84032,"date":"2022-11-20T18:08:49","date_gmt":"2022-11-20T18:08:49","guid":{"rendered":"https:\/\/topgetestet.de\/?product=s-oliver-damen-schal-2"},"modified":"2022-11-20T18:08:49","modified_gmt":"2022-11-20T18:08:49","slug":"s-oliver-damen-schal-2","status":"publish","type":"product","link":"https:\/\/topgetestet.de\/?product=s-oliver-damen-schal-2","title":{"rendered":"s.Oliver Damen Schal"},"content":{"rendered":"<p>Price: <span style=\"color:#b12704\">[price_with_discount]<\/span><br \/><i><small>(as of [price_update_date] &#8211; <span class=\"wp_automatic_amazon_disclaimer\" title=\"Product prices and availability are accurate as of the date\/time indicated and are subject to change. Any price and availability information displayed on [relevant Amazon Site(s), as applicable] at the time of purchase will apply to the purchase of this product.\">Details<\/span>)<\/small><\/i><\/p>\n<p><a href=\"https:\/\/amazon.de\/dp\/B09HTVV9F6?tag=topgetestet09-21\"><img decoding=\"async\" src=\"https:\/\/i.imgur.com\/ISRHEWs.png\"><\/a><br \/>\n[ad_1]<br \/>\n <span>Sjaal voor dames door s.Oliver, kleur off-white placed print, 42% polyacryl, 38% wol, 20% polyamide<\/p>\n<p>Schal for Damen by s.Oliver, colour off-white placed print, 42% Polyacryl,38% Wolle,20% Polyamid<\/p>\n<p>T\u00f8rkl\u00e6de til kvinder fra s. Oliver, farvetryk af off-white placet, 42% polyakryl, 38% uld, 20% polyamid<\/p>\n<p>s.Oliver, kad\u0131nlar i\u00e7in \u015fal, renkli off-white placed print, %42 poliakrilik, %38 y\u00fcn, %20 poliamid<\/p>\n<p>D\u00e1msk\u00e1 \u0161\u00e1la od s.Oliver, colour off-white placed print, 42% polyakryl, 38% vlna, 20% polyamid<\/p>\n<p>Damski szalik by s.Oliver, kolor off-white placed print, 42% poliakryl, 38% we\u0142na, 20% poliamid<\/p>\n<p>Scarf for women by s.Oliver, colour off-white placed print, 42% polyacrylic, 38% wool, 20% polyamide<\/span> <br \/> Im Angebot von Amazon.de seit \u200f : \u200e  16. November 2022 <br \/> Hersteller \u200f : \u200e  s.Oliver <br \/> ASIN \u200f : \u200e  B0BMJZQTSN <br \/> Modellnummer \u200f : \u200e  201.10.112.25.277.2108660 <br \/> Kategorie \u200f : \u200e  Damen <\/p>\n<p>Schal for Damen by s.Oliver<br \/>Verschluss: Pull On<br \/>Schal<br \/>Pflegehinweis: Maschinenw\u00e4sche<br \/>Modellnummer: 201.10.112.25.277.2108660<br \/>Schal<br \/>\n<br \/>[ad_2]<\/p>\n","protected":false},"excerpt":{"rendered":"<p>Price: [price_with_discount](as of [price_update_date] &#8211; Details) [ad_1] Sjaal voor dames door s.Oliver, kleur off-white placed print, 42% polyacryl, 38% wol, 20% polyamide Schal for Damen by s.Oliver, colour off-white placed<\/p>\n","protected":false},"featured_media":84033,"comment_status":"open","ping_status":"closed","template":"","meta":[],"product_cat":[233],"product_tag":[276],"class_list":{"0":"post-84032","1":"product","2":"type-product","3":"status-publish","4":"has-post-thumbnail","6":"product_cat-fitness","7":"product_tag-womens-clothing","9":"first","10":"instock","11":"sale","12":"shipping-taxable","13":"product-type-external"},"aioseo_notices":[],"_links":{"self":[{"href":"https:\/\/topgetestet.de\/index.php?rest_route=\/wp\/v2\/product\/84032","targetHints":{"allow":["GET"]}}],"collection":[{"href":"https:\/\/topgetestet.de\/index.php?rest_route=\/wp\/v2\/product"}],"about":[{"href":"https:\/\/topgetestet.de\/index.php?rest_route=\/wp\/v2\/types\/product"}],"replies":[{"embeddable":true,"href":"https:\/\/topgetestet.de\/index.php?rest_route=%2Fwp%2Fv2%2Fcomments&post=84032"}],"wp:featuredmedia":[{"embeddable":true,"href":"https:\/\/topgetestet.de\/index.php?rest_route=\/wp\/v2\/media\/84033"}],"wp:attachment":[{"href":"https:\/\/topgetestet.de\/index.php?rest_route=%2Fwp%2Fv2%2Fmedia&parent=84032"}],"wp:term":[{"taxonomy":"product_cat","embeddable":true,"href":"https:\/\/topgetestet.de\/index.php?rest_route=%2Fwp%2Fv2%2Fproduct_cat&post=84032"},{"taxonomy":"product_tag","embeddable":true,"href":"https:\/\/topgetestet.de\/index.php?rest_route=%2Fwp%2Fv2%2Fproduct_tag&post=84032"}],"curies":[{"name":"wp","href":"https:\/\/api.w.org\/{rel}","templated":true}]}}