{"id":83982,"date":"2022-11-20T11:46:56","date_gmt":"2022-11-20T11:46:56","guid":{"rendered":"https:\/\/topgetestet.de\/?product=minus-damen-ceceline-strickpullover"},"modified":"2022-11-20T11:46:56","modified_gmt":"2022-11-20T11:46:56","slug":"minus-damen-ceceline-strickpullover","status":"publish","type":"product","link":"https:\/\/topgetestet.de\/?product=minus-damen-ceceline-strickpullover","title":{"rendered":"Minus Damen Ceceline Strickpullover"},"content":{"rendered":"<p>Price: <span style=\"color:#b12704\">[price_with_discount]<\/span><br \/><i><small>(as of [price_update_date] &#8211; <span class=\"wp_automatic_amazon_disclaimer\" title=\"Product prices and availability are accurate as of the date\/time indicated and are subject to change. Any price and availability information displayed on [relevant Amazon Site(s), as applicable] at the time of purchase will apply to the purchase of this product.\">Details<\/span>)<\/small><\/i><\/p>\n<p><a href=\"https:\/\/amazon.de\/dp\/B09JGGYDK8?tag=topgetestet09-21\"><img decoding=\"async\" src=\"https:\/\/i.imgur.com\/ISRHEWs.png\"><\/a><br \/>\n[ad_1]<br \/>\n <span>Femininer Strickpullover mit 3\/4 \u00c4rmeln. Der Hals und die \u00c4rmel haben kleine gewellte R\u00fcschen am Ende der Manschette. Passform: Normale Qualit\u00e4t: 52 % Viskose (EcoVero\u2122), 28 % Polyester, 20 % Nylon<\/p>\n<p>Feminine knitted jumper with 3\/4 sleeves. The neck and sleeves have small scalloped ruffles at the end of the cuff. Fit: Normal Quality: 52% Viscose (EcoVero\u2122), 28% Polyester, 20% Nylon<\/span> <br \/> Verpackungsabmessungen \u200f : \u200e  36.1 x 29.5 x 8.8 cm; 150 Gramm <br \/> Im Angebot von Amazon.de seit \u200f : \u200e  14. Oktober 2021 <br \/> Hersteller \u200f : \u200e  Redefined fashion <br \/> ASIN \u200f : \u200e  B09JGFZPPQ <br \/> Modellnummer \u200f : \u200e  MI4319 <\/p>\n<p>Halten Sie sich zugleich warm und stilvoll<br \/>3\/4 \u00c4rmel<br \/>Verschluss: Pull-on<br \/>52% Viskose, 28% Polyester, 20% Nylon<br \/>Ceceline knit pullover<br \/>Pflegehinweis: Maschinenw\u00e4sche<br \/>\n<br \/>[ad_2]<\/p>\n","protected":false},"excerpt":{"rendered":"<p>Price: [price_with_discount](as of [price_update_date] &#8211; Details) [ad_1] Femininer Strickpullover mit 3\/4 \u00c4rmeln. Der Hals und die \u00c4rmel haben kleine gewellte R\u00fcschen am Ende der Manschette. Passform: Normale Qualit\u00e4t: 52 %<\/p>\n","protected":false},"featured_media":83983,"comment_status":"open","ping_status":"closed","template":"","meta":[],"product_cat":[233],"product_tag":[276],"class_list":{"0":"post-83982","1":"product","2":"type-product","3":"status-publish","4":"has-post-thumbnail","6":"product_cat-fitness","7":"product_tag-womens-clothing","9":"first","10":"instock","11":"shipping-taxable","12":"product-type-external"},"aioseo_notices":[],"_links":{"self":[{"href":"https:\/\/topgetestet.de\/index.php?rest_route=\/wp\/v2\/product\/83982","targetHints":{"allow":["GET"]}}],"collection":[{"href":"https:\/\/topgetestet.de\/index.php?rest_route=\/wp\/v2\/product"}],"about":[{"href":"https:\/\/topgetestet.de\/index.php?rest_route=\/wp\/v2\/types\/product"}],"replies":[{"embeddable":true,"href":"https:\/\/topgetestet.de\/index.php?rest_route=%2Fwp%2Fv2%2Fcomments&post=83982"}],"wp:featuredmedia":[{"embeddable":true,"href":"https:\/\/topgetestet.de\/index.php?rest_route=\/wp\/v2\/media\/83983"}],"wp:attachment":[{"href":"https:\/\/topgetestet.de\/index.php?rest_route=%2Fwp%2Fv2%2Fmedia&parent=83982"}],"wp:term":[{"taxonomy":"product_cat","embeddable":true,"href":"https:\/\/topgetestet.de\/index.php?rest_route=%2Fwp%2Fv2%2Fproduct_cat&post=83982"},{"taxonomy":"product_tag","embeddable":true,"href":"https:\/\/topgetestet.de\/index.php?rest_route=%2Fwp%2Fv2%2Fproduct_tag&post=83982"}],"curies":[{"name":"wp","href":"https:\/\/api.w.org\/{rel}","templated":true}]}}