{"id":83801,"date":"2022-11-19T11:36:16","date_gmt":"2022-11-19T11:36:16","guid":{"rendered":"https:\/\/topgetestet.de\/?product=only-damen-onlvic-ss-aop-noos-ptm-top"},"modified":"2022-11-19T11:36:16","modified_gmt":"2022-11-19T11:36:16","slug":"only-damen-onlvic-ss-aop-noos-ptm-top","status":"publish","type":"product","link":"https:\/\/topgetestet.de\/?product=only-damen-onlvic-ss-aop-noos-ptm-top","title":{"rendered":"ONLY Damen Onlvic Ss AOP Noos Ptm Top"},"content":{"rendered":"<p>Price: <span style=\"color:#b12704\">[price_with_discount]<\/span><br \/><i><small>(as of [price_update_date] &#8211; <span class=\"wp_automatic_amazon_disclaimer\" title=\"Product prices and availability are accurate as of the date\/time indicated and are subject to change. Any price and availability information displayed on [relevant Amazon Site(s), as applicable] at the time of purchase will apply to the purchase of this product.\">Details<\/span>)<\/small><\/i><\/p>\n<p><a href=\"https:\/\/amazon.de\/dp\/B09PVLY8N8?tag=topgetestet09-21\"><img decoding=\"async\" src=\"https:\/\/i.imgur.com\/ISRHEWs.png\"><\/a><br \/>\n[ad_1]<br \/>\n <span>Leichtigkeit trifft auf Detailverliebtheit. Das l\u00e4ssige Shirt von ONLY mit lockerer Passform, Rundhals und abfallendem Saum wird durch den Rei\u00dfverschluss am R\u00fccken, dem auff\u00e4lligen Alloverprint und den angeschnittenen \u00c4rmeln zum auff\u00e4lligen Sommerbegleiter. Jeans, Shorts und R\u00f6cke lassen sich wunderbar mit dem Shirt von ONLY kombinieren.<\/p>\n<p>Ligheden m\u00f8der p\u00e5 detaljerne. Den afslappede skjorte fra ONLY med afslappet pasform, rund hals og affallende kant er forbundet med lynl\u00e5sen p\u00e5 bagsiden, den i\u00f8jnefaldende alkoverprint og de anudsk\u00e5rne \u00e6rmer til den i\u00f8jnefaldende sommerledsage p\u00e5. Jeans, shorts og nederdele kan kombineres vidunderligt med skjorte fra ONLY.<\/p>\n<p>Hafiflik detay sevgisiyle bulu\u015fuyor. Only rahat ti\u015f\u00f6rt, bol kal\u0131p, yuvarlak yaka ve d\u00fc\u015fen etek k\u0131sm\u0131, s\u0131rtta fermuar, dikkat \u00e7ekici Alloverprint ve kesimli kollar sayesinde dikkat \u00e7ekici bir yaz arkada\u015f\u0131 haline gelir. Kot pantolon, \u015fort ve etekler Only ti\u015f\u00f6rt ile m\u00fckemmel kombine edilebilir.<\/p>\n<p>Lehkost se setk\u00e1v\u00e1 se zamilovan\u00fdm do detail\u016f. Le\u017e\u00e9rn\u00ed tri\u010dko od ONLY s voln\u00fdm st\u0159ihem, kulat\u00fdm v\u00fdst\u0159ihem a padaj\u00edc\u00edm lemem se d\u00edky zipu na z\u00e1dech, n\u00e1padn\u00e9mu celoplo\u0161n\u00e9mu potisku a zast\u0159i\u017een\u00fdm ruk\u00e1v\u016fm stane n\u00e1padn\u00fdm letn\u00edm spole\u010dn\u00edkem. D\u017e\u00edny, \u0161ortky a sukn\u011b lze skv\u011ble kombinovat s tri\u010dkem od ONLY.<\/p>\n<p>\u0397 \u03b5\u03bb\u03b1\u03c6\u03c1\u03cc\u03c4\u03b7\u03c4\u03b1 \u03c3\u03c5\u03bd\u03b1\u03b3\u03ce\u03bd\u03b9\u03c3\u03c4\u03b7 \u03c3\u03c7\u03ad\u03c3\u03b7 \u03bc\u03b5 \u03c4\u03b9\u03c2 \u03bb\u03b5\u03c0\u03c4\u03bf\u03bc\u03ad\u03c1\u03b5\u03b9\u03b5\u03c2. \u03a4\u03bf \u03ba\u03b1\u03b8\u03b7\u03bc\u03b5\u03c1\u03b9\u03bd\u03cc \u03bc\u03c0\u03bb\u03bf\u03c5\u03b6\u03ac\u03ba\u03b9 \u03b1\u03c0\u03cc \u03c4\u03b7\u03bd ONLY \u03bc\u03b5 \u03c7\u03b1\u03bb\u03b1\u03c1\u03ae \u03b5\u03c6\u03b1\u03c1\u03bc\u03bf\u03b3\u03ae, \u03c3\u03c4\u03c1\u03bf\u03b3\u03b3\u03c5\u03bb\u03ae \u03bb\u03b1\u03b9\u03bc\u03cc\u03ba\u03bf\u03c8\u03b7 \u03ba\u03b1\u03b9 \u03c4\u03bf \u03c3\u03c4\u03c1\u03af\u03c6\u03c9\u03bc\u03b1 \u03b5\u03bd\u03b9\u03c3\u03c7\u03cd\u03b5\u03c4\u03b1\u03b9 \u03b1\u03c0\u03cc \u03c4\u03bf \u03c6\u03b5\u03c1\u03bc\u03bf\u03c5\u03ac\u03c1 \u03c3\u03c4\u03bf \u03c0\u03af\u03c3\u03c9 \u03bc\u03ad\u03c1\u03bf\u03c2, \u03c4\u03b7\u03bd \u03b5\u03bd\u03c4\u03c5\u03c0\u03c9\u03c3\u03b9\u03b1\u03ba\u03ae \u03b5\u03ba\u03c4\u03cd\u03c0\u03c9\u03c3\u03b7 Alloverprint \u03ba\u03b1\u03b9 \u03c4\u03b1 \u03b5\u03c6\u03b1\u03c1\u03bc\u03bf\u03c3\u03c4\u03ac \u03bc\u03b1\u03bd\u03af\u03ba\u03b9\u03b1 \u03b3\u03b9\u03b1 \u03b5\u03bd\u03c4\u03c5\u03c0\u03c9\u03c3\u03b9\u03b1\u03ba\u03cc \u03ba\u03b1\u03bb\u03bf\u03ba\u03b1\u03b9\u03c1\u03b9\u03bd\u03cc \u03c3\u03b1\u03c2 \u03c3\u03c5\u03bd\u03bf\u03b4\u03b5\u03cd\u03b5\u03b9. \u03a4\u03b1 \u03c4\u03b6\u03b9\u03bd, \u03c4\u03b1 \u03c3\u03bf\u03c1\u03c4\u03c2 \u03ba\u03b1\u03b9 \u03bf\u03b9 \u03c6\u03bf\u03cd\u03c3\u03c4\u03b5\u03c2 \u03c3\u03c5\u03bd\u03b4\u03c5\u03ac\u03b6\u03bf\u03bd\u03c4\u03b1\u03b9 \u03c5\u03c0\u03ad\u03c1\u03bf\u03c7\u03b1 \u03bc\u03b5 \u03c4\u03bf \u03c0\u03bf\u03c5\u03ba\u03ac\u03bc\u03b9\u03c3\u03bf \u03b1\u03c0\u03cc \u03c4\u03b7\u03bd ONLY \u03c3\u03c5\u03bd\u03b4\u03c5\u03ac\u03b6\u03bf\u03bd\u03c4\u03b1\u03b9.<\/p>\n<p>Lekko\u015b\u0107 spotyka si\u0119 z dba\u0142o\u015bci\u0105 o szczeg\u00f3\u0142y. Lu\u017ana koszulka ONLY z lu\u017anym dopasowaniem, okr\u0105g\u0142ym dekoltem i spadaj\u0105cym brzegiem dzi\u0119ki zamkowi b\u0142yskawicznemu na plecach, rzucaj\u0105cemu si\u0119 w oczy nadrukowi na ca\u0142ej powierzchni i wyci\u0119tym r\u0119kawom stanie si\u0119 przyci\u0105gaj\u0105cym wzrok towarzyszem na lato. D\u017cinsy, szorty i sp\u00f3dnice mo\u017cna wspaniale \u0142\u0105czy\u0107 z koszulk\u0105 ONLY.<\/span> <br \/> Produktabmessungen \u200f : \u200e  22 x 32 x 4 cm; 120 Gramm <br \/> Im Angebot von Amazon.de seit \u200f : \u200e  5. Juli 2021 <br \/> Hersteller \u200f : \u200e  Bestseller A\/S <br \/> ASIN \u200f : \u200e  B098NKX7VK <br \/> Modellnummer \u200f : \u200e  15161116 <\/p>\n<p>Standard<br \/>Kragenform: Einteiliger Kragen<br \/>Kurzarm<br \/>Verschluss: Pull-On<br \/>97% Polyester, 3% Elasthan<br \/>T-Shirt<br \/>\n<br \/>[ad_2]<\/p>\n","protected":false},"excerpt":{"rendered":"<p>Price: [price_with_discount](as of [price_update_date] &#8211; Details) [ad_1] Leichtigkeit trifft auf Detailverliebtheit. Das l\u00e4ssige Shirt von ONLY mit lockerer Passform, Rundhals und abfallendem Saum wird durch den Rei\u00dfverschluss am R\u00fccken, dem<\/p>\n","protected":false},"featured_media":83802,"comment_status":"open","ping_status":"closed","template":"","meta":[],"product_cat":[233],"product_tag":[276],"class_list":{"0":"post-83801","1":"product","2":"type-product","3":"status-publish","4":"has-post-thumbnail","6":"product_cat-fitness","7":"product_tag-womens-clothing","9":"first","10":"instock","11":"shipping-taxable","12":"product-type-external"},"aioseo_notices":[],"_links":{"self":[{"href":"https:\/\/topgetestet.de\/index.php?rest_route=\/wp\/v2\/product\/83801","targetHints":{"allow":["GET"]}}],"collection":[{"href":"https:\/\/topgetestet.de\/index.php?rest_route=\/wp\/v2\/product"}],"about":[{"href":"https:\/\/topgetestet.de\/index.php?rest_route=\/wp\/v2\/types\/product"}],"replies":[{"embeddable":true,"href":"https:\/\/topgetestet.de\/index.php?rest_route=%2Fwp%2Fv2%2Fcomments&post=83801"}],"wp:featuredmedia":[{"embeddable":true,"href":"https:\/\/topgetestet.de\/index.php?rest_route=\/wp\/v2\/media\/83802"}],"wp:attachment":[{"href":"https:\/\/topgetestet.de\/index.php?rest_route=%2Fwp%2Fv2%2Fmedia&parent=83801"}],"wp:term":[{"taxonomy":"product_cat","embeddable":true,"href":"https:\/\/topgetestet.de\/index.php?rest_route=%2Fwp%2Fv2%2Fproduct_cat&post=83801"},{"taxonomy":"product_tag","embeddable":true,"href":"https:\/\/topgetestet.de\/index.php?rest_route=%2Fwp%2Fv2%2Fproduct_tag&post=83801"}],"curies":[{"name":"wp","href":"https:\/\/api.w.org\/{rel}","templated":true}]}}