{"id":83742,"date":"2022-11-19T03:37:15","date_gmt":"2022-11-19T03:37:15","guid":{"rendered":"https:\/\/topgetestet.de\/?product=arena-unix-ii-unisex-erwachsene"},"modified":"2022-11-19T03:37:15","modified_gmt":"2022-11-19T03:37:15","slug":"arena-unix-ii-unisex-erwachsene","status":"publish","type":"product","link":"https:\/\/topgetestet.de\/?product=arena-unix-ii-unisex-erwachsene","title":{"rendered":"ARENA Unix II, Unisex, Erwachsene"},"content":{"rendered":"<p>Price: <span style=\"color:#b12704\">[price_with_discount]<\/span><br \/><i><small>(as of [price_update_date] &#8211; <span class=\"wp_automatic_amazon_disclaimer\" title=\"Product prices and availability are accurate as of the date\/time indicated and are subject to change. Any price and availability information displayed on [relevant Amazon Site(s), as applicable] at the time of purchase will apply to the purchase of this product.\">Details<\/span>)<\/small><\/i><\/p>\n<p><a href=\"https:\/\/amazon.de\/dp\/B07SK3WKXX?tag=topgetestet09-21\"><img decoding=\"async\" src=\"https:\/\/i.imgur.com\/ISRHEWs.png\"><\/a><br \/>\n[ad_1]<br \/>\n <span>Unisex-M\u00fctze f\u00fcr Erwachsene von der Marke Sand. Modell &#8211; Unix II M\u00fctzen. Artikelnummer: 0000002383.<\/span> <br \/> Verpackungsabmessungen \u200f : \u200e  17.78 x 12.06 x 0.63 cm; 23 Gramm <br \/> Im Angebot von Amazon.de seit \u200f : \u200e  15. Juni 2019 <br \/> Hersteller \u200f : \u200e  Arena <br \/> ASIN \u200f : \u200e  B07SH2RJQY <br \/> Modellnummer \u200f : \u200e  UNIXII <br \/> Kategorie \u200f : \u200e  Unisex \u2013 Erwachsene <\/p>\n<p>H\u00f6chster Tragekomfort durch weiches, elastisches Material, leicht aufzusetzen<br \/>Schwarz<br \/>Modellnummer: UNIXII<br \/>Wasserdurchl\u00e4ssig und schnelltrocknend<br \/>Ideal f\u00fcr freizeitm\u00e4\u00dfige Fitnessschwimmer<br \/>80% Polyester, 20% Elastan<br \/>\n<br \/>[ad_2]<\/p>\n","protected":false},"excerpt":{"rendered":"<p>Price: [price_with_discount](as of [price_update_date] &#8211; Details) [ad_1] Unisex-M\u00fctze f\u00fcr Erwachsene von der Marke Sand. Modell &#8211; Unix II M\u00fctzen. Artikelnummer: 0000002383. Verpackungsabmessungen \u200f : \u200e 17.78 x 12.06 x 0.63<\/p>\n","protected":false},"featured_media":83743,"comment_status":"open","ping_status":"closed","template":"","meta":[],"product_cat":[233],"product_tag":[273],"class_list":{"0":"post-83742","1":"product","2":"type-product","3":"status-publish","4":"has-post-thumbnail","6":"product_cat-fitness","7":"product_tag-exercise-fitness-accessories","9":"first","10":"instock","11":"shipping-taxable","12":"product-type-external"},"aioseo_notices":[],"_links":{"self":[{"href":"https:\/\/topgetestet.de\/index.php?rest_route=\/wp\/v2\/product\/83742","targetHints":{"allow":["GET"]}}],"collection":[{"href":"https:\/\/topgetestet.de\/index.php?rest_route=\/wp\/v2\/product"}],"about":[{"href":"https:\/\/topgetestet.de\/index.php?rest_route=\/wp\/v2\/types\/product"}],"replies":[{"embeddable":true,"href":"https:\/\/topgetestet.de\/index.php?rest_route=%2Fwp%2Fv2%2Fcomments&post=83742"}],"wp:featuredmedia":[{"embeddable":true,"href":"https:\/\/topgetestet.de\/index.php?rest_route=\/wp\/v2\/media\/83743"}],"wp:attachment":[{"href":"https:\/\/topgetestet.de\/index.php?rest_route=%2Fwp%2Fv2%2Fmedia&parent=83742"}],"wp:term":[{"taxonomy":"product_cat","embeddable":true,"href":"https:\/\/topgetestet.de\/index.php?rest_route=%2Fwp%2Fv2%2Fproduct_cat&post=83742"},{"taxonomy":"product_tag","embeddable":true,"href":"https:\/\/topgetestet.de\/index.php?rest_route=%2Fwp%2Fv2%2Fproduct_tag&post=83742"}],"curies":[{"name":"wp","href":"https:\/\/api.w.org\/{rel}","templated":true}]}}