{"id":83680,"date":"2022-11-18T18:09:17","date_gmt":"2022-11-18T18:09:17","guid":{"rendered":"https:\/\/topgetestet.de\/?product=q-s-designed-by-s-oliver-damen-t-shirt"},"modified":"2022-11-18T18:09:17","modified_gmt":"2022-11-18T18:09:17","slug":"q-s-designed-by-s-oliver-damen-t-shirt","status":"publish","type":"product","link":"https:\/\/topgetestet.de\/?product=q-s-designed-by-s-oliver-damen-t-shirt","title":{"rendered":"Q\/S designed by &#8211; s.Oliver Damen T-Shirt"},"content":{"rendered":"<p>Price: <span style=\"color:#b12704\">[price_with_discount]<\/span><br \/><i><small>(as of [price_update_date] &#8211; <span class=\"wp_automatic_amazon_disclaimer\" title=\"Product prices and availability are accurate as of the date\/time indicated and are subject to change. Any price and availability information displayed on [relevant Amazon Site(s), as applicable] at the time of purchase will apply to the purchase of this product.\">Details<\/span>)<\/small><\/i><\/p>\n<p><a href=\"https:\/\/amazon.de\/dp\/B08LQYH2MQ?tag=topgetestet09-21\"><img decoding=\"async\" src=\"https:\/\/i.imgur.com\/ISRHEWs.png\"><\/a><br \/>\n[ad_1]<br \/>\n <span>Basic T-shirt voor dames<\/p>\n<p>Basic Damen T-Shirt<\/p>\n<p>Basic T-shirt til kvinder<\/p>\n<p>Basic kad\u0131n ti\u015f\u00f6rt\u00fc<\/p>\n<p>Basic d\u00e1msk\u00e9 tri\u010dko<\/p>\n<p>Basic Women&#8217;s T-Shirt<\/p>\n<p>Basic damski T-shirt<\/span> <br \/> Produktabmessungen \u200f : \u200e  50 x 30 x 10 cm; 100 Gramm <br \/> Im Angebot von Amazon.de seit \u200f : \u200e  23. Oktober 2020 <br \/> Hersteller \u200f : \u200e  s.Oliver <br \/> ASIN \u200f : \u200e  B08LQXN2YC <br \/> Modellnummer \u200f : \u200e  510.11.899.12.130.2064174 <\/p>\n<p>einfarbig<br \/>Kurzarm<br \/>Verschluss: Pull-On<br \/>100% Baumwolle<br \/>T-Shirt<br \/>Pflegehinweis: Maschinenw\u00e4sche<br \/>\n<br \/>[ad_2]<\/p>\n","protected":false},"excerpt":{"rendered":"<p>Price: [price_with_discount](as of [price_update_date] &#8211; Details) [ad_1] Basic T-shirt voor dames Basic Damen T-Shirt Basic T-shirt til kvinder Basic kad\u0131n ti\u015f\u00f6rt\u00fc Basic d\u00e1msk\u00e9 tri\u010dko Basic Women&#8217;s T-Shirt Basic damski T-shirt<\/p>\n","protected":false},"featured_media":83681,"comment_status":"open","ping_status":"closed","template":"","meta":[],"product_cat":[233],"product_tag":[276],"class_list":{"0":"post-83680","1":"product","2":"type-product","3":"status-publish","4":"has-post-thumbnail","6":"product_cat-fitness","7":"product_tag-womens-clothing","9":"first","10":"instock","11":"shipping-taxable","12":"product-type-external"},"aioseo_notices":[],"_links":{"self":[{"href":"https:\/\/topgetestet.de\/index.php?rest_route=\/wp\/v2\/product\/83680","targetHints":{"allow":["GET"]}}],"collection":[{"href":"https:\/\/topgetestet.de\/index.php?rest_route=\/wp\/v2\/product"}],"about":[{"href":"https:\/\/topgetestet.de\/index.php?rest_route=\/wp\/v2\/types\/product"}],"replies":[{"embeddable":true,"href":"https:\/\/topgetestet.de\/index.php?rest_route=%2Fwp%2Fv2%2Fcomments&post=83680"}],"wp:featuredmedia":[{"embeddable":true,"href":"https:\/\/topgetestet.de\/index.php?rest_route=\/wp\/v2\/media\/83681"}],"wp:attachment":[{"href":"https:\/\/topgetestet.de\/index.php?rest_route=%2Fwp%2Fv2%2Fmedia&parent=83680"}],"wp:term":[{"taxonomy":"product_cat","embeddable":true,"href":"https:\/\/topgetestet.de\/index.php?rest_route=%2Fwp%2Fv2%2Fproduct_cat&post=83680"},{"taxonomy":"product_tag","embeddable":true,"href":"https:\/\/topgetestet.de\/index.php?rest_route=%2Fwp%2Fv2%2Fproduct_tag&post=83680"}],"curies":[{"name":"wp","href":"https:\/\/api.w.org\/{rel}","templated":true}]}}