{"id":83547,"date":"2022-11-18T00:03:05","date_gmt":"2022-11-18T00:03:05","guid":{"rendered":"https:\/\/topgetestet.de\/?product=urban-classics-damen-ladies-extended-shoulder-tee-t-shirt"},"modified":"2022-11-18T00:03:05","modified_gmt":"2022-11-18T00:03:05","slug":"urban-classics-damen-ladies-extended-shoulder-tee-t-shirt","status":"publish","type":"product","link":"https:\/\/topgetestet.de\/?product=urban-classics-damen-ladies-extended-shoulder-tee-t-shirt","title":{"rendered":"Urban Classics Damen Ladies Extended Shoulder Tee T-Shirt"},"content":{"rendered":"<p>Price: <span style=\"color:#b12704\">[price_with_discount]<\/span><br \/><i><small>(as of [price_update_date] &#8211; <span class=\"wp_automatic_amazon_disclaimer\" title=\"Product prices and availability are accurate as of the date\/time indicated and are subject to change. Any price and availability information displayed on [relevant Amazon Site(s), as applicable] at the time of purchase will apply to the purchase of this product.\">Details<\/span>)<\/small><\/i><\/p>\n<p><a href=\"https:\/\/amazon.de\/dp\/B083MBK19D?tag=topgetestet09-21\"><img decoding=\"async\" src=\"https:\/\/i.imgur.com\/ISRHEWs.png\"><\/a><br \/>\n[ad_1]<br \/>\n <span>Es braucht nur ein paar feine Details, damit aus einem einfachen Shirt ein echtes Lieblingsteil wird. Das Ladies Extended Shoulder Tee aus 100 % Baumwolle hat es mit l\u00e4ssig fallendem Drop-Shoulder-Schnitt und stylischen Turn-up-\u00c4rmeln l\u00e4ngst zum Urban Classics Bestseller gebracht \u2013 zu Recht, denn im Alltag kannst du dieses entspannte Shirt beinahe universell zu sportlichen Looks kombinieren.<\/p>\n<p>Den har bare brug for et par fine detaljer for at g\u00f8re en simpel skjorte til en rigtig favorit. Den forl\u00e6ngede skuldertaske t-shirt lavet af 100 % bomuld har l\u00e6nge taget den til urban klassikere bestseller med afslappet faldende drop-skulder-snit og stilfulde turn-up-\u00e6rmer &#8211; med rette, for i hverdagen kan du kombinere denne afslappede skjorte n\u00e6sten universelt med sporty looks.<\/p>\n<p>Basit bir ti\u015f\u00f6rt\u00fcn ger\u00e7ek bir favori par\u00e7a olmas\u0131 i\u00e7in sadece birka\u00e7 ince detaya ihtiya\u00e7 vard\u0131r. %100 pamuktan yap\u0131lm\u0131\u015f uzun omuz ti\u015f\u00f6rt\u00fc rahat d\u00f6k\u00fcml\u00fc Drop-Shoulder kesimi ve \u015f\u0131k spor kollar\u0131 ile uzun zamand\u0131r Urban Classics&#8217;in en \u00e7ok satan \u00fcr\u00fcnlerine getirilmi\u015ftir \u2013 hakl\u0131, \u00e7\u00fcnk\u00fc g\u00fcnl\u00fck hayatta bu rahat ti\u015f\u00f6rt\u00fc neredeyse evrensel olarak sportif g\u00f6r\u00fcn\u00fcmlerle kombine edebilirsiniz.<\/p>\n<p>Sta\u010d\u00ed jen p\u00e1r jemn\u00fdch detail\u016f, aby se z jednoduch\u00e9ho tri\u010dka stal skute\u010dn\u00fdm obl\u00edben\u00fdm kouskem. D\u00e1msk\u00e9 prodlou\u017een\u00e9 rameno \u010daj ze 100% bavlny jej s le\u017e\u00e9rn\u011b padnouc\u00edm st\u0159ihem Drop Shoulder a stylov\u00fdmi ruk\u00e1vy na cvi\u010den\u00ed od Urban Classics \u2013 pr\u00e1vem, proto\u017ee v ka\u017edodenn\u00edm \u017eivot\u011b m\u016f\u017eete toto uvoln\u011bn\u00e9 tri\u010dko t\u00e9m\u011b\u0159 univerz\u00e1ln\u011b kombinovat se sportovn\u00edm vzhledem.<\/p>\n<p>\u03a7\u03c1\u03b5\u03b9\u03ac\u03b6\u03bf\u03bd\u03c4\u03b1\u03b9 \u03bc\u03cc\u03bd\u03bf \u03bc\u03b5\u03c1\u03b9\u03ba\u03ad\u03c2 \u03bb\u03b5\u03c0\u03c4\u03ad\u03c2 \u03bb\u03b5\u03c0\u03c4\u03bf\u03bc\u03ad\u03c1\u03b5\u03b9\u03b5\u03c2 \u03b3\u03b9\u03b1 \u03bd\u03b1 \u03b3\u03af\u03bd\u03b5\u03b9 \u03ad\u03bd\u03b1 \u03b1\u03c0\u03bb\u03cc \u03c0\u03bf\u03c5\u03ba\u03ac\u03bc\u03b9\u03c3\u03bf \u03ad\u03bd\u03b1 \u03c0\u03c1\u03b1\u03b3\u03bc\u03b1\u03c4\u03b9\u03ba\u03cc \u03b1\u03b3\u03b1\u03c0\u03b7\u03bc\u03ad\u03bd\u03bf \u03ba\u03bf\u03bc\u03bc\u03ac\u03c4\u03b9. \u03a4\u03bf \u03b3\u03c5\u03bd\u03b1\u03b9\u03ba\u03b5\u03af\u03bf \u03bc\u03c0\u03bb\u03bf\u03c5\u03b6\u03ac\u03ba\u03b9 \u03bc\u03b5 \u03b5\u03ba\u03c4\u03b5\u03c4\u03b1\u03bc\u03ad\u03bd\u03bf \u03ce\u03bc\u03bf \u03b1\u03c0\u03cc 100% \u03b2\u03b1\u03bc\u03b2\u03ac\u03ba\u03b9 \u03c4\u03bf \u03ad\u03c7\u03b5\u03b9 \u03c0\u03c1\u03bf\u03c3\u03c6\u03ad\u03c1\u03b5\u03b9 \u03bc\u03b1\u03ba\u03c1\u03cd\u03c2 \u03c3\u03c4\u03bf \u03b1\u03c3\u03c4\u03b9\u03ba\u03cc \u03ba\u03bb\u03b1\u03c3\u03b9\u03ba\u03cc \u03bc\u03c0\u03b5\u03c3\u03c4 \u03c3\u03ad\u03bb\u03b5\u03c1 \u03bc\u03b5 \u03ba\u03b1\u03b8\u03b7\u03bc\u03b5\u03c1\u03b9\u03bd\u03cc \u03ba\u03cc\u03c8\u03b9\u03bc\u03bf \u03c0\u03bf\u03c5 \u03c0\u03ad\u03c6\u03c4\u03b5\u03b9 \u03ba\u03b1\u03b9 \u03ba\u03bf\u03bc\u03c8\u03ac \u03bc\u03b1\u03bd\u03af\u03ba\u03b9\u03b1 \u03b3\u03c5\u03bc\u03bd\u03b1\u03c3\u03c4\u03b9\u03ba\u03ae\u03c2 &#8211; \u03b4\u03b9\u03ba\u03b1\u03af\u03c9\u03c2, \u03b3\u03b9\u03b1\u03c4\u03af \u03c3\u03c4\u03b7\u03bd \u03ba\u03b1\u03b8\u03b7\u03bc\u03b5\u03c1\u03b9\u03bd\u03ae \u03b6\u03c9\u03ae \u03bc\u03c0\u03bf\u03c1\u03b5\u03af\u03c4\u03b5 \u03bd\u03b1 \u03c3\u03c5\u03bd\u03b4\u03c5\u03ac\u03c3\u03b5\u03c4\u03b5 \u03b1\u03c5\u03c4\u03cc \u03c4\u03bf \u03c7\u03b1\u03bb\u03b1\u03c1\u03cc \u03c0\u03bf\u03c5\u03ba\u03ac\u03bc\u03b9\u03c3\u03bf \u03c3\u03c7\u03b5\u03b4\u03cc\u03bd \u03ba\u03b1\u03b8\u03bf\u03bb\u03b9\u03ba\u03ac \u03bc\u03b5 \u03b1\u03b8\u03bb\u03b7\u03c4\u03b9\u03ba\u03ad\u03c2 \u03b5\u03bc\u03c6\u03b1\u03bd\u03af\u03c3\u03b5\u03b9\u03c2.<\/p>\n<p>It only needs a few fine details to make a simple shirt a real favourite piece. The Women\u2019s Extended Shoulder Tee in 100% cotton has long since become an Urban Classics bestseller with its casual drop-shoulder cut and stylish turn-up sleeves &#8211; and rightly so, because in everyday life you can combine this relaxed shirt almost universally with sporty looks.<\/p>\n<p>Potrzeba tylko kilku drobnych szczeg\u00f3\u0142\u00f3w, aby zwyk\u0142a koszulka sta\u0142a si\u0119 prawdziwym ulubionym elementem. Koszulka damska Extended Shoulder wykonana w 100% z bawe\u0142ny o lu\u017anym kroju Drop-Shoulder i stylowym r\u0119kawkom turn-up od dawna sta\u0142a si\u0119 bestsellerem Urban Classics \u2013 to prawda, poniewa\u017c na co dzie\u0144 mo\u017cesz \u0142\u0105czy\u0107 t\u0119 relaksuj\u0105c\u0105 koszulk\u0119 niemal uniwersalnie z sportowym wygl\u0105dem.<\/span> <br \/> Verpackungsabmessungen \u200f : \u200e  28.4 x 19.4 x 3 cm; 127.01 Gramm <br \/> Im Angebot von Amazon.de seit \u200f : \u200e  8. Januar 2019 <br \/> Hersteller \u200f : \u200e  Urban Classics <br \/> ASIN \u200f : \u200e  B07MSQK9GP <br \/> Modellnummer \u200f : \u200e  TB771 <br \/> Kategorie \u200f : \u200e  Damen <\/p>\n<p>Kragenform: Rundhals<br \/>Kurzarm<br \/>Verschluss: Pull-On<br \/>100% Baumwolle<br \/>Regular Fit<br \/>Pflegehinweis: Maschinenw\u00e4sche<br \/>Modellnummer: TB771<br \/>\n<br \/>[ad_2]<\/p>\n","protected":false},"excerpt":{"rendered":"<p>Price: [price_with_discount](as of [price_update_date] &#8211; Details) [ad_1] Es braucht nur ein paar feine Details, damit aus einem einfachen Shirt ein echtes Lieblingsteil wird. Das Ladies Extended Shoulder Tee aus 100<\/p>\n","protected":false},"featured_media":83548,"comment_status":"open","ping_status":"closed","template":"","meta":[],"product_cat":[233],"product_tag":[276],"class_list":{"0":"post-83547","1":"product","2":"type-product","3":"status-publish","4":"has-post-thumbnail","6":"product_cat-fitness","7":"product_tag-womens-clothing","9":"first","10":"instock","11":"shipping-taxable","12":"product-type-external"},"aioseo_notices":[],"_links":{"self":[{"href":"https:\/\/topgetestet.de\/index.php?rest_route=\/wp\/v2\/product\/83547","targetHints":{"allow":["GET"]}}],"collection":[{"href":"https:\/\/topgetestet.de\/index.php?rest_route=\/wp\/v2\/product"}],"about":[{"href":"https:\/\/topgetestet.de\/index.php?rest_route=\/wp\/v2\/types\/product"}],"replies":[{"embeddable":true,"href":"https:\/\/topgetestet.de\/index.php?rest_route=%2Fwp%2Fv2%2Fcomments&post=83547"}],"wp:featuredmedia":[{"embeddable":true,"href":"https:\/\/topgetestet.de\/index.php?rest_route=\/wp\/v2\/media\/83548"}],"wp:attachment":[{"href":"https:\/\/topgetestet.de\/index.php?rest_route=%2Fwp%2Fv2%2Fmedia&parent=83547"}],"wp:term":[{"taxonomy":"product_cat","embeddable":true,"href":"https:\/\/topgetestet.de\/index.php?rest_route=%2Fwp%2Fv2%2Fproduct_cat&post=83547"},{"taxonomy":"product_tag","embeddable":true,"href":"https:\/\/topgetestet.de\/index.php?rest_route=%2Fwp%2Fv2%2Fproduct_tag&post=83547"}],"curies":[{"name":"wp","href":"https:\/\/api.w.org\/{rel}","templated":true}]}}