{"id":83188,"date":"2022-11-15T20:11:35","date_gmt":"2022-11-15T20:11:35","guid":{"rendered":"https:\/\/topgetestet.de\/?product=reebok-flexlock-gewichte-handgelenk-knochel"},"modified":"2022-11-15T20:11:35","modified_gmt":"2022-11-15T20:11:35","slug":"reebok-flexlock-gewichte-handgelenk-knochel","status":"publish","type":"product","link":"https:\/\/topgetestet.de\/?product=reebok-flexlock-gewichte-handgelenk-knochel","title":{"rendered":"Reebok Flexlock Gewichte &#8211; Handgelenk &#038; Kn\u00f6chel"},"content":{"rendered":"<p>Price: <span style=\"color:#b12704\">[price_with_discount]<\/span><br \/><i><small>(as of [price_update_date] &#8211; <span class=\"wp_automatic_amazon_disclaimer\" title=\"Product prices and availability are accurate as of the date\/time indicated and are subject to change. Any price and availability information displayed on [relevant Amazon Site(s), as applicable] at the time of purchase will apply to the purchase of this product.\">Details<\/span>)<\/small><\/i><\/p>\n<p><a href=\"https:\/\/amazon.de\/dp\/B088G7Y5XQ?tag=topgetestet09-21\"><img decoding=\"async\" src=\"https:\/\/i.imgur.com\/ISRHEWs.png\"><\/a><br \/>\n[ad_1]<br \/>\n Um die Gesamtbewertung der Sterne und die prozentuale Aufschl\u00fcsselung nach Sternen zu berechnen, verwenden wir keinen einfachen Durchschnitt. Stattdessen ber\u00fccksichtigt unser System beispielsweise, wie aktuell eine Bewertung ist und ob der Pr\u00fcfer den Artikel bei Amazon gekauft hat. Es wurden auch Bewertungen analysiert, um die Vertrauensw\u00fcrdigkeit zu \u00fcberpr\u00fcfen. <br \/>TOTAL FITNESS PROGRESSION &#8211; Die Gewichte erh\u00f6hen die Herausforderung jedes K\u00f6rpergewichtstrainings, w\u00e4hrend Sie Ihre Arme straffen. Verbessern Sie Ihr Training f\u00fcr eine vollst\u00e4ndige Fitnessentwicklung<br \/>FLEXIBEL UND SICHER &#8211; Die Gewichte sind mit flexibler Verriegelungstechnologie ausgestattet und kombinieren eine bequeme Passform mit einer verriegelten Sicherheit. Die isolierten Beutel sitzen nur an der Au\u00dfenseite der Verpackung und sorgen f\u00fcr eine engere Passform f\u00fcr mehr Komfort und Leistung<br \/>SICHERER VELCRO-GURT &#8211; Mit einem umlaufenden Klettverschluss fest gesichert, bleiben die Gewichte w\u00e4hrend der energischsten Sitzungen in Position<br \/>\n<br \/>[ad_2]<\/p>\n","protected":false},"excerpt":{"rendered":"<p>Price: [price_with_discount](as of [price_update_date] &#8211; Details) [ad_1] Um die Gesamtbewertung der Sterne und die prozentuale Aufschl\u00fcsselung nach Sternen zu berechnen, verwenden wir keinen einfachen Durchschnitt. Stattdessen ber\u00fccksichtigt unser System beispielsweise,<\/p>\n","protected":false},"featured_media":83189,"comment_status":"open","ping_status":"closed","template":"","meta":[],"product_cat":[233],"product_tag":[273],"class_list":{"0":"post-83188","1":"product","2":"type-product","3":"status-publish","4":"has-post-thumbnail","6":"product_cat-fitness","7":"product_tag-exercise-fitness-accessories","9":"first","10":"instock","11":"shipping-taxable","12":"product-type-external"},"aioseo_notices":[],"_links":{"self":[{"href":"https:\/\/topgetestet.de\/index.php?rest_route=\/wp\/v2\/product\/83188","targetHints":{"allow":["GET"]}}],"collection":[{"href":"https:\/\/topgetestet.de\/index.php?rest_route=\/wp\/v2\/product"}],"about":[{"href":"https:\/\/topgetestet.de\/index.php?rest_route=\/wp\/v2\/types\/product"}],"replies":[{"embeddable":true,"href":"https:\/\/topgetestet.de\/index.php?rest_route=%2Fwp%2Fv2%2Fcomments&post=83188"}],"wp:featuredmedia":[{"embeddable":true,"href":"https:\/\/topgetestet.de\/index.php?rest_route=\/wp\/v2\/media\/83189"}],"wp:attachment":[{"href":"https:\/\/topgetestet.de\/index.php?rest_route=%2Fwp%2Fv2%2Fmedia&parent=83188"}],"wp:term":[{"taxonomy":"product_cat","embeddable":true,"href":"https:\/\/topgetestet.de\/index.php?rest_route=%2Fwp%2Fv2%2Fproduct_cat&post=83188"},{"taxonomy":"product_tag","embeddable":true,"href":"https:\/\/topgetestet.de\/index.php?rest_route=%2Fwp%2Fv2%2Fproduct_tag&post=83188"}],"curies":[{"name":"wp","href":"https:\/\/api.w.org\/{rel}","templated":true}]}}