{"id":8312,"date":"2022-09-07T15:31:49","date_gmt":"2022-09-07T15:31:49","guid":{"rendered":"https:\/\/topgetestet.de\/?post_type=product&#038;p=8312"},"modified":"2022-09-07T15:31:49","modified_gmt":"2022-09-07T15:31:49","slug":"instax-mini-11-sofortbildkamera-flieder-lila","status":"publish","type":"product","link":"https:\/\/topgetestet.de\/?product=instax-mini-11-sofortbildkamera-flieder-lila","title":{"rendered":"instax Mini 11 Sofortbildkamera, Flieder-Lila"},"content":{"rendered":"<p>Price: <span style=\"color:#b12704\">[price_with_discount]<\/span><br \/><i><small>(as of [price_update_date] &#8211; <span class=\"wp_automatic_amazon_disclaimer\" title=\"Product prices and availability are accurate as of the date\/time indicated and are subject to change. Any price and availability information displayed on [relevant Amazon Site(s), as applicable] at the time of purchase will apply to the purchase of this product.\">Details<\/span>)<\/small><\/i><\/p>\n<p><a href=\"https:\/\/amazon.de\/dp\/B084S48RKB?tag=topgetestet09-21\"><img decoding=\"async\" src=\"https:\/\/i.imgur.com\/ISRHEWs.png\"><\/a><br \/>\n[ad_1]<br \/>\n <span>Die instax mini 11 liebt nichts mehr als Freunde und Familie zusammenzubringen.<\/span> <br \/>Eingebaute Selfielinse mit Selfi-Spiegel<br \/>Automatikblitz f\u00fcr ideale Aufnahmen<br \/>instax mini film, Bildgr\u00f6\u00dfe 54 (b) x 86 (H), Aufnahmengr\u00f6\u00dfe 46 (b) x 62 (H) mm<br \/>instax mini 11 Camera, Handschlaufe, 2 x Ausl\u00f6sekn\u00f6pfe, Bedienungsanleitung und AA Batterien x 2<br \/>\n<br \/>[ad_2]<\/p>\n","protected":false},"excerpt":{"rendered":"<p>Price: [price_with_discount](as of [price_update_date] &#8211; Details) [ad_1] Die instax mini 11 liebt nichts mehr als Freunde und Familie zusammenzubringen. Eingebaute Selfielinse mit Selfi-SpiegelAutomatikblitz f\u00fcr ideale Aufnahmeninstax mini film, Bildgr\u00f6\u00dfe 54<\/p>\n","protected":false},"featured_media":8313,"comment_status":"open","ping_status":"closed","template":"","meta":[],"product_cat":[226],"product_tag":[251],"class_list":{"0":"post-8312","1":"product","2":"type-product","3":"status-publish","4":"has-post-thumbnail","6":"product_cat-cameras","7":"product_tag-instant-film-cameras","9":"first","10":"instock","11":"sale","12":"shipping-taxable","13":"product-type-external"},"aioseo_notices":[],"_links":{"self":[{"href":"https:\/\/topgetestet.de\/index.php?rest_route=\/wp\/v2\/product\/8312","targetHints":{"allow":["GET"]}}],"collection":[{"href":"https:\/\/topgetestet.de\/index.php?rest_route=\/wp\/v2\/product"}],"about":[{"href":"https:\/\/topgetestet.de\/index.php?rest_route=\/wp\/v2\/types\/product"}],"replies":[{"embeddable":true,"href":"https:\/\/topgetestet.de\/index.php?rest_route=%2Fwp%2Fv2%2Fcomments&post=8312"}],"wp:featuredmedia":[{"embeddable":true,"href":"https:\/\/topgetestet.de\/index.php?rest_route=\/wp\/v2\/media\/8313"}],"wp:attachment":[{"href":"https:\/\/topgetestet.de\/index.php?rest_route=%2Fwp%2Fv2%2Fmedia&parent=8312"}],"wp:term":[{"taxonomy":"product_cat","embeddable":true,"href":"https:\/\/topgetestet.de\/index.php?rest_route=%2Fwp%2Fv2%2Fproduct_cat&post=8312"},{"taxonomy":"product_tag","embeddable":true,"href":"https:\/\/topgetestet.de\/index.php?rest_route=%2Fwp%2Fv2%2Fproduct_tag&post=8312"}],"curies":[{"name":"wp","href":"https:\/\/api.w.org\/{rel}","templated":true}]}}