{"id":82806,"date":"2022-11-13T17:34:40","date_gmt":"2022-11-13T17:34:40","guid":{"rendered":"https:\/\/topgetestet.de\/?product=nuofengkudu-damen-high-waist-sporthose-leggings-mit-taschen"},"modified":"2022-11-13T17:34:40","modified_gmt":"2022-11-13T17:34:40","slug":"nuofengkudu-damen-high-waist-sporthose-leggings-mit-taschen","status":"publish","type":"product","link":"https:\/\/topgetestet.de\/?product=nuofengkudu-damen-high-waist-sporthose-leggings-mit-taschen","title":{"rendered":"Nuofengkudu Damen High Waist Sporthose Leggings mit Taschen"},"content":{"rendered":"<p>Price: <span style=\"color:#b12704\">[price_with_discount]<\/span><br \/><i><small>(as of [price_update_date] &#8211; <span class=\"wp_automatic_amazon_disclaimer\" title=\"Product prices and availability are accurate as of the date\/time indicated and are subject to change. Any price and availability information displayed on [relevant Amazon Site(s), as applicable] at the time of purchase will apply to the purchase of this product.\">Details<\/span>)<\/small><\/i><\/p>\n<p><a href=\"https:\/\/amazon.de\/dp\/B08HWRCBRG?tag=topgetestet09-21\"><img decoding=\"async\" src=\"https:\/\/i.imgur.com\/ISRHEWs.png\"><\/a><br \/>\n[ad_1]<br \/>\n <span class=\"a-text-bold\">Willkommen bei Nuofengkudu!<\/span> <br \/> Verpackungsabmessungen \u200f : \u200e  27.8 x 21.8 x 2.4 cm; 260 Gramm <br \/> Im Angebot von Amazon.de seit \u200f : \u200e  16. September 2020 <br \/> ASIN \u200f : \u200e  B08J71XJXS <br \/> Herstellerreferenz \u200f : \u200e  20200915001 <\/p>\n<p>[Praktische Seitentaschen]: Zwei Seitentaschen bieten ausreichend Platz f\u00fcr Telefon und Lagerung von Schl\u00fcsseln, Kreditkarten, Schwei\u00dftuch und alle wesentlichen. Frauen \u00fcbung Kleidung Konturen Ihrer Kurven und rationalisiert Ihre Nat\u00fcrliche Form.<br \/>Hoher Bund<br \/>Verschluss: Tunnelzug<br \/>Material: mezcla de Algod\u00f3n (78% Poli\u00e9ster). Poli\u00e9ster y material Spandex puede ayudarle a sudar y mantener la extensi\u00f3n de la ropa<br \/>Skinny<br \/>[Performance Material]: Non see-through, Schwei\u00df\/Feuchtigkeitstransport, leicht, weich, atmungsaktiv und vier-Wege-stretch\/dehnbar Stoff laufen leggings Frauen mit Tasche. Nicht \u00fcberm\u00e4\u00dfig eng, bieten Ihnen eine gem\u00fctliche und maximale bequeme Passform Damen yoga Hose. Entfernen Sie Feuchtigkeit aus Ihrem K\u00f6rper, halten Sie trocken und leicht den ganzen Tag.<br \/>\n<br \/>[ad_2]<\/p>\n","protected":false},"excerpt":{"rendered":"<p>Price: [price_with_discount](as of [price_update_date] &#8211; Details) [ad_1] Willkommen bei Nuofengkudu! Verpackungsabmessungen \u200f : \u200e 27.8 x 21.8 x 2.4 cm; 260 Gramm Im Angebot von Amazon.de seit \u200f : \u200e<\/p>\n","protected":false},"featured_media":82807,"comment_status":"open","ping_status":"closed","template":"","meta":[],"product_cat":[233],"product_tag":[276],"class_list":{"0":"post-82806","1":"product","2":"type-product","3":"status-publish","4":"has-post-thumbnail","6":"product_cat-fitness","7":"product_tag-womens-clothing","9":"first","10":"instock","11":"shipping-taxable","12":"product-type-external"},"aioseo_notices":[],"_links":{"self":[{"href":"https:\/\/topgetestet.de\/index.php?rest_route=\/wp\/v2\/product\/82806","targetHints":{"allow":["GET"]}}],"collection":[{"href":"https:\/\/topgetestet.de\/index.php?rest_route=\/wp\/v2\/product"}],"about":[{"href":"https:\/\/topgetestet.de\/index.php?rest_route=\/wp\/v2\/types\/product"}],"replies":[{"embeddable":true,"href":"https:\/\/topgetestet.de\/index.php?rest_route=%2Fwp%2Fv2%2Fcomments&post=82806"}],"wp:featuredmedia":[{"embeddable":true,"href":"https:\/\/topgetestet.de\/index.php?rest_route=\/wp\/v2\/media\/82807"}],"wp:attachment":[{"href":"https:\/\/topgetestet.de\/index.php?rest_route=%2Fwp%2Fv2%2Fmedia&parent=82806"}],"wp:term":[{"taxonomy":"product_cat","embeddable":true,"href":"https:\/\/topgetestet.de\/index.php?rest_route=%2Fwp%2Fv2%2Fproduct_cat&post=82806"},{"taxonomy":"product_tag","embeddable":true,"href":"https:\/\/topgetestet.de\/index.php?rest_route=%2Fwp%2Fv2%2Fproduct_tag&post=82806"}],"curies":[{"name":"wp","href":"https:\/\/api.w.org\/{rel}","templated":true}]}}