{"id":82782,"date":"2022-11-13T14:12:03","date_gmt":"2022-11-13T14:12:03","guid":{"rendered":"https:\/\/topgetestet.de\/?product=kurzhantel-rack-mit-300kg-belastbarkeit-hantelstander-hantelablage"},"modified":"2022-11-13T14:12:03","modified_gmt":"2022-11-13T14:12:03","slug":"kurzhantel-rack-mit-300kg-belastbarkeit-hantelstander-hantelablage","status":"publish","type":"product","link":"https:\/\/topgetestet.de\/?product=kurzhantel-rack-mit-300kg-belastbarkeit-hantelstander-hantelablage","title":{"rendered":"Kurzhantel Rack mit 300kg Belastbarkeit Hantelst\u00e4nder Hantelablage"},"content":{"rendered":"<p>Price: <span style=\"color:#b12704\">[price_with_discount]<\/span><br \/><i><small>(as of [price_update_date] &#8211; <span class=\"wp_automatic_amazon_disclaimer\" title=\"Product prices and availability are accurate as of the date\/time indicated and are subject to change. Any price and availability information displayed on [relevant Amazon Site(s), as applicable] at the time of purchase will apply to the purchase of this product.\">Details<\/span>)<\/small><\/i><\/p>\n<p><a href=\"https:\/\/amazon.de\/dp\/B0B5VWFK32?tag=topgetestet09-21\"><img decoding=\"async\" src=\"https:\/\/i.imgur.com\/ISRHEWs.png\"><\/a><br \/>\n[ad_1]<br \/>\n Professionelles Equipment f\u00fcr dein Workout zu Hause oder im Studio. <br \/>MARKENQUALIT\u00c4T \u2013 Der massive Hantel St\u00e4nder ist HOCHWERTIG VERARBEITET und somit f\u00fcr die Ablage der Hanteln PERFEKT geeignet. Aus hochwertigen Materialien \u2013 Extrem widerstandsf\u00e4hig. Garantiert SICHERES Training.<br \/>SCHUTZ &#8211; Gummif\u00fc\u00dfe sch\u00fctzen den Fu\u00dfboden vor Kratzern.<br \/>ABLAGEFL\u00c4CHE &#8211; 8 Ablagen geeignen f\u00fcr Kurzhanteln mit einer Griffgr\u00f6\u00dfe von mindestens 12 cm.<br \/>DATEN UND VERSAND \u2013 Lieferumfang: 1x MSPORTS Hantel Rack | Material: Aus hochwertigem Stahl | Ma\u00dfe: L\/B\/H 43\/40\/80 cm | Farbe: Schwarz | VERSAND \u2013 Mit Paketdienst, nicht an Packstation, da zu gro\u00df.<br \/>\n<br \/>[ad_2]<\/p>\n","protected":false},"excerpt":{"rendered":"<p>Price: [price_with_discount](as of [price_update_date] &#8211; Details) [ad_1] Professionelles Equipment f\u00fcr dein Workout zu Hause oder im Studio. MARKENQUALIT\u00c4T \u2013 Der massive Hantel St\u00e4nder ist HOCHWERTIG VERARBEITET und somit f\u00fcr die<\/p>\n","protected":false},"featured_media":82783,"comment_status":"open","ping_status":"closed","template":"","meta":[],"product_cat":[233],"product_tag":[271],"class_list":{"0":"post-82782","1":"product","2":"type-product","3":"status-publish","4":"has-post-thumbnail","6":"product_cat-fitness","7":"product_tag-strength-training-equipment","9":"first","10":"instock","11":"shipping-taxable","12":"product-type-external"},"aioseo_notices":[],"_links":{"self":[{"href":"https:\/\/topgetestet.de\/index.php?rest_route=\/wp\/v2\/product\/82782","targetHints":{"allow":["GET"]}}],"collection":[{"href":"https:\/\/topgetestet.de\/index.php?rest_route=\/wp\/v2\/product"}],"about":[{"href":"https:\/\/topgetestet.de\/index.php?rest_route=\/wp\/v2\/types\/product"}],"replies":[{"embeddable":true,"href":"https:\/\/topgetestet.de\/index.php?rest_route=%2Fwp%2Fv2%2Fcomments&post=82782"}],"wp:featuredmedia":[{"embeddable":true,"href":"https:\/\/topgetestet.de\/index.php?rest_route=\/wp\/v2\/media\/82783"}],"wp:attachment":[{"href":"https:\/\/topgetestet.de\/index.php?rest_route=%2Fwp%2Fv2%2Fmedia&parent=82782"}],"wp:term":[{"taxonomy":"product_cat","embeddable":true,"href":"https:\/\/topgetestet.de\/index.php?rest_route=%2Fwp%2Fv2%2Fproduct_cat&post=82782"},{"taxonomy":"product_tag","embeddable":true,"href":"https:\/\/topgetestet.de\/index.php?rest_route=%2Fwp%2Fv2%2Fproduct_tag&post=82782"}],"curies":[{"name":"wp","href":"https:\/\/api.w.org\/{rel}","templated":true}]}}