{"id":82682,"date":"2022-11-12T22:10:48","date_gmt":"2022-11-12T22:10:48","guid":{"rendered":"https:\/\/topgetestet.de\/?product=xiaomi-mi-band-5-smart-fitness-bracelet-black"},"modified":"2022-11-12T22:10:48","modified_gmt":"2022-11-12T22:10:48","slug":"xiaomi-mi-band-5-smart-fitness-bracelet-black","status":"publish","type":"product","link":"https:\/\/topgetestet.de\/?product=xiaomi-mi-band-5-smart-fitness-bracelet-black","title":{"rendered":"Xiaomi Mi Band 5 &#8211; Smart Fitness Bracelet Black"},"content":{"rendered":"<p>Price: <span style=\"color:#b12704\">[price_with_discount]<\/span><br \/><i><small>(as of [price_update_date] &#8211; <span class=\"wp_automatic_amazon_disclaimer\" title=\"Product prices and availability are accurate as of the date\/time indicated and are subject to change. Any price and availability information displayed on [relevant Amazon Site(s), as applicable] at the time of purchase will apply to the purchase of this product.\">Details<\/span>)<\/small><\/i><\/p>\n<p><a href=\"https:\/\/amazon.de\/dp\/B08BC6NT73?tag=topgetestet09-21\"><img decoding=\"async\" src=\"https:\/\/i.imgur.com\/ISRHEWs.png\"><\/a><br \/>\n[ad_1]<br \/>\n <span>Wie viele Kalorien habe ich verbrannt? Gibt es neue Nachrichten? Ein Blick auf Ihr Mi Band 5 gen\u00fcgt, um diese und andere Fragen zu beantworten.<\/span> <br \/> Batterien \u200f : \u200e  1 Lithium-Metall Batterien erforderlich (enthalten). <br \/> Produktabmessungen \u200f : \u200e  4.69 x 1.81 x 1.24 cm; 22 Gramm <br \/> Im Angebot von Amazon.de seit \u200f : \u200e  17. Juni 2020 <br \/> Hersteller \u200f : \u200e  Xiaomi <br \/> ASIN \u200f : \u200e  B08BC6NT73 <br \/> Modellnummer \u200f : \u200e  XMSH11HM <br \/> Herkunftsland \u200f : \u200e  China <\/p>\n<p>Neuer farbiger Amoled-Touchscreen<br \/>Erh\u00f6hte Wasserbest\u00e4ndigkeit: Xiaomi Mi Band 5 kann gut unter Wasser arbeiten und Ihre t\u00e4glichen Aufgaben erf\u00fcllen.<br \/>Praktische Funktionen: Sofortiges Anzeigen von SMS, Anrufen, App-Benachrichtigungen und Musik.<br \/>Verwalten Sie Ihre Gesundheit: Xiaomi Mi Band 5 steuert Ihre Schritte, Herzfrequenz, verbrannten Kalorien usw. und es kann Ihnen helfen, Ihre Schlafgewohnheiten anzupassen<br \/>Leistungsst\u00e4rkerer Akku: Bei normalem Gebrauch kann das Xiaomi Mi Band 5 l\u00e4nger als 20 Tage verwendet werden.<br \/>\n<br \/>[ad_2]<\/p>\n","protected":false},"excerpt":{"rendered":"<p>Price: [price_with_discount](as of [price_update_date] &#8211; Details) [ad_1] Wie viele Kalorien habe ich verbrannt? Gibt es neue Nachrichten? Ein Blick auf Ihr Mi Band 5 gen\u00fcgt, um diese und andere Fragen<\/p>\n","protected":false},"featured_media":82683,"comment_status":"open","ping_status":"closed","template":"","meta":[],"product_cat":[233],"product_tag":[275],"class_list":{"0":"post-82682","1":"product","2":"type-product","3":"status-publish","4":"has-post-thumbnail","6":"product_cat-fitness","7":"product_tag-activity-fitness-tracker","9":"first","10":"instock","11":"shipping-taxable","12":"product-type-external"},"aioseo_notices":[],"_links":{"self":[{"href":"https:\/\/topgetestet.de\/index.php?rest_route=\/wp\/v2\/product\/82682","targetHints":{"allow":["GET"]}}],"collection":[{"href":"https:\/\/topgetestet.de\/index.php?rest_route=\/wp\/v2\/product"}],"about":[{"href":"https:\/\/topgetestet.de\/index.php?rest_route=\/wp\/v2\/types\/product"}],"replies":[{"embeddable":true,"href":"https:\/\/topgetestet.de\/index.php?rest_route=%2Fwp%2Fv2%2Fcomments&post=82682"}],"wp:featuredmedia":[{"embeddable":true,"href":"https:\/\/topgetestet.de\/index.php?rest_route=\/wp\/v2\/media\/82683"}],"wp:attachment":[{"href":"https:\/\/topgetestet.de\/index.php?rest_route=%2Fwp%2Fv2%2Fmedia&parent=82682"}],"wp:term":[{"taxonomy":"product_cat","embeddable":true,"href":"https:\/\/topgetestet.de\/index.php?rest_route=%2Fwp%2Fv2%2Fproduct_cat&post=82682"},{"taxonomy":"product_tag","embeddable":true,"href":"https:\/\/topgetestet.de\/index.php?rest_route=%2Fwp%2Fv2%2Fproduct_tag&post=82682"}],"curies":[{"name":"wp","href":"https:\/\/api.w.org\/{rel}","templated":true}]}}