{"id":82493,"date":"2022-11-11T17:15:50","date_gmt":"2022-11-11T17:15:50","guid":{"rendered":"https:\/\/topgetestet.de\/?product=phantom-resistance-tubes-fitness-expander-widerstandsbander-bizeps-training"},"modified":"2022-11-11T17:15:50","modified_gmt":"2022-11-11T17:15:50","slug":"phantom-resistance-tubes-fitness-expander-widerstandsbander-bizeps-training","status":"publish","type":"product","link":"https:\/\/topgetestet.de\/?product=phantom-resistance-tubes-fitness-expander-widerstandsbander-bizeps-training","title":{"rendered":"Phantom Resistance Tubes &#8211; Fitness-Expander | Widerstandsb\u00e4nder Bizeps Training"},"content":{"rendered":"<p>Price: <span style=\"color:#b12704\">[price_with_discount]<\/span><br \/><i><small>(as of [price_update_date] &#8211; <span class=\"wp_automatic_amazon_disclaimer\" title=\"Product prices and availability are accurate as of the date\/time indicated and are subject to change. Any price and availability information displayed on [relevant Amazon Site(s), as applicable] at the time of purchase will apply to the purchase of this product.\">Details<\/span>)<\/small><\/i><\/p>\n<p><a href=\"https:\/\/amazon.de\/dp\/B09FQ4VK19?tag=topgetestet09-21\"><img decoding=\"async\" src=\"https:\/\/i.imgur.com\/ISRHEWs.png\"><\/a><br \/>\n[ad_1]<br \/>\n <span>Die ideale Erg\u00e4nzung f\u00fcr dein daily Workout &#8211; egal ob zuhause oder im Fitnessstudio. Trainiere effektiv Oberk\u00f6rper, Core und Arme mit den Resistance Tubes. Gestalte dein Krafttraining intensiver, ideal f\u00fcr Curls, Shoulder-Presses und Rows,&nbsp;f\u00fcr Beginner und Profis, f\u00fcr Zuhause oder Fitness-Studio. W\u00e4hle zwischen drei Widerst\u00e4nden f\u00fcr deinen idealen Trainingserfolg.<\/span> <br \/>KRAFTTRAINING+: Universelles Trainings-Zubeh\u00f6r! Nutze das Fitness-Band f\u00fcr Bankdr\u00fccken, Biceps-Curls, Bankdr\u00fccken, Rudern uvm. Trainiere effektiv Arme, Brust, R\u00fccken und Schultern Zuhause. mit dem Phantom Widerstandsband mit Griff.<br \/>H\u00d6CHSTE QUALIT\u00c4T: Gefertigt aus 100% schadstofffreiem Natur-Latex, bieten die Profi Resistanceb\u00e4nder langanhaltende Spannkraft und Rei\u00dffestigkeit, f\u00fcr zahlreiche Oberk\u00f6rper, Arm, Beine, Booty Trainings. Im Set mit praktischen Tragebeutel.<br \/>3 GR\u00d6SSEN: LIGHT bis HEAVY (Leicht bis Stark). W\u00e4hle die St\u00e4rke die du ben\u00f6tigst, egal ob im Gym, oder im Home-Workout: LIGHT bietet wenig Widerstand (z.b. f\u00fcr Lateral Arm Raise). HEAVY bietet viel Widerstand (z.b. f\u00fcr Kniebeugen).<br \/>PHANTOM: Mit unserer jahrelangen Erfahrung im Fitness- und Kraftsportbereich statten wir Athleten mit innovativem und stylischem Sport-Equipment f\u00fcr Topleistungen im Training aus.<br \/>\n<br \/>[ad_2]<\/p>\n","protected":false},"excerpt":{"rendered":"<p>Price: [price_with_discount](as of [price_update_date] &#8211; Details) [ad_1] Die ideale Erg\u00e4nzung f\u00fcr dein daily Workout &#8211; egal ob zuhause oder im Fitnessstudio. Trainiere effektiv Oberk\u00f6rper, Core und Arme mit den Resistance<\/p>\n","protected":false},"featured_media":82494,"comment_status":"open","ping_status":"closed","template":"","meta":[],"product_cat":[233],"product_tag":[271],"class_list":{"0":"post-82493","1":"product","2":"type-product","3":"status-publish","4":"has-post-thumbnail","6":"product_cat-fitness","7":"product_tag-strength-training-equipment","9":"first","10":"instock","11":"shipping-taxable","12":"product-type-external"},"aioseo_notices":[],"_links":{"self":[{"href":"https:\/\/topgetestet.de\/index.php?rest_route=\/wp\/v2\/product\/82493","targetHints":{"allow":["GET"]}}],"collection":[{"href":"https:\/\/topgetestet.de\/index.php?rest_route=\/wp\/v2\/product"}],"about":[{"href":"https:\/\/topgetestet.de\/index.php?rest_route=\/wp\/v2\/types\/product"}],"replies":[{"embeddable":true,"href":"https:\/\/topgetestet.de\/index.php?rest_route=%2Fwp%2Fv2%2Fcomments&post=82493"}],"wp:featuredmedia":[{"embeddable":true,"href":"https:\/\/topgetestet.de\/index.php?rest_route=\/wp\/v2\/media\/82494"}],"wp:attachment":[{"href":"https:\/\/topgetestet.de\/index.php?rest_route=%2Fwp%2Fv2%2Fmedia&parent=82493"}],"wp:term":[{"taxonomy":"product_cat","embeddable":true,"href":"https:\/\/topgetestet.de\/index.php?rest_route=%2Fwp%2Fv2%2Fproduct_cat&post=82493"},{"taxonomy":"product_tag","embeddable":true,"href":"https:\/\/topgetestet.de\/index.php?rest_route=%2Fwp%2Fv2%2Fproduct_tag&post=82493"}],"curies":[{"name":"wp","href":"https:\/\/api.w.org\/{rel}","templated":true}]}}