{"id":82386,"date":"2022-11-10T22:43:30","date_gmt":"2022-11-10T22:43:30","guid":{"rendered":"https:\/\/topgetestet.de\/?product=bellabeat-leaf-damen-gesundheits-tracker-kristall-silberfarben"},"modified":"2022-11-10T22:43:30","modified_gmt":"2022-11-10T22:43:30","slug":"bellabeat-leaf-damen-gesundheits-tracker-kristall-silberfarben","status":"publish","type":"product","link":"https:\/\/topgetestet.de\/?product=bellabeat-leaf-damen-gesundheits-tracker-kristall-silberfarben","title":{"rendered":"Bellabeat Leaf Damen-Gesundheits-Tracker, Kristall, silberfarben"},"content":{"rendered":"<p>Price: <span style=\"color:#b12704\">[price_with_discount]<\/span><br \/><i><small>(as of [price_update_date] &#8211; <span class=\"wp_automatic_amazon_disclaimer\" title=\"Product prices and availability are accurate as of the date\/time indicated and are subject to change. Any price and availability information displayed on [relevant Amazon Site(s), as applicable] at the time of purchase will apply to the purchase of this product.\">Details<\/span>)<\/small><\/i><\/p>\n<p><a href=\"https:\/\/amazon.de\/dp\/B07ZQPK2KP?tag=topgetestet09-21\"><img decoding=\"async\" src=\"https:\/\/i.imgur.com\/ISRHEWs.png\"><\/a><br \/>\n[ad_1]<br \/>\n <span>Der Bella Beat Leaf Kristall ist ein Gesundheits-Tracker in Form von sch\u00f6nem Schmuck, der zusammen arbeitet und mit der Bella Beat App synchronisiert. Ohne Bildschirme oder Kn\u00f6pfe, der Bella Beat Leaf Crystal Smart Jewelry Gesundheits-Tracker verf\u00fcgt \u00fcber Swarovski-Kristalle, hypoallergenen Edelstahl und Holzverbundstoff. Dieses wundersch\u00f6ne Schmuckst\u00fcck dient auch als Wellness-Tracker und gibt Ihnen Einblick in Ihren t\u00e4glichen Lebensstil. Sie k\u00f6nnen \u00fcber Ihre Gewohnheiten informieren, Meilensteine erstellen und Ihre Ziele mit diesem funktionalen aber modischen Wellness-Monitor erreichen. Erstellt mit Swarovski-Kristallen, der Bella Beat Leaf Crystal Smart Schmuck wurde von klassischer Eleganz und Glamour inspiriert, um Sie sowohl innen als auch au\u00dfen gl\u00e4nzen zu lassen. Optimiert f\u00fcr die Gesundheit der Frauen; der Bella Beat Leaf Crystal verfolgt Schlaf, Aktivit\u00e4t, reproduktive Gesundheit, bietet Einblicke, bietet Meditationen und vieles mehr. Der Blattkristall kann dank seines wasserabweisenden Designs und der nat\u00fcrlichen hypoallergenen Materialien den ganzen Tag \u00fcber getragen werden, in der Dusche, beim Training und in der Nacht. Er kann auf 3 verschiedene Arten getragen werden (Armband, Halskette oder Clip). Kombinieren Sie es mit dem exklusiven Kristallarmband (separat erh\u00e4ltlich), um Ihre Ziele im absoluten Stil zu erreichen, oder tragen Sie es als eigenst\u00e4ndiges Accessoire f\u00fcr ein funkelndes Handgelenk. Weitere Merkmale sind: Erstellt mit Swarovski-Kristallen, 6 Monate Akkulaufzeit, keine Bildschirme oder Tasten, wasserdicht (IPX Grad 6), Blattkristall ist duschsicher, tragen Sie es als (Armband, Halskette oder Clip), Tracks (Aktivit\u00e4t, Schlaf, Stressbest\u00e4ndigkeit, Meditation und reproduktive Gesundheit) und hergestellt aus Holzverbundmaterial und hypoallergenem Edelstahl.<\/span> <br \/> Batterien \u200f : \u200e  1 Lithium-Metall Batterien erforderlich (enthalten). <br \/> Sprache \u200f : \u200e  Englisch <br \/> Verpackungsabmessungen \u200f : \u200e  15.3 x 13.3 x 3 cm; 118 Gramm <br \/> Im Angebot von Amazon.de seit \u200f : \u200e  21. Januar 2020 <br \/> Hersteller \u200f : \u200e  Bellabeat <br \/> ASIN \u200f : \u200e  B07ZQPK2KP <br \/> Modellnummer \u200f : \u200e  HT-40LF-WS-01 <\/p>\n<p>Der Bella Beat Leaf Crystal ist ein Wellness-Gesundheits-Tracker in Form von sch\u00f6nem Smart-Schmuck, der zusammen arbeitet und mit der Bella Beat App synchronisiert<br \/>Mit Swarovski-Kristallen erstellt der Blattkristall \u00fcberwacht Aktivit\u00e4t, Schlaf, Stressresistenz, Meditation und Fortpflanzungsgesundheit<br \/>Als stilvolles Schmuckst\u00fcck, das auf 3 verschiedene Arten getragen werden kann (Halskette, Armband und Clip). Es passt zu jedem Anlass oder Outfit<br \/>Aus Holzverbundmaterial und hypoallergenem Edelstahl, aber auch wasserdicht (IPX Grad 6)<br \/>Mit bis zu 6 Monaten Akkulaufzeit m\u00fcssen Sie sich keine Sorgen mehr \u00fcber das Aufladen machen, einfach die Batterie austauschen, sobald sie leer ist<br \/>\n<br \/>[ad_2]<\/p>\n","protected":false},"excerpt":{"rendered":"<p>Price: [price_with_discount](as of [price_update_date] &#8211; Details) [ad_1] Der Bella Beat Leaf Kristall ist ein Gesundheits-Tracker in Form von sch\u00f6nem Schmuck, der zusammen arbeitet und mit der Bella Beat App synchronisiert.<\/p>\n","protected":false},"featured_media":82387,"comment_status":"open","ping_status":"closed","template":"","meta":[],"product_cat":[233],"product_tag":[275],"class_list":{"0":"post-82386","1":"product","2":"type-product","3":"status-publish","4":"has-post-thumbnail","6":"product_cat-fitness","7":"product_tag-activity-fitness-tracker","9":"first","10":"instock","11":"shipping-taxable","12":"product-type-external"},"aioseo_notices":[],"_links":{"self":[{"href":"https:\/\/topgetestet.de\/index.php?rest_route=\/wp\/v2\/product\/82386","targetHints":{"allow":["GET"]}}],"collection":[{"href":"https:\/\/topgetestet.de\/index.php?rest_route=\/wp\/v2\/product"}],"about":[{"href":"https:\/\/topgetestet.de\/index.php?rest_route=\/wp\/v2\/types\/product"}],"replies":[{"embeddable":true,"href":"https:\/\/topgetestet.de\/index.php?rest_route=%2Fwp%2Fv2%2Fcomments&post=82386"}],"wp:featuredmedia":[{"embeddable":true,"href":"https:\/\/topgetestet.de\/index.php?rest_route=\/wp\/v2\/media\/82387"}],"wp:attachment":[{"href":"https:\/\/topgetestet.de\/index.php?rest_route=%2Fwp%2Fv2%2Fmedia&parent=82386"}],"wp:term":[{"taxonomy":"product_cat","embeddable":true,"href":"https:\/\/topgetestet.de\/index.php?rest_route=%2Fwp%2Fv2%2Fproduct_cat&post=82386"},{"taxonomy":"product_tag","embeddable":true,"href":"https:\/\/topgetestet.de\/index.php?rest_route=%2Fwp%2Fv2%2Fproduct_tag&post=82386"}],"curies":[{"name":"wp","href":"https:\/\/api.w.org\/{rel}","templated":true}]}}