{"id":82172,"date":"2022-11-09T11:53:20","date_gmt":"2022-11-09T11:53:20","guid":{"rendered":"https:\/\/topgetestet.de\/?product=seidensticker-damen-bluse-fashion-bluse-rundhalsausschnitt-kurzarm-100-viskose"},"modified":"2022-11-09T11:53:20","modified_gmt":"2022-11-09T11:53:20","slug":"seidensticker-damen-bluse-fashion-bluse-rundhalsausschnitt-kurzarm-100-viskose","status":"publish","type":"product","link":"https:\/\/topgetestet.de\/?product=seidensticker-damen-bluse-fashion-bluse-rundhalsausschnitt-kurzarm-100-viskose","title":{"rendered":"Seidensticker Damen Bluse &#8211; Fashion Bluse &#8211; Rundhalsausschnitt &#8211; Kurzarm &#8211; 100% Viskose"},"content":{"rendered":"<p>Price: <span style=\"color:#b12704\">[price_with_discount]<\/span><br \/><i><small>(as of [price_update_date] &#8211; <span class=\"wp_automatic_amazon_disclaimer\" title=\"Product prices and availability are accurate as of the date\/time indicated and are subject to change. Any price and availability information displayed on [relevant Amazon Site(s), as applicable] at the time of purchase will apply to the purchase of this product.\">Details<\/span>)<\/small><\/i><\/p>\n<p><a href=\"https:\/\/amazon.de\/dp\/B099JZY9Q7?tag=topgetestet09-21\"><img decoding=\"async\" src=\"https:\/\/i.imgur.com\/ISRHEWs.png\"><\/a><br \/>\n[ad_1]<br \/>\n <span>Seidensticker Damen Bluse &#8211; Mit der lang\u00e4rmligen Bluse macht man im B\u00fcro, auf der Sommer-Party oder auch einfach im Alltag eine gute Figur. Sie unterstreicht mit ihrem leicht taillierten Schnitt die feminine Silhouette. Im Winter l\u00e4sst sie sich super zu einem Hosenanzug oder einem Blazer kombinieren. Das weiche Viskose-Material der Damenoberbekleidung liegt angenehm auf der Haut und sorgt f\u00fcr ein komfortables Tragegef\u00fchl. Seidensticker Blusen entsprechen dem OEKO-TEX Standard 100. Seidensticker &#8211; Souver\u00e4nit\u00e4t, schlichte Eleganz und Zeitlosigkeit: Seidensticker ist nicht nur der Hemdenhersteller mit dem h\u00f6chsten Bekanntheitsgrad in Deutschland, sondern vereint vor allem Tradition und Innovation und steht f\u00fcr modernes Stilgef\u00fchl. Konzentrierte Sortimente von Hemden und Blusen verbinden sich mit Trends zu klaren Kollektionen &#8211; versinnbildlicht durch die Schwarze Rose, das unverkennbare Zeichen der Marke.<\/span> <br \/> Verpackungsabmessungen \u200f : \u200e  50.7 x 32.79 x 3.7 cm; 140 Gramm <br \/> Im Angebot von Amazon.de seit \u200f : \u200e  15. Juli 2021 <br \/> Hersteller \u200f : \u200e  Seidensticker <br \/> ASIN \u200f : \u200e  B099JZY9Q7 <br \/> Modellnummer \u200f : \u200e  60.132562 <\/p>\n<p>Die Bluse l\u00e4sst sich im Sommer wie im Herbst oder Winter zum Blazer, Rock oder Hosenanzug kombinieren und verleiht jedem Outfit einen extravaganten Look<br \/>Kragenform: ohne Kragen<br \/>Kurzarm<br \/>Verschluss: Knopf<br \/>100% Viskose<br \/>Bluse<br \/>\n<br \/>[ad_2]<\/p>\n","protected":false},"excerpt":{"rendered":"<p>Price: [price_with_discount](as of [price_update_date] &#8211; Details) [ad_1] Seidensticker Damen Bluse &#8211; Mit der lang\u00e4rmligen Bluse macht man im B\u00fcro, auf der Sommer-Party oder auch einfach im Alltag eine gute Figur.<\/p>\n","protected":false},"featured_media":82173,"comment_status":"open","ping_status":"closed","template":"","meta":[],"product_cat":[233],"product_tag":[276],"class_list":{"0":"post-82172","1":"product","2":"type-product","3":"status-publish","4":"has-post-thumbnail","6":"product_cat-fitness","7":"product_tag-womens-clothing","9":"first","10":"instock","11":"shipping-taxable","12":"product-type-external"},"aioseo_notices":[],"_links":{"self":[{"href":"https:\/\/topgetestet.de\/index.php?rest_route=\/wp\/v2\/product\/82172","targetHints":{"allow":["GET"]}}],"collection":[{"href":"https:\/\/topgetestet.de\/index.php?rest_route=\/wp\/v2\/product"}],"about":[{"href":"https:\/\/topgetestet.de\/index.php?rest_route=\/wp\/v2\/types\/product"}],"replies":[{"embeddable":true,"href":"https:\/\/topgetestet.de\/index.php?rest_route=%2Fwp%2Fv2%2Fcomments&post=82172"}],"wp:featuredmedia":[{"embeddable":true,"href":"https:\/\/topgetestet.de\/index.php?rest_route=\/wp\/v2\/media\/82173"}],"wp:attachment":[{"href":"https:\/\/topgetestet.de\/index.php?rest_route=%2Fwp%2Fv2%2Fmedia&parent=82172"}],"wp:term":[{"taxonomy":"product_cat","embeddable":true,"href":"https:\/\/topgetestet.de\/index.php?rest_route=%2Fwp%2Fv2%2Fproduct_cat&post=82172"},{"taxonomy":"product_tag","embeddable":true,"href":"https:\/\/topgetestet.de\/index.php?rest_route=%2Fwp%2Fv2%2Fproduct_tag&post=82172"}],"curies":[{"name":"wp","href":"https:\/\/api.w.org\/{rel}","templated":true}]}}