{"id":82013,"date":"2022-11-08T12:25:28","date_gmt":"2022-11-08T12:25:28","guid":{"rendered":"https:\/\/topgetestet.de\/?product=marc-opolo-damen-jeans"},"modified":"2022-11-08T12:25:28","modified_gmt":"2022-11-08T12:25:28","slug":"marc-opolo-damen-jeans","status":"publish","type":"product","link":"https:\/\/topgetestet.de\/?product=marc-opolo-damen-jeans","title":{"rendered":"Marc O&#8217;Polo Damen Jeans"},"content":{"rendered":"<p>Price: <span style=\"color:#b12704\">[price_with_discount]<\/span><br \/><i><small>(as of [price_update_date] &#8211; <span class=\"wp_automatic_amazon_disclaimer\" title=\"Product prices and availability are accurate as of the date\/time indicated and are subject to change. Any price and availability information displayed on [relevant Amazon Site(s), as applicable] at the time of purchase will apply to the purchase of this product.\">Details<\/span>)<\/small><\/i><\/p>\n<p><a href=\"https:\/\/amazon.de\/dp\/B09311RND6?tag=topgetestet09-21\"><img decoding=\"async\" src=\"https:\/\/i.imgur.com\/ISRHEWs.png\"><\/a><br \/>\n[ad_1]<br \/>\n <span>MARC O\u2018POLO CASUAL, Damen Jeans, klassische Damenhose im Five, Pocket, Stil aus nachhaltiger Baumwolle Die moderne, schicke Damen Hose von Marc O\u2019Polo hat eine angenehme Passform, ist schmal geschnitten, sitzt angenehm an den Beinen und ist strapazierf\u00e4hig sowie elastisch. Unsere Damen Hosen k\u00f6nnen im Alltag, B\u00fcro oder in der Freizeit getragen werden, aber auch zu vielen weiteren Anl\u00e4ssen ist die Stretch, Jeans kombinierbar. Durch die nat\u00fcrlichen und hochwertigen Materialien bietet unsere bequeme Chino einen hohen Tragekomfort. Markenversprechen: Die Premium Marke MARC O\u2018POLO mit skandinavischen Wurzeln ist heute zu einer der international f\u00fchrenden Marken in ihrem Segment geworden. MARC O\u2019POLO steht f\u00fcr zeitgem\u00e4\u00dfe, moderne Casual Wear und Kleidung. Wir setzen auf Bio, Baumwolle aus zertifiziertem Anbau und Naturfasern aus biologischer Landwirtschaft ohne gentechnisch ver\u00e4ndertes Saatgut, synthetische Pestizide und D\u00fcngemittel.<\/p>\n<p>MARC O&#8217;POLO CASUAL, women&#8217;s jeans, classic women&#8217;s trousers in five, pocket, style made of sustainable cotton. The modern, chic women&#8217;s trousers from Marc O&#8217;Polo have a comfortable fit, is slim cut, sits comfortably on the legs and are durable and elastic. Our women&#8217;s trousers can be worn in everyday life, office or leisure, but the stretch, jeans can also be combined on many other occasions. Thanks to the natural and high-quality materials, our comfortable chino offers a high level of comfort. Brand promise: the premium brand MARC O&#8217;POLO with Scandinavian roots has become one of the international leading brands in its segment today. MARC O&#8217;POLO stands for contemporary, modern casual wear and clothing. We rely on organic, cotton from certified cultivation and natural fibres from organic agriculture without genetically modified seeds, synthetic pesticides and fertilisers.<\/span> <br \/> Verpackungsabmessungen \u200f : \u200e  43.59 x 32.08 x 5.79 cm; 500 Gramm <br \/> Im Angebot von Amazon.de seit \u200f : \u200e  20. April 2021 <br \/> Hersteller \u200f : \u200e  Marc O&#8217;Polo <br \/> ASIN \u200f : \u200e  B0931329VS <br \/> Modellnummer \u200f : \u200e  B01901312115 <\/p>\n<p>QUALIT\u00c4T \u2013 Dieses Langarmshirt besteht nur aus Premium Materialien und besitzt neben dem sauber verarbeiteten Rundhalsschnitt auch ein Label Print auf Brusth\u00f6he<br \/>Verschluss: Rei\u00dfverschluss<br \/>98% Baumwolle, 2% Elasthan<br \/>Carrot<br \/>Pflegehinweis: Maschinenw\u00e4sche<br \/>Modellnummer: B01901312115<br \/>\n<br \/>[ad_2]<\/p>\n","protected":false},"excerpt":{"rendered":"<p>Price: [price_with_discount](as of [price_update_date] &#8211; Details) [ad_1] MARC O\u2018POLO CASUAL, Damen Jeans, klassische Damenhose im Five, Pocket, Stil aus nachhaltiger Baumwolle Die moderne, schicke Damen Hose von Marc O\u2019Polo hat<\/p>\n","protected":false},"featured_media":82014,"comment_status":"open","ping_status":"closed","template":"","meta":[],"product_cat":[233],"product_tag":[276],"class_list":{"0":"post-82013","1":"product","2":"type-product","3":"status-publish","4":"has-post-thumbnail","6":"product_cat-fitness","7":"product_tag-womens-clothing","9":"first","10":"instock","11":"shipping-taxable","12":"product-type-external"},"aioseo_notices":[],"_links":{"self":[{"href":"https:\/\/topgetestet.de\/index.php?rest_route=\/wp\/v2\/product\/82013","targetHints":{"allow":["GET"]}}],"collection":[{"href":"https:\/\/topgetestet.de\/index.php?rest_route=\/wp\/v2\/product"}],"about":[{"href":"https:\/\/topgetestet.de\/index.php?rest_route=\/wp\/v2\/types\/product"}],"replies":[{"embeddable":true,"href":"https:\/\/topgetestet.de\/index.php?rest_route=%2Fwp%2Fv2%2Fcomments&post=82013"}],"wp:featuredmedia":[{"embeddable":true,"href":"https:\/\/topgetestet.de\/index.php?rest_route=\/wp\/v2\/media\/82014"}],"wp:attachment":[{"href":"https:\/\/topgetestet.de\/index.php?rest_route=%2Fwp%2Fv2%2Fmedia&parent=82013"}],"wp:term":[{"taxonomy":"product_cat","embeddable":true,"href":"https:\/\/topgetestet.de\/index.php?rest_route=%2Fwp%2Fv2%2Fproduct_cat&post=82013"},{"taxonomy":"product_tag","embeddable":true,"href":"https:\/\/topgetestet.de\/index.php?rest_route=%2Fwp%2Fv2%2Fproduct_tag&post=82013"}],"curies":[{"name":"wp","href":"https:\/\/api.w.org\/{rel}","templated":true}]}}