{"id":81968,"date":"2022-11-08T06:49:03","date_gmt":"2022-11-08T06:49:03","guid":{"rendered":"https:\/\/topgetestet.de\/?product=elite-sportz-abmat-for-crossfit-bauchtrainer-matte-fur-sit-up"},"modified":"2022-11-08T06:49:03","modified_gmt":"2022-11-08T06:49:03","slug":"elite-sportz-abmat-for-crossfit-bauchtrainer-matte-fur-sit-up","status":"publish","type":"product","link":"https:\/\/topgetestet.de\/?product=elite-sportz-abmat-for-crossfit-bauchtrainer-matte-fur-sit-up","title":{"rendered":"Elite Sportz Abmat for Crossfit &#8211; Bauchtrainer Matte f\u00fcr Sit up"},"content":{"rendered":"<p>Price: <span style=\"color:#b12704\">[price_with_discount]<\/span><br \/><i><small>(as of [price_update_date] &#8211; <span class=\"wp_automatic_amazon_disclaimer\" title=\"Product prices and availability are accurate as of the date\/time indicated and are subject to change. Any price and availability information displayed on [relevant Amazon Site(s), as applicable] at the time of purchase will apply to the purchase of this product.\">Details<\/span>)<\/small><\/i><\/p>\n<p><a href=\"https:\/\/amazon.de\/dp\/B010U86G5E?tag=topgetestet09-21\"><img decoding=\"async\" src=\"https:\/\/i.imgur.com\/ISRHEWs.png\"><\/a><br \/>\n[ad_1]<br \/>\n <span>Unsere Elite Sportz Bauchtrainings-Matte besteht aus hochwertigem Material, ist langlebig und sehr komfortabel. <\/p>\n<p> Sie werden ganz schnell ein direktes Brennen in den Bauchmuskeln beim Training sp\u00fcren, indem Sie dank dem unterst\u00fctzten, unteren R\u00fccken viel besserer und erweiterte Sit Ups durchf\u00fchren k\u00f6nnen. <\/p>\n<p> Die Bauchtrainings-Matte hat folgende Ma\u00dfe: <br \/> 36,83 cm x 30,48 cm x 7,62 cm <\/p>\n<p> Die Elite Sportz Equipment Abdominal Mat wurde hergestellt, um: <br \/> <\/span><br \/>SEHR KOMFORTABEL UND NOTWENDIG, UM DEN UNTEREN R\u00dcCKEN BEIM TRAINING ZU UNTERST\u00dcTZEN: es ist eine sehr bequeme Bauch-Matte f\u00fcr zu Hause oder im Fitnessbereich. Und wie Sie bereits wissen, sollte man keine Sit Ups machen, ohne den unteren R\u00fccken zu unterst\u00fctzen. Um Verletzungen zu vermeiden, haben wir eine hochwertige Cross fit-Ab-Matte hergestellt, die s\u00e4mtliche Belastungen reduziert und ihnen erlaubt, ganz einfach die Situps zu machen.<br \/>ZUGANG ZUM VIDEO-ANWENDUNGSTRAINING: Wir haben extra \u201eHow to\u201c Trainings-Videos auf (die URL finden Sie auf der Verpackung) f\u00fcr Sie zur Verf\u00fcgung gestellt, damit wir auch sichergehen k\u00f6nnen, dass Sie ihre Sit Ups korrekt ausf\u00fchren &#8211; f\u00fcr all diejenigen, die eine Anleitung ben\u00f6tigen. F\u00fchren Schritt f\u00fcr Schritt alles korrekt aus &#8211; konzentrieren und verbessern Sie dadurch ihr Bauchmuskeltraining und Ihre Bewegungsabl\u00e4ufe, sodass Sie einen effektiveren Stretch-Effekt w\u00e4hrend der Dehn-\u00dcbung haben.<br \/>GUT KONSTRUIERTES SIT UP PAD MIT EINER ERSTKLASSIGEN VINYL-ABDECKUNG: Wir haben nichts unversucht gelassen, als wir die Elite Sportz ab mat hergestellt haben und daher wird die Bauch-Matte auch bei h\u00e4ufigen Gebrauch in Form bleiben. Sie ist nicht zu hart und auch nicht zu weich. Dank der hochwertigen Vinyl-Schutzh\u00fclle und -N\u00e4hte k\u00f6nnen Sie sich sicher sein, dass unser Produkt sehr langlebig sein wird.<br \/>UNSER ENGAGEMENT F\u00dcR SIE Bei Elite Sportz steht die Zufriedenheit unserer Kunden an erster Stelle. F\u00fcr alle Produkte von Elite Sportz Equipment gilt eine Garantie von 1 Jahr.<br \/>\n<br \/>[ad_2]<\/p>\n","protected":false},"excerpt":{"rendered":"<p>Price: [price_with_discount](as of [price_update_date] &#8211; Details) [ad_1] Unsere Elite Sportz Bauchtrainings-Matte besteht aus hochwertigem Material, ist langlebig und sehr komfortabel. Sie werden ganz schnell ein direktes Brennen in den Bauchmuskeln<\/p>\n","protected":false},"featured_media":81969,"comment_status":"open","ping_status":"closed","template":"","meta":[],"product_cat":[233],"product_tag":[252],"class_list":{"0":"post-81968","1":"product","2":"type-product","3":"status-publish","4":"has-post-thumbnail","6":"product_cat-fitness","7":"product_tag-exercise-fitness-equipment","9":"first","10":"instock","11":"shipping-taxable","12":"product-type-external"},"aioseo_notices":[],"_links":{"self":[{"href":"https:\/\/topgetestet.de\/index.php?rest_route=\/wp\/v2\/product\/81968","targetHints":{"allow":["GET"]}}],"collection":[{"href":"https:\/\/topgetestet.de\/index.php?rest_route=\/wp\/v2\/product"}],"about":[{"href":"https:\/\/topgetestet.de\/index.php?rest_route=\/wp\/v2\/types\/product"}],"replies":[{"embeddable":true,"href":"https:\/\/topgetestet.de\/index.php?rest_route=%2Fwp%2Fv2%2Fcomments&post=81968"}],"wp:featuredmedia":[{"embeddable":true,"href":"https:\/\/topgetestet.de\/index.php?rest_route=\/wp\/v2\/media\/81969"}],"wp:attachment":[{"href":"https:\/\/topgetestet.de\/index.php?rest_route=%2Fwp%2Fv2%2Fmedia&parent=81968"}],"wp:term":[{"taxonomy":"product_cat","embeddable":true,"href":"https:\/\/topgetestet.de\/index.php?rest_route=%2Fwp%2Fv2%2Fproduct_cat&post=81968"},{"taxonomy":"product_tag","embeddable":true,"href":"https:\/\/topgetestet.de\/index.php?rest_route=%2Fwp%2Fv2%2Fproduct_tag&post=81968"}],"curies":[{"name":"wp","href":"https:\/\/api.w.org\/{rel}","templated":true}]}}