{"id":8164,"date":"2022-09-07T13:03:03","date_gmt":"2022-09-07T13:03:03","guid":{"rendered":"https:\/\/topgetestet.de\/?product=saucony-herren-omni-16-laufschuhe"},"modified":"2022-09-07T13:03:03","modified_gmt":"2022-09-07T13:03:03","slug":"saucony-herren-omni-16-laufschuhe","status":"publish","type":"product","link":"https:\/\/topgetestet.de\/?product=saucony-herren-omni-16-laufschuhe","title":{"rendered":"Saucony Herren Omni 16 Laufschuhe"},"content":{"rendered":"<p>Price: <span style=\"color:#b12704\">[price_with_discount]<\/span><br \/><i><small>(as of [price_update_date] &#8211; <span class=\"wp_automatic_amazon_disclaimer\" title=\"Product prices and availability are accurate as of the date\/time indicated and are subject to change. Any price and availability information displayed on [relevant Amazon Site(s), as applicable] at the time of purchase will apply to the purchase of this product.\">Details<\/span>)<\/small><\/i><\/p>\n<p><a href=\"https:\/\/amazon.de\/dp\/B072MC5B44?tag=topgetestet09-21\"><img decoding=\"async\" src=\"https:\/\/i.imgur.com\/ISRHEWs.png\"><\/a><br \/>\n[ad_1]<br \/>\n <span>Der Omni 16 ist ein Laufschuh von Saucony f\u00fcr Herren, der maximale Unterst\u00fctzung durch eine mediale Pronationsst\u00fctze erm\u00f6glicht. Das Obermaterial besteht aus Engineered Mesh f\u00fcr einen perfekten Sitz, w\u00e4hrend die EVERUN D\u00e4mpfungsmaterial eine h\u00f6here Energier\u00fcckgewinnung, sowie eine durchg\u00e4ngige D\u00e4mpfung w\u00e4hrend des Laufs garantiert. Die \u00fcberarbeitete tri-flex Au\u00dfensohle sorgt f\u00fcr ein optimales Abrollverhalten, w\u00e4hrend der externer Support Frame zus\u00e4tzlichen Halt im R\u00fcckfu\u00df garantiert.<\/span> <br \/> Verpackungsabmessungen \u200f : \u200e  32.4 x 20.4 x 11.8 cm; 780 Gramm <br \/> Im Angebot von Amazon.de seit \u200f : \u200e  11. Oktober 2017 <br \/> Hersteller \u200f : \u200e  Saucony <br \/> ASIN \u200f : \u200e  B075QK5QGY <br \/> Modellnummer \u200f : \u200e  S20370-3 <br \/> Kategorie \u200f : \u200e  Herren <\/p>\n<p>Innenmaterial: Textil<br \/>Sohle: Gummi<br \/>Verschluss: Schn\u00fcrung<br \/>Absatzform: Flach<br \/>Materialzusammensetzung: Synthetic<br \/>Schuhweite: Schmal<br \/>\n<br \/>[ad_2]<\/p>\n","protected":false},"excerpt":{"rendered":"<p>Price: [price_with_discount](as of [price_update_date] &#8211; Details) [ad_1] Der Omni 16 ist ein Laufschuh von Saucony f\u00fcr Herren, der maximale Unterst\u00fctzung durch eine mediale Pronationsst\u00fctze erm\u00f6glicht. Das Obermaterial besteht aus Engineered<\/p>\n","protected":false},"featured_media":8165,"comment_status":"open","ping_status":"closed","template":"","meta":[],"product_cat":[234],"product_tag":[235],"class_list":{"0":"post-8164","1":"product","2":"type-product","3":"status-publish","4":"has-post-thumbnail","6":"product_cat-shoes","7":"product_tag-mens-road-running-shoes","9":"first","10":"instock","11":"shipping-taxable","12":"product-type-external"},"aioseo_notices":[],"_links":{"self":[{"href":"https:\/\/topgetestet.de\/index.php?rest_route=\/wp\/v2\/product\/8164","targetHints":{"allow":["GET"]}}],"collection":[{"href":"https:\/\/topgetestet.de\/index.php?rest_route=\/wp\/v2\/product"}],"about":[{"href":"https:\/\/topgetestet.de\/index.php?rest_route=\/wp\/v2\/types\/product"}],"replies":[{"embeddable":true,"href":"https:\/\/topgetestet.de\/index.php?rest_route=%2Fwp%2Fv2%2Fcomments&post=8164"}],"wp:featuredmedia":[{"embeddable":true,"href":"https:\/\/topgetestet.de\/index.php?rest_route=\/wp\/v2\/media\/8165"}],"wp:attachment":[{"href":"https:\/\/topgetestet.de\/index.php?rest_route=%2Fwp%2Fv2%2Fmedia&parent=8164"}],"wp:term":[{"taxonomy":"product_cat","embeddable":true,"href":"https:\/\/topgetestet.de\/index.php?rest_route=%2Fwp%2Fv2%2Fproduct_cat&post=8164"},{"taxonomy":"product_tag","embeddable":true,"href":"https:\/\/topgetestet.de\/index.php?rest_route=%2Fwp%2Fv2%2Fproduct_tag&post=8164"}],"curies":[{"name":"wp","href":"https:\/\/api.w.org\/{rel}","templated":true}]}}