{"id":81555,"date":"2022-11-05T19:17:58","date_gmt":"2022-11-05T19:17:58","guid":{"rendered":"https:\/\/topgetestet.de\/?product=better-bodies-camo-wrist-wraps-handgelenk-bandagen"},"modified":"2022-11-05T19:17:58","modified_gmt":"2022-11-05T19:17:58","slug":"better-bodies-camo-wrist-wraps-handgelenk-bandagen","status":"publish","type":"product","link":"https:\/\/topgetestet.de\/?product=better-bodies-camo-wrist-wraps-handgelenk-bandagen","title":{"rendered":"Better Bodies Camo Wrist Wraps Handgelenk-Bandagen"},"content":{"rendered":"<p>Price: <span style=\"color:#b12704\">[price_with_discount]<\/span><br \/><i><small>(as of [price_update_date] &#8211; <span class=\"wp_automatic_amazon_disclaimer\" title=\"Product prices and availability are accurate as of the date\/time indicated and are subject to change. Any price and availability information displayed on [relevant Amazon Site(s), as applicable] at the time of purchase will apply to the purchase of this product.\">Details<\/span>)<\/small><\/i><\/p>\n<p><a href=\"https:\/\/amazon.de\/dp\/B07G4FZSJG?tag=topgetestet09-21\"><img decoding=\"async\" src=\"https:\/\/i.imgur.com\/ISRHEWs.png\"><\/a><br \/>\n[ad_1]<br \/>\n <span>Die Better Bodies Camo Handgelenksbandagen bieten die Unterst\u00fctzung, der Sie vertrauen, und verleihen Ihrem Trainingszubeh\u00f6r ein wenig Flair. Mit jahrelanger Forschung und Entwicklung geh\u00f6ren Better Bodies Handgelenksbandagen zu den besten der Welt. Vertrauen Sie Better Bodies um Ihre Handgelenke bei Ihren schwersten Hebevorg\u00e4ngen zu unterst\u00fctzt. Die Bandagen sind 13, 5 Inch, sind starr und haben Daumenschlaufen um das Anlegen der Handgelenkbandagen zu erleichtern. Erh\u00e4ltlich in einer Gr\u00f6\u00dfe und verschiedenen Farben.<\/span> <br \/>Mit jahrelanger Forschung und Entwicklung geh\u00f6ren Better Bodies Handgelenksbandagen zu den besten der Welt<br \/>Vertrauen Sie Better Bodies um Ihre Handgelenke bei Ihren schwersten hebevorg\u00e4ngen zu unterst\u00fctzt<br \/>Die Bandagen sind 13, 5 Inch, sind starr und haben Daumenschlaufen um das Anlegen der Handgelenkbanden zu erleichtern<br \/>Erh\u00e4ltlich in einer Gr\u00f6\u00dfe und verschiedenen Farben<br \/>\n<br \/>[ad_2]<\/p>\n","protected":false},"excerpt":{"rendered":"<p>Price: [price_with_discount](as of [price_update_date] &#8211; Details) [ad_1] Die Better Bodies Camo Handgelenksbandagen bieten die Unterst\u00fctzung, der Sie vertrauen, und verleihen Ihrem Trainingszubeh\u00f6r ein wenig Flair. Mit jahrelanger Forschung und Entwicklung<\/p>\n","protected":false},"featured_media":81556,"comment_status":"open","ping_status":"closed","template":"","meta":[],"product_cat":[233],"product_tag":[273],"class_list":{"0":"post-81555","1":"product","2":"type-product","3":"status-publish","4":"has-post-thumbnail","6":"product_cat-fitness","7":"product_tag-exercise-fitness-accessories","9":"first","10":"instock","11":"shipping-taxable","12":"product-type-external"},"aioseo_notices":[],"_links":{"self":[{"href":"https:\/\/topgetestet.de\/index.php?rest_route=\/wp\/v2\/product\/81555","targetHints":{"allow":["GET"]}}],"collection":[{"href":"https:\/\/topgetestet.de\/index.php?rest_route=\/wp\/v2\/product"}],"about":[{"href":"https:\/\/topgetestet.de\/index.php?rest_route=\/wp\/v2\/types\/product"}],"replies":[{"embeddable":true,"href":"https:\/\/topgetestet.de\/index.php?rest_route=%2Fwp%2Fv2%2Fcomments&post=81555"}],"wp:featuredmedia":[{"embeddable":true,"href":"https:\/\/topgetestet.de\/index.php?rest_route=\/wp\/v2\/media\/81556"}],"wp:attachment":[{"href":"https:\/\/topgetestet.de\/index.php?rest_route=%2Fwp%2Fv2%2Fmedia&parent=81555"}],"wp:term":[{"taxonomy":"product_cat","embeddable":true,"href":"https:\/\/topgetestet.de\/index.php?rest_route=%2Fwp%2Fv2%2Fproduct_cat&post=81555"},{"taxonomy":"product_tag","embeddable":true,"href":"https:\/\/topgetestet.de\/index.php?rest_route=%2Fwp%2Fv2%2Fproduct_tag&post=81555"}],"curies":[{"name":"wp","href":"https:\/\/api.w.org\/{rel}","templated":true}]}}