{"id":81532,"date":"2022-11-05T15:41:03","date_gmt":"2022-11-05T15:41:03","guid":{"rendered":"https:\/\/topgetestet.de\/?product=rb-leipzig-club-pullover-jacket-unisex-original-merchandise"},"modified":"2022-11-05T15:41:03","modified_gmt":"2022-11-05T15:41:03","slug":"rb-leipzig-club-pullover-jacket-unisex-original-merchandise","status":"publish","type":"product","link":"https:\/\/topgetestet.de\/?product=rb-leipzig-club-pullover-jacket-unisex-original-merchandise","title":{"rendered":"RB Leipzig Club Pullover Jacket, Unisex &#8211; Original Merchandise"},"content":{"rendered":"<p>Price: <span style=\"color:#b12704\">[price_with_discount]<\/span><br \/><i><small>(as of [price_update_date] &#8211; <span class=\"wp_automatic_amazon_disclaimer\" title=\"Product prices and availability are accurate as of the date\/time indicated and are subject to change. Any price and availability information displayed on [relevant Amazon Site(s), as applicable] at the time of purchase will apply to the purchase of this product.\">Details<\/span>)<\/small><\/i><\/p>\n<p><a href=\"https:\/\/amazon.de\/dp\/B094NH7P7Z?tag=topgetestet09-21\"><img decoding=\"async\" src=\"https:\/\/i.imgur.com\/ISRHEWs.png\"><\/a><br \/>\n[ad_1]<br \/>\n <span>WIR SIND LEIPZIG! Unser Verein RB Leipzig wurde am 19. Mai 2009 gegr\u00fcndet und wir sind seit 2016\/17 in der Bundesliga. Unser Weg zum Erfolg ist jedoch noch lange nicht vor\u00fcber. Deshalb konzentrieren wir uns im Red Bull Training Center nicht nur auf den Erfolgen unserer M\u00e4nnermannschaft sondern auch auf die F\u00f6rderung von Nachwuchstalenten und Frauenfu\u00dfball. Wir sind Fu\u00dfball. Wir sind hier, um Fu\u00dfball zu spielen und den Fu\u00dfball zu feiern. Wir wollen etwas bewegen. Den Ball. Das Spiel. Das Land.Die RB Leipzig Sportbekleidung &amp; Kleidung umfassen Kappen, Pullover, T-Shirts, Tanktops, Jacken und Schl\u00fcsselanh\u00e4nger f\u00fcr alle Leipzige-Fans.Die Produkte sind die passenden Geburtstags- und Weihnachtsgeschenke f\u00fcr Damen und Herren.<\/span> <br \/> Verpackungsabmessungen \u200f : \u200e  30.7 x 18.5 x 9.4 cm; 580 Gramm <br \/> Im Angebot von Amazon.de seit \u200f : \u200e  11. Mai 2021 <br \/> ASIN \u200f : \u200e  B094NG7LGX <br \/> Kategorie \u200f : \u200e  Herren <\/p>\n<p>WIR SIND LEIPZIG! Unser Verein RB Leipzig wurde am 19. Mai 2009 gegr\u00fcndet und wir sind seit 2016\/17 in der Bundesliga. Unser Weg zum Erfolg ist jedoch noch lange nicht vor\u00fcber. Deshalb konzentrieren wir uns im Red Bull Training Center nicht nur auf den Erfolgen unserer M\u00e4nnermannschaft sondern auch auf die F\u00f6rderung von Nachwuchstalenten und Frauenfu\u00dfball. Wir sind Fu\u00dfball. Wir sind hier, um Fu\u00dfball zu spielen und den Fu\u00dfball zu feiern. Wir wollen etwas bewegen. Den Ball. Das Spiel. Das Land.<br \/>70% Polyester, 30% Baumwolle<br \/>Die Produkte sind die passenden Geburtstags- und Weihnachtsgeschenke f\u00fcr Damen und Herren.<br \/>De rest van de RB Leipzig sportkleding, kleding en uitrusting bevat alles van caps, hoodies, t-shirts, tanktops, jassen en sleutelhangers voor alle RB Leipzig fans.<br \/>70% Polyester, 30% Cotton<br \/>\n<br \/>[ad_2]<\/p>\n","protected":false},"excerpt":{"rendered":"<p>Price: [price_with_discount](as of [price_update_date] &#8211; Details) [ad_1] WIR SIND LEIPZIG! Unser Verein RB Leipzig wurde am 19. Mai 2009 gegr\u00fcndet und wir sind seit 2016\/17 in der Bundesliga. Unser Weg<\/p>\n","protected":false},"featured_media":81533,"comment_status":"open","ping_status":"closed","template":"","meta":[],"product_cat":[233],"product_tag":[276],"class_list":{"0":"post-81532","1":"product","2":"type-product","3":"status-publish","4":"has-post-thumbnail","6":"product_cat-fitness","7":"product_tag-womens-clothing","9":"first","10":"instock","11":"shipping-taxable","12":"product-type-external"},"aioseo_notices":[],"_links":{"self":[{"href":"https:\/\/topgetestet.de\/index.php?rest_route=\/wp\/v2\/product\/81532","targetHints":{"allow":["GET"]}}],"collection":[{"href":"https:\/\/topgetestet.de\/index.php?rest_route=\/wp\/v2\/product"}],"about":[{"href":"https:\/\/topgetestet.de\/index.php?rest_route=\/wp\/v2\/types\/product"}],"replies":[{"embeddable":true,"href":"https:\/\/topgetestet.de\/index.php?rest_route=%2Fwp%2Fv2%2Fcomments&post=81532"}],"wp:featuredmedia":[{"embeddable":true,"href":"https:\/\/topgetestet.de\/index.php?rest_route=\/wp\/v2\/media\/81533"}],"wp:attachment":[{"href":"https:\/\/topgetestet.de\/index.php?rest_route=%2Fwp%2Fv2%2Fmedia&parent=81532"}],"wp:term":[{"taxonomy":"product_cat","embeddable":true,"href":"https:\/\/topgetestet.de\/index.php?rest_route=%2Fwp%2Fv2%2Fproduct_cat&post=81532"},{"taxonomy":"product_tag","embeddable":true,"href":"https:\/\/topgetestet.de\/index.php?rest_route=%2Fwp%2Fv2%2Fproduct_tag&post=81532"}],"curies":[{"name":"wp","href":"https:\/\/api.w.org\/{rel}","templated":true}]}}