{"id":81524,"date":"2022-11-05T14:21:49","date_gmt":"2022-11-05T14:21:49","guid":{"rendered":"https:\/\/topgetestet.de\/?product=garmin-vivofit-jr-2-digitale-wasserdichte-action-watch"},"modified":"2022-11-05T14:21:49","modified_gmt":"2022-11-05T14:21:49","slug":"garmin-vivofit-jr-2-digitale-wasserdichte-action-watch","status":"publish","type":"product","link":"https:\/\/topgetestet.de\/?product=garmin-vivofit-jr-2-digitale-wasserdichte-action-watch","title":{"rendered":"Garmin v\u00edvofit jr. 2 &#8211; Digitale, wasserdichte Action Watch"},"content":{"rendered":"<p>Price: <span style=\"color:#b12704\">[price_with_discount]<\/span><br \/><i><small>(as of [price_update_date] &#8211; <span class=\"wp_automatic_amazon_disclaimer\" title=\"Product prices and availability are accurate as of the date\/time indicated and are subject to change. Any price and availability information displayed on [relevant Amazon Site(s), as applicable] at the time of purchase will apply to the purchase of this product.\">Details<\/span>)<\/small><\/i><\/p>\n<p><a href=\"https:\/\/amazon.de\/dp\/B07YQ9C1M7?tag=topgetestet09-21\"><img decoding=\"async\" src=\"https:\/\/i.imgur.com\/ISRHEWs.png\"><\/a><br \/>\n[ad_1]<br \/>\n Action Watch f\u00fcr Kinder, lila <br \/>Spielend fit: Wer schafft mehr Schritte. Im Toe-to-Toe Schritte.Wettbewerb kann sich Ihr Kind mit Freunden und Schulkameraden messen. Auch Sie k\u00f6nnen mit einem kompatiblen Garmin Ger\u00e4t einfach mitmachen. So bleibt die ganze Familie fit und aktiv<br \/>Abenteuer in der Die Eisk\u00f6nigin 2 App: Mit der elterngesteuerten App tauchen Ihre Kinder in die Welt von Anna ein, erleben dort spannende Abenteuer und k\u00f6nnen sich tolle Edelsteine in der Abenteuerwelt von Disneys Die Eisk\u00f6nigin 2 freispielen<br \/>Passt mehrere Jahre: Aus dieser Uhr wachsen Ihre Kinder nicht so schnell heraus. Das verstellbare, strapazierf\u00e4hige Silikonarmband sch\u00fctzt die Uhr vor Kratzern. Mit austauschbaren Armb\u00e4ndern wird das Design nie langweilig. Viel Spa\u00df f\u00fcr mehrere Jahre<br \/>Spa\u00df &#8211; immer und \u00fcberall: Die v\u00edvofit jr. 2 Action Watch ist bis zu 50m wasserdicht. Perfekt f\u00fcr Baden und Schwimmen. Dank einer Batterielaufzeit von bis zu 1 Jahr h\u00e4lt sie viele Abenteuer aus. Sie k\u00f6nnen die Batterie ganz einfach selbst wechseln<br \/>\n<br \/>[ad_2]<\/p>\n","protected":false},"excerpt":{"rendered":"<p>Price: [price_with_discount](as of [price_update_date] &#8211; Details) [ad_1] Action Watch f\u00fcr Kinder, lila Spielend fit: Wer schafft mehr Schritte. Im Toe-to-Toe Schritte.Wettbewerb kann sich Ihr Kind mit Freunden und Schulkameraden messen.<\/p>\n","protected":false},"featured_media":81525,"comment_status":"open","ping_status":"closed","template":"","meta":[],"product_cat":[233],"product_tag":[275],"class_list":{"0":"post-81524","1":"product","2":"type-product","3":"status-publish","4":"has-post-thumbnail","6":"product_cat-fitness","7":"product_tag-activity-fitness-tracker","9":"first","10":"instock","11":"shipping-taxable","12":"product-type-external"},"aioseo_notices":[],"_links":{"self":[{"href":"https:\/\/topgetestet.de\/index.php?rest_route=\/wp\/v2\/product\/81524","targetHints":{"allow":["GET"]}}],"collection":[{"href":"https:\/\/topgetestet.de\/index.php?rest_route=\/wp\/v2\/product"}],"about":[{"href":"https:\/\/topgetestet.de\/index.php?rest_route=\/wp\/v2\/types\/product"}],"replies":[{"embeddable":true,"href":"https:\/\/topgetestet.de\/index.php?rest_route=%2Fwp%2Fv2%2Fcomments&post=81524"}],"wp:featuredmedia":[{"embeddable":true,"href":"https:\/\/topgetestet.de\/index.php?rest_route=\/wp\/v2\/media\/81525"}],"wp:attachment":[{"href":"https:\/\/topgetestet.de\/index.php?rest_route=%2Fwp%2Fv2%2Fmedia&parent=81524"}],"wp:term":[{"taxonomy":"product_cat","embeddable":true,"href":"https:\/\/topgetestet.de\/index.php?rest_route=%2Fwp%2Fv2%2Fproduct_cat&post=81524"},{"taxonomy":"product_tag","embeddable":true,"href":"https:\/\/topgetestet.de\/index.php?rest_route=%2Fwp%2Fv2%2Fproduct_tag&post=81524"}],"curies":[{"name":"wp","href":"https:\/\/api.w.org\/{rel}","templated":true}]}}