{"id":81346,"date":"2022-11-04T07:56:03","date_gmt":"2022-11-04T07:56:03","guid":{"rendered":"https:\/\/topgetestet.de\/?product=grace-karin-damen-strickjacke-herbst-cardigan-damen-kurz-cl1544"},"modified":"2022-11-04T07:56:03","modified_gmt":"2022-11-04T07:56:03","slug":"grace-karin-damen-strickjacke-herbst-cardigan-damen-kurz-cl1544","status":"publish","type":"product","link":"https:\/\/topgetestet.de\/?product=grace-karin-damen-strickjacke-herbst-cardigan-damen-kurz-cl1544","title":{"rendered":"GRACE KARIN Damen Strickjacke Herbst Cardigan Damen kurz CL1544"},"content":{"rendered":"<p>Price: <span style=\"color:#b12704\">[price_with_discount]<\/span><br \/><i><small>(as of [price_update_date] &#8211; <span class=\"wp_automatic_amazon_disclaimer\" title=\"Product prices and availability are accurate as of the date\/time indicated and are subject to change. Any price and availability information displayed on [relevant Amazon Site(s), as applicable] at the time of purchase will apply to the purchase of this product.\">Details<\/span>)<\/small><\/i><\/p>\n<p><a href=\"https:\/\/amazon.de\/dp\/B0B58LN8TG?tag=topgetestet09-21\"><img decoding=\"async\" src=\"https:\/\/i.imgur.com\/ISRHEWs.png\"><\/a><br \/>\n[ad_1]<br \/>\n Um die Gesamtbewertung der Sterne und die prozentuale Aufschl\u00fcsselung nach Sternen zu berechnen, verwenden wir keinen einfachen Durchschnitt. Stattdessen ber\u00fccksichtigt unser System beispielsweise, wie aktuell eine Bewertung ist und ob der Pr\u00fcfer den Artikel bei Amazon gekauft hat. Es wurden auch Bewertungen analysiert, um die Vertrauensw\u00fcrdigkeit zu \u00fcberpr\u00fcfen. <br \/> Verpackungsabmessungen \u200f : \u200e  34.7 x 25.4 x 2.7 cm; 270 Gramm <br \/> Im Angebot von Amazon.de seit \u200f : \u200e  29. Juni 2022 <br \/> ASIN \u200f : \u200e  B0B58LCX67 <\/p>\n<p>Es ist ideal f\u00fcr T\u00e4glich, B\u00fcro, Busniess, Casual oder Party und so weiter<br \/>Langarm<br \/>Haupt Stoff:65%Viskose,35%Acryl,Kontrast Stoff:95%Polyamid,5%Elastane<br \/>Pflegehinweis: Nur Handw\u00e4sche<br \/>\n<br \/>[ad_2]<\/p>\n","protected":false},"excerpt":{"rendered":"<p>Price: [price_with_discount](as of [price_update_date] &#8211; Details) [ad_1] Um die Gesamtbewertung der Sterne und die prozentuale Aufschl\u00fcsselung nach Sternen zu berechnen, verwenden wir keinen einfachen Durchschnitt. Stattdessen ber\u00fccksichtigt unser System beispielsweise,<\/p>\n","protected":false},"featured_media":81347,"comment_status":"open","ping_status":"closed","template":"","meta":[],"product_cat":[233],"product_tag":[276],"class_list":{"0":"post-81346","1":"product","2":"type-product","3":"status-publish","4":"has-post-thumbnail","6":"product_cat-fitness","7":"product_tag-womens-clothing","9":"first","10":"instock","11":"shipping-taxable","12":"product-type-external"},"aioseo_notices":[],"_links":{"self":[{"href":"https:\/\/topgetestet.de\/index.php?rest_route=\/wp\/v2\/product\/81346","targetHints":{"allow":["GET"]}}],"collection":[{"href":"https:\/\/topgetestet.de\/index.php?rest_route=\/wp\/v2\/product"}],"about":[{"href":"https:\/\/topgetestet.de\/index.php?rest_route=\/wp\/v2\/types\/product"}],"replies":[{"embeddable":true,"href":"https:\/\/topgetestet.de\/index.php?rest_route=%2Fwp%2Fv2%2Fcomments&post=81346"}],"wp:featuredmedia":[{"embeddable":true,"href":"https:\/\/topgetestet.de\/index.php?rest_route=\/wp\/v2\/media\/81347"}],"wp:attachment":[{"href":"https:\/\/topgetestet.de\/index.php?rest_route=%2Fwp%2Fv2%2Fmedia&parent=81346"}],"wp:term":[{"taxonomy":"product_cat","embeddable":true,"href":"https:\/\/topgetestet.de\/index.php?rest_route=%2Fwp%2Fv2%2Fproduct_cat&post=81346"},{"taxonomy":"product_tag","embeddable":true,"href":"https:\/\/topgetestet.de\/index.php?rest_route=%2Fwp%2Fv2%2Fproduct_tag&post=81346"}],"curies":[{"name":"wp","href":"https:\/\/api.w.org\/{rel}","templated":true}]}}