{"id":81270,"date":"2022-11-03T17:58:16","date_gmt":"2022-11-03T17:58:16","guid":{"rendered":"https:\/\/topgetestet.de\/?product=luwint-trizepsseil-zugbefestigung-fur-kabelmaschine-fitness-studios-seilzugsystem"},"modified":"2022-11-03T17:58:16","modified_gmt":"2022-11-03T17:58:16","slug":"luwint-trizepsseil-zugbefestigung-fur-kabelmaschine-fitness-studios-seilzugsystem","status":"publish","type":"product","link":"https:\/\/topgetestet.de\/?product=luwint-trizepsseil-zugbefestigung-fur-kabelmaschine-fitness-studios-seilzugsystem","title":{"rendered":"Luwint Trizepsseil, Zugbefestigung f\u00fcr Kabelmaschine, Fitness-Studios, Seilzugsystem"},"content":{"rendered":"<p>Price: <span style=\"color:#b12704\">[price_with_discount]<\/span><br \/><i><small>(as of [price_update_date] &#8211; <span class=\"wp_automatic_amazon_disclaimer\" title=\"Product prices and availability are accurate as of the date\/time indicated and are subject to change. Any price and availability information displayed on [relevant Amazon Site(s), as applicable] at the time of purchase will apply to the purchase of this product.\">Details<\/span>)<\/small><\/i><\/p>\n<p><a href=\"https:\/\/amazon.de\/dp\/B07PLDS2B3?tag=topgetestet09-21\"><img decoding=\"async\" src=\"https:\/\/i.imgur.com\/ISRHEWs.png\"><\/a><br \/>\n[ad_1]<br \/>\n <span>Maximieren Sie Ihr Trainingsergebnis zu Hause mit dem 68,6 cm langen Trizepsseil von Luwint, dem strapazierf\u00e4higen Fitness-Befestigungskabel mit beschichtetem Nylonseil mit Vollgummienden und verchromten Befestigungen, einfach an jedes universelle Fitness-System anschlie\u00dfen. <\/p>\n<p>Um ein intensiveres Training f\u00fcr Ihren Trizeps zu erhalten, probieren Sie das Luwint Trizepsseil aus. Das Trizepsseil hilft Ihnen, Ihren Trizeps, Bizeps, R\u00fccken, Schultern, Bauchmuskeln zu entwickeln und verbessert Ihre Griffkraft, besonders wenn Sie das Seil nach unten dr\u00fccken, um gro\u00dfen Druck auszu\u00fcben. Das universelle Trizepsseil von Luwint kann Absch\u00fcrfungen und Schrumpfungen widerstehen. Das flexible geflochtene Nylonseil beh\u00e4lt seine Form auch bei kontinuierlichen Workouts. <\/p>\n<p>Spezifikationen: <br \/>Marke: Luwint <br \/>L\u00e4nge: 68,6 cm. <br \/>Gewicht: 708 g. <br \/>Farbe: Schwarz. <br \/>Material: strapazierf\u00e4higes, beschichtetes Nylonseil mit Vollgummi-Enden. <br \/>Lieferumfang: <br \/>1 x Trizepsseil. <\/p>\n<p>Service garantiert <br \/>Ihr Geld wird nicht verschwendet, wir legen immer Wert auf Ihr Geld. Ihr Gesch\u00e4ft mit uns kommt mit unserem risikofreien und ohne Fragen.<\/span> <br \/>Einfach zu greifen \u2013 Die Endkappen der Seilkabelbefestigung f\u00fchlen sich solide an und bieten eine gute, bequeme Basis f\u00fcr den Rand Ihrer H\u00e4nde, die Ihre H\u00e4nde nicht bindet oder dr\u00fcckt<br \/>Universelle Pull-Down-Befestigung \u2013 verchromte Befestigung, die frei auf dem Seil gleitet, kann mit jeder Heim-Fitness-\u00dcbung, Lat-Maschine, Bauchmuskelmaschine oder jedem Seilzugsystem verbunden werden<br \/>Angemessene Ma\u00dfe \u2013 68,6 cm L\u00e4nge, 2,5 cm Durchmesser des Seils und 1,5 cm Durchmesser des Lochs kombiniert f\u00fcr Multi-Gym Maschine oder Trainingsger\u00e4te<br \/>Erh\u00f6ht die Trizepsmuskulatur \u2013 geeignet f\u00fcr Press-Downs, Locken, R\u00fcckschl\u00e4ge und Deltamushebungen. Ideal, um Trizeps, Bizeps, R\u00fccken, Schultern, Bauchmuskeln zu entwickeln und Ihre Griffkraft zu verbessern<br \/>\n<br \/>[ad_2]<\/p>\n","protected":false},"excerpt":{"rendered":"<p>Price: [price_with_discount](as of [price_update_date] &#8211; Details) [ad_1] Maximieren Sie Ihr Trainingsergebnis zu Hause mit dem 68,6 cm langen Trizepsseil von Luwint, dem strapazierf\u00e4higen Fitness-Befestigungskabel mit beschichtetem Nylonseil mit Vollgummienden und<\/p>\n","protected":false},"featured_media":81271,"comment_status":"open","ping_status":"closed","template":"","meta":[],"product_cat":[233],"product_tag":[273],"class_list":{"0":"post-81270","1":"product","2":"type-product","3":"status-publish","4":"has-post-thumbnail","6":"product_cat-fitness","7":"product_tag-exercise-fitness-accessories","9":"first","10":"instock","11":"shipping-taxable","12":"product-type-external"},"aioseo_notices":[],"_links":{"self":[{"href":"https:\/\/topgetestet.de\/index.php?rest_route=\/wp\/v2\/product\/81270","targetHints":{"allow":["GET"]}}],"collection":[{"href":"https:\/\/topgetestet.de\/index.php?rest_route=\/wp\/v2\/product"}],"about":[{"href":"https:\/\/topgetestet.de\/index.php?rest_route=\/wp\/v2\/types\/product"}],"replies":[{"embeddable":true,"href":"https:\/\/topgetestet.de\/index.php?rest_route=%2Fwp%2Fv2%2Fcomments&post=81270"}],"wp:featuredmedia":[{"embeddable":true,"href":"https:\/\/topgetestet.de\/index.php?rest_route=\/wp\/v2\/media\/81271"}],"wp:attachment":[{"href":"https:\/\/topgetestet.de\/index.php?rest_route=%2Fwp%2Fv2%2Fmedia&parent=81270"}],"wp:term":[{"taxonomy":"product_cat","embeddable":true,"href":"https:\/\/topgetestet.de\/index.php?rest_route=%2Fwp%2Fv2%2Fproduct_cat&post=81270"},{"taxonomy":"product_tag","embeddable":true,"href":"https:\/\/topgetestet.de\/index.php?rest_route=%2Fwp%2Fv2%2Fproduct_tag&post=81270"}],"curies":[{"name":"wp","href":"https:\/\/api.w.org\/{rel}","templated":true}]}}