{"id":81245,"date":"2022-11-03T13:03:40","date_gmt":"2022-11-03T13:03:40","guid":{"rendered":"https:\/\/topgetestet.de\/?product=street-one-damen-blusenshirt"},"modified":"2022-11-03T13:03:40","modified_gmt":"2022-11-03T13:03:40","slug":"street-one-damen-blusenshirt","status":"publish","type":"product","link":"https:\/\/topgetestet.de\/?product=street-one-damen-blusenshirt","title":{"rendered":"Street One Damen Blusenshirt"},"content":{"rendered":"<p>Price: <span style=\"color:#b12704\">[price_with_discount]<\/span><br \/><i><small>(as of [price_update_date] &#8211; <span class=\"wp_automatic_amazon_disclaimer\" title=\"Product prices and availability are accurate as of the date\/time indicated and are subject to change. Any price and availability information displayed on [relevant Amazon Site(s), as applicable] at the time of purchase will apply to the purchase of this product.\">Details<\/span>)<\/small><\/i><\/p>\n<p><a href=\"https:\/\/amazon.de\/dp\/B0B56V27G7?tag=topgetestet09-21\"><img decoding=\"async\" src=\"https:\/\/i.imgur.com\/ISRHEWs.png\"><\/a><br \/>\n[ad_1]<br \/>\n <span>Sie sind die Stars der Business-Fashion, coole Begleiter f\u00fcr Casual Looks und heute so vielseitig wie nie zuvor: Damenblusen gibt es f\u00fcr jeden Anlass \u2013 von festlich bis freizeittauglich, von schlicht bis extravagant. Unz\u00e4hlige verschiedene Schnitte, Styles und Designs machen sie zu einem der spannendsten Kleidungsst\u00fccke der aktuellen Modewelt. Langeweile? Fehl am Platz! Ob mit Hemdkragen, kurzen \u00c4rmeln, Leoprint oder mit Verzierungen \u2013 Street One erfindet die Bluse stetig neu und sie bleibt dabei immer modisch und tragbar. Unsere Blusen und Tuniken schmeicheln der Figur, f\u00fchlen sich gut an und sind der perfekte Begleiter f\u00fcr den Alltag bis hin zu besonderen Anl\u00e4ssen oder warmen Sommerabenden. Ob Langarm-Blusen oder Kurzarm-Tuniken, in zeitlos sch\u00f6nem Wei\u00df, aktuellen Trendfarben wie Jeansblau, Rot, Mauve und Olivgr\u00fcn oder bunt gemustert, mit Punkten oder gro\u00dffl\u00e4chigen graphischen Prints \u2013 f\u00fcr jeden Anlass und jeden Typ Frau findet sich das passende Oberteil.<\/p>\n<p>They are the stars of business fashion, cool companions for casual looks and today as versatile as never before: women&#8217;s blouses are available for every occasion \u2013 from festive to leisure, from simple to extravagant. Countless different cuts, styles and designs make them one of the most exciting garments in the current fashion world. Boredom? Out of place! Whether with a shirt collar, short sleeves, leopard print or with decorations \u2013 Street One reinvents the blouse constantly and it always remains fashionable and wearable. Our blouses and tunics flatter the figure, feel good and are the perfect companion for everyday wear to special occasions or warm summer evenings. Whether long-sleeved blouses or short-sleeved tunics, in timelessly beautiful white, trendy colours such as denim blue, red, mauve and olive green or colourful patterned, with dots or large graphic prints \u2013 there is the right top for every occasion and every type of woman.<\/span> <br \/> Verpackungsabmessungen \u200f : \u200e  35.79 x 29.8 x 3.6 cm; 220 Gramm <br \/> Im Angebot von Amazon.de seit \u200f : \u200e  27. Juni 2022 <br \/> Hersteller \u200f : \u200e  STREET ONE (STS9F) <br \/> ASIN \u200f : \u200e  B0B56WVWWW <br \/> Modellnummer \u200f : \u200e  A343504 <br \/> Kategorie \u200f : \u200e  Damen <\/p>\n<p>Die bequeme Damenbluse aus Viskose kann ideal mit einfarbigen Hosen oder Jeans kombiniert werden<br \/>Kragenform: Rundhals<br \/>Langarm<br \/>Verschluss: Knopf<br \/>100% Viskose<br \/>Bluse<br \/>\n<br \/>[ad_2]<\/p>\n","protected":false},"excerpt":{"rendered":"<p>Price: [price_with_discount](as of [price_update_date] &#8211; Details) [ad_1] Sie sind die Stars der Business-Fashion, coole Begleiter f\u00fcr Casual Looks und heute so vielseitig wie nie zuvor: Damenblusen gibt es f\u00fcr jeden<\/p>\n","protected":false},"featured_media":81246,"comment_status":"open","ping_status":"closed","template":"","meta":[],"product_cat":[233],"product_tag":[276],"class_list":{"0":"post-81245","1":"product","2":"type-product","3":"status-publish","4":"has-post-thumbnail","6":"product_cat-fitness","7":"product_tag-womens-clothing","9":"first","10":"instock","11":"shipping-taxable","12":"product-type-external"},"aioseo_notices":[],"_links":{"self":[{"href":"https:\/\/topgetestet.de\/index.php?rest_route=\/wp\/v2\/product\/81245","targetHints":{"allow":["GET"]}}],"collection":[{"href":"https:\/\/topgetestet.de\/index.php?rest_route=\/wp\/v2\/product"}],"about":[{"href":"https:\/\/topgetestet.de\/index.php?rest_route=\/wp\/v2\/types\/product"}],"replies":[{"embeddable":true,"href":"https:\/\/topgetestet.de\/index.php?rest_route=%2Fwp%2Fv2%2Fcomments&post=81245"}],"wp:featuredmedia":[{"embeddable":true,"href":"https:\/\/topgetestet.de\/index.php?rest_route=\/wp\/v2\/media\/81246"}],"wp:attachment":[{"href":"https:\/\/topgetestet.de\/index.php?rest_route=%2Fwp%2Fv2%2Fmedia&parent=81245"}],"wp:term":[{"taxonomy":"product_cat","embeddable":true,"href":"https:\/\/topgetestet.de\/index.php?rest_route=%2Fwp%2Fv2%2Fproduct_cat&post=81245"},{"taxonomy":"product_tag","embeddable":true,"href":"https:\/\/topgetestet.de\/index.php?rest_route=%2Fwp%2Fv2%2Fproduct_tag&post=81245"}],"curies":[{"name":"wp","href":"https:\/\/api.w.org\/{rel}","templated":true}]}}