{"id":8117,"date":"2022-09-07T12:17:30","date_gmt":"2022-09-07T12:17:30","guid":{"rendered":"https:\/\/topgetestet.de\/?product=insel-flucht-knobelspiel-fur-1-spieler"},"modified":"2022-09-07T12:17:30","modified_gmt":"2022-09-07T12:17:30","slug":"insel-flucht-knobelspiel-fur-1-spieler","status":"publish","type":"product","link":"https:\/\/topgetestet.de\/?product=insel-flucht-knobelspiel-fur-1-spieler","title":{"rendered":"Insel-Flucht: Knobelspiel f\u00fcr 1 Spieler"},"content":{"rendered":"<p>Price: <span style=\"color:#b12704\">[price_with_discount]<\/span><br \/><i><small>(as of [price_update_date] &#8211; <span class=\"wp_automatic_amazon_disclaimer\" title=\"Product prices and availability are accurate as of the date\/time indicated and are subject to change. Any price and availability information displayed on [relevant Amazon Site(s), as applicable] at the time of purchase will apply to the purchase of this product.\">Details<\/span>)<\/small><\/i><\/p>\n<p><a href=\"https:\/\/amazon.de\/dp\/B07VL8G4R2?tag=topgetestet09-21\"><img decoding=\"async\" src=\"https:\/\/i.imgur.com\/ISRHEWs.png\"><\/a><br \/>\n[ad_1]<br \/>\n <span>Insel Flucht &#8211; findest du den Weg hinaus? Schaffst du es, der Stadt auf der Insel zu entkommen, bevor diese im Meer versinkt? Du musst schnellstm\u00f6glich vom Stadtturm den k\u00fcrzesten Weg zum Hafen finden, damit du das Rettungsboot erreichst. Bringst du dich \u00fcber die Treppenstufen rechtzeitig in Sicherheit? Insel Flucht ist ein kniffliges Konstruktions-Spiel mit 60 Aufgaben in 4 verschiedenen Schwierigkeitsstufen.<\/span><br \/>\n<br \/>[ad_2]<\/p>\n","protected":false},"excerpt":{"rendered":"<p>Price: [price_with_discount](as of [price_update_date] &#8211; Details) [ad_1] Insel Flucht &#8211; findest du den Weg hinaus? Schaffst du es, der Stadt auf der Insel zu entkommen, bevor diese im Meer versinkt?<\/p>\n","protected":false},"featured_media":8118,"comment_status":"open","ping_status":"closed","template":"","meta":[],"product_cat":[227],"product_tag":[270],"class_list":{"0":"post-8117","1":"product","2":"type-product","3":"status-publish","4":"has-post-thumbnail","6":"product_cat-gaming","7":"product_tag-toys-games","9":"first","10":"instock","11":"sale","12":"shipping-taxable","13":"product-type-external"},"aioseo_notices":[],"_links":{"self":[{"href":"https:\/\/topgetestet.de\/index.php?rest_route=\/wp\/v2\/product\/8117","targetHints":{"allow":["GET"]}}],"collection":[{"href":"https:\/\/topgetestet.de\/index.php?rest_route=\/wp\/v2\/product"}],"about":[{"href":"https:\/\/topgetestet.de\/index.php?rest_route=\/wp\/v2\/types\/product"}],"replies":[{"embeddable":true,"href":"https:\/\/topgetestet.de\/index.php?rest_route=%2Fwp%2Fv2%2Fcomments&post=8117"}],"wp:featuredmedia":[{"embeddable":true,"href":"https:\/\/topgetestet.de\/index.php?rest_route=\/wp\/v2\/media\/8118"}],"wp:attachment":[{"href":"https:\/\/topgetestet.de\/index.php?rest_route=%2Fwp%2Fv2%2Fmedia&parent=8117"}],"wp:term":[{"taxonomy":"product_cat","embeddable":true,"href":"https:\/\/topgetestet.de\/index.php?rest_route=%2Fwp%2Fv2%2Fproduct_cat&post=8117"},{"taxonomy":"product_tag","embeddable":true,"href":"https:\/\/topgetestet.de\/index.php?rest_route=%2Fwp%2Fv2%2Fproduct_tag&post=8117"}],"curies":[{"name":"wp","href":"https:\/\/api.w.org\/{rel}","templated":true}]}}