{"id":81040,"date":"2022-11-02T04:33:29","date_gmt":"2022-11-02T04:33:29","guid":{"rendered":"https:\/\/topgetestet.de\/?product=minus-damen-mille-strickjacke"},"modified":"2022-11-02T04:33:29","modified_gmt":"2022-11-02T04:33:29","slug":"minus-damen-mille-strickjacke","status":"publish","type":"product","link":"https:\/\/topgetestet.de\/?product=minus-damen-mille-strickjacke","title":{"rendered":"Minus Damen Mille Strickjacke"},"content":{"rendered":"<p>Price: <span style=\"color:#b12704\">[price_with_discount]<\/span><br \/><i><small>(as of [price_update_date] &#8211; <span class=\"wp_automatic_amazon_disclaimer\" title=\"Product prices and availability are accurate as of the date\/time indicated and are subject to change. Any price and availability information displayed on [relevant Amazon Site(s), as applicable] at the time of purchase will apply to the purchase of this product.\">Details<\/span>)<\/small><\/i><\/p>\n<p><a href=\"https:\/\/amazon.de\/dp\/B09GPPJZRP?tag=topgetestet09-21\"><img decoding=\"async\" src=\"https:\/\/i.imgur.com\/ISRHEWs.png\"><\/a><br \/>\n[ad_1]<br \/>\n <span>Superweiche Strickjacke in sehr sch\u00f6nen Melange-Farben. Der Cardigan hat einen Kragen und eine Knopfleiste mit stoffbezogenen Kn\u00f6pfen f\u00fcr einen femininen Look. Passform: Normale Qualit\u00e4t: 35 % Wolle, 25 % Polyester (recycled), 20 % Alpaka, 15 % Nylon, 5 % Elasthan<\/span> <br \/> Verpackungsabmessungen \u200f : \u200e  31.5 x 29.5 x 6.7 cm; 150 Gramm <br \/> Im Angebot von Amazon.de seit \u200f : \u200e  20. September 2021 <br \/> Hersteller \u200f : \u200e  Redefined Fashion <br \/> ASIN \u200f : \u200e  B09GPQHQG4 <br \/> Modellnummer \u200f : \u200e  MI4203 <br \/> Kategorie \u200f : \u200e  Damen <\/p>\n<p>Strickjacken sind ein unverzichtbares Teil, mit dem Sie jedes Outfit aufpeppen oder abrunden k\u00f6nnen<br \/>Langarm<br \/>Verschluss: Knopfleiste<br \/>35% Wolle, 25% Polyester, 20% Alpaca, 15% Nylon, 5% Elasthan<br \/>Mille knit cardigan<br \/>Pflegehinweis: Maschinenw\u00e4sche<br \/>\n<br \/>[ad_2]<\/p>\n","protected":false},"excerpt":{"rendered":"<p>Price: [price_with_discount](as of [price_update_date] &#8211; Details) [ad_1] Superweiche Strickjacke in sehr sch\u00f6nen Melange-Farben. Der Cardigan hat einen Kragen und eine Knopfleiste mit stoffbezogenen Kn\u00f6pfen f\u00fcr einen femininen Look. Passform: Normale<\/p>\n","protected":false},"featured_media":81041,"comment_status":"open","ping_status":"closed","template":"","meta":[],"product_cat":[233],"product_tag":[276],"class_list":{"0":"post-81040","1":"product","2":"type-product","3":"status-publish","4":"has-post-thumbnail","6":"product_cat-fitness","7":"product_tag-womens-clothing","9":"first","10":"instock","11":"shipping-taxable","12":"product-type-external"},"aioseo_notices":[],"_links":{"self":[{"href":"https:\/\/topgetestet.de\/index.php?rest_route=\/wp\/v2\/product\/81040","targetHints":{"allow":["GET"]}}],"collection":[{"href":"https:\/\/topgetestet.de\/index.php?rest_route=\/wp\/v2\/product"}],"about":[{"href":"https:\/\/topgetestet.de\/index.php?rest_route=\/wp\/v2\/types\/product"}],"replies":[{"embeddable":true,"href":"https:\/\/topgetestet.de\/index.php?rest_route=%2Fwp%2Fv2%2Fcomments&post=81040"}],"wp:featuredmedia":[{"embeddable":true,"href":"https:\/\/topgetestet.de\/index.php?rest_route=\/wp\/v2\/media\/81041"}],"wp:attachment":[{"href":"https:\/\/topgetestet.de\/index.php?rest_route=%2Fwp%2Fv2%2Fmedia&parent=81040"}],"wp:term":[{"taxonomy":"product_cat","embeddable":true,"href":"https:\/\/topgetestet.de\/index.php?rest_route=%2Fwp%2Fv2%2Fproduct_cat&post=81040"},{"taxonomy":"product_tag","embeddable":true,"href":"https:\/\/topgetestet.de\/index.php?rest_route=%2Fwp%2Fv2%2Fproduct_tag&post=81040"}],"curies":[{"name":"wp","href":"https:\/\/api.w.org\/{rel}","templated":true}]}}