{"id":80989,"date":"2022-11-01T16:21:54","date_gmt":"2022-11-01T16:21:54","guid":{"rendered":"https:\/\/topgetestet.de\/?product=betty-barclay-damen-pullover"},"modified":"2022-11-01T16:21:54","modified_gmt":"2022-11-01T16:21:54","slug":"betty-barclay-damen-pullover","status":"publish","type":"product","link":"https:\/\/topgetestet.de\/?product=betty-barclay-damen-pullover","title":{"rendered":"Betty Barclay Damen Pullover"},"content":{"rendered":"<p>Price: <span style=\"color:#b12704\">[price_with_discount]<\/span><br \/><i><small>(as of [price_update_date] &#8211; <span class=\"wp_automatic_amazon_disclaimer\" title=\"Product prices and availability are accurate as of the date\/time indicated and are subject to change. Any price and availability information displayed on [relevant Amazon Site(s), as applicable] at the time of purchase will apply to the purchase of this product.\">Details<\/span>)<\/small><\/i><\/p>\n<p><a href=\"https:\/\/amazon.de\/dp\/B09RSG7B9D?tag=topgetestet09-21\"><img decoding=\"async\" src=\"https:\/\/i.imgur.com\/ISRHEWs.png\"><\/a><br \/>\n[ad_1]<br \/>\n <span>Deze trui van Betty Barclay is voor jou gemaakt. Laat je inspireren<\/p>\n<p>Dieser Pullover von Betty Barclay ist wie f\u00fcr Sie gemacht. Lassen Sie sich begeistern!<\/p>\n<p>Denne sweater fra Betty Barclay er lavet som til dig. Lad dig inspirere!<\/p>\n<p>Betty Barclay marka bu kazak sizin i\u00e7in yap\u0131lm\u0131\u015f gibidir. Hayranlan\u0131n!<\/p>\n<p>Tento pulovr od Betty Barclay je jako pro v\u00e1s. Nechte se nadchnout<\/p>\n<p>Ten sweter firmy Betty Barclay jest stworzony dla Ciebie. Daj si\u0119 oczarowa\u0107!<\/p>\n<p>This Betty Barclay sweater is made for you. Let yourself be inspired!<\/span> <br \/> Verpackungsabmessungen \u200f : \u200e  34.6 x 28.5 x 5.9 cm; 320 Gramm <br \/> Im Angebot von Amazon.de seit \u200f : \u200e  4. Februar 2022 <br \/> Hersteller \u200f : \u200e  Betty Barclay Group GmbH &#038; Co. KG <br \/> ASIN \u200f : \u200e  B09RSG7B9D <br \/> Modellnummer \u200f : \u200e  5770\/1026 <\/p>\n<p>Langarm<br \/>Langarm<br \/>Verschluss: Pull-on<br \/>50% Viskose, 27% Polyamid, 23% Polyester<br \/>L\u00e4ssig<br \/>Pflegehinweis: Nur Handw\u00e4sche<br \/>\n<br \/>[ad_2]<\/p>\n","protected":false},"excerpt":{"rendered":"<p>Price: [price_with_discount](as of [price_update_date] &#8211; Details) [ad_1] Deze trui van Betty Barclay is voor jou gemaakt. Laat je inspireren Dieser Pullover von Betty Barclay ist wie f\u00fcr Sie gemacht. Lassen<\/p>\n","protected":false},"featured_media":80990,"comment_status":"open","ping_status":"closed","template":"","meta":[],"product_cat":[233],"product_tag":[276],"class_list":{"0":"post-80989","1":"product","2":"type-product","3":"status-publish","4":"has-post-thumbnail","6":"product_cat-fitness","7":"product_tag-womens-clothing","9":"first","10":"instock","11":"shipping-taxable","12":"product-type-external"},"aioseo_notices":[],"_links":{"self":[{"href":"https:\/\/topgetestet.de\/index.php?rest_route=\/wp\/v2\/product\/80989","targetHints":{"allow":["GET"]}}],"collection":[{"href":"https:\/\/topgetestet.de\/index.php?rest_route=\/wp\/v2\/product"}],"about":[{"href":"https:\/\/topgetestet.de\/index.php?rest_route=\/wp\/v2\/types\/product"}],"replies":[{"embeddable":true,"href":"https:\/\/topgetestet.de\/index.php?rest_route=%2Fwp%2Fv2%2Fcomments&post=80989"}],"wp:featuredmedia":[{"embeddable":true,"href":"https:\/\/topgetestet.de\/index.php?rest_route=\/wp\/v2\/media\/80990"}],"wp:attachment":[{"href":"https:\/\/topgetestet.de\/index.php?rest_route=%2Fwp%2Fv2%2Fmedia&parent=80989"}],"wp:term":[{"taxonomy":"product_cat","embeddable":true,"href":"https:\/\/topgetestet.de\/index.php?rest_route=%2Fwp%2Fv2%2Fproduct_cat&post=80989"},{"taxonomy":"product_tag","embeddable":true,"href":"https:\/\/topgetestet.de\/index.php?rest_route=%2Fwp%2Fv2%2Fproduct_tag&post=80989"}],"curies":[{"name":"wp","href":"https:\/\/api.w.org\/{rel}","templated":true}]}}