{"id":8037,"date":"2022-09-07T09:59:00","date_gmt":"2022-09-07T09:59:00","guid":{"rendered":"https:\/\/topgetestet.de\/?product=legami-mac0001-zone-arcade-mini-videospiel"},"modified":"2022-09-07T09:59:00","modified_gmt":"2022-09-07T09:59:00","slug":"legami-mac0001-zone-arcade-mini-videospiel","status":"publish","type":"product","link":"https:\/\/topgetestet.de\/?product=legami-mac0001-zone-arcade-mini-videospiel","title":{"rendered":"Legami MAC0001 Zone Arcade Mini-Videospiel"},"content":{"rendered":"<p>Price: <span style=\"color:#b12704\">[price_with_discount]<\/span><br \/><i><small>(as of [price_update_date] &#8211; <span class=\"wp_automatic_amazon_disclaimer\" title=\"Product prices and availability are accurate as of the date\/time indicated and are subject to change. Any price and availability information displayed on [relevant Amazon Site(s), as applicable] at the time of purchase will apply to the purchase of this product.\">Details<\/span>)<\/small><\/i><\/p>\n<p><a href=\"https:\/\/amazon.de\/dp\/B08FTKY81G?tag=topgetestet09-21\"><img decoding=\"async\" src=\"https:\/\/i.imgur.com\/ISRHEWs.png\"><\/a><br \/>\n[ad_1]<\/p>\n<p>       Produktbeschreibung des Herstellers <\/p>\n<p>              <img decoding=\"async\" alt=\"Bindungen\" src=\"https:\/\/images-na.ssl-images-amazon.com\/images\/G\/01\/x-locale\/common\/grey-pixel.gif\" class=\"a-lazy-loaded\" data-src=\"https:\/\/m.media-amazon.com\/images\/S\/aplus-media\/sota\/04e9c43a-ca17-4c0a-b1a3-ef28fbdf200a.__CR76,21,1511,467_PT0_SX970_V1___.jpg\"><\/p>\n<p>               <img decoding=\"async\" alt=\"Bindungen\" src=\"https:\/\/m.media-amazon.com\/images\/S\/aplus-media\/sota\/04e9c43a-ca17-4c0a-b1a3-ef28fbdf200a.__CR76,21,1511,467_PT0_SX970_V1___.jpg\"><\/p>\n<p>              <img decoding=\"async\" alt=\"Bindungen\" src=\"https:\/\/images-na.ssl-images-amazon.com\/images\/G\/01\/x-locale\/common\/grey-pixel.gif\" class=\"a-lazy-loaded\" data-src=\"https:\/\/m.media-amazon.com\/images\/S\/aplus-media\/sota\/e4691887-7f4f-4a12-9ad1-781da48fc6c8.__CR0,219,1483,459_PT0_SX970_V1___.jpg\"><\/p>\n<p>               <img decoding=\"async\" alt=\"Bindungen\" src=\"https:\/\/m.media-amazon.com\/images\/S\/aplus-media\/sota\/e4691887-7f4f-4a12-9ad1-781da48fc6c8.__CR0,219,1483,459_PT0_SX970_V1___.jpg\"><\/p>\n<p>              <img decoding=\"async\" alt=\"Bindungen\" src=\"https:\/\/images-na.ssl-images-amazon.com\/images\/G\/01\/x-locale\/common\/grey-pixel.gif\" class=\"a-lazy-loaded\" data-src=\"https:\/\/m.media-amazon.com\/images\/S\/aplus-media\/sota\/a4611303-8f48-4dfc-9f28-6a12e50edafe.__CR0,63,1234,382_PT0_SX970_V1___.jpg\"><\/p>\n<p>               <img decoding=\"async\" alt=\"Bindungen\" src=\"https:\/\/m.media-amazon.com\/images\/S\/aplus-media\/sota\/a4611303-8f48-4dfc-9f28-6a12e50edafe.__CR0,63,1234,382_PT0_SX970_V1___.jpg\"><\/p>\n<p>              <img decoding=\"async\" alt=\"Bindungen\" src=\"https:\/\/images-na.ssl-images-amazon.com\/images\/G\/01\/x-locale\/common\/grey-pixel.gif\" class=\"a-lazy-loaded\" data-src=\"https:\/\/m.media-amazon.com\/images\/S\/aplus-media\/sota\/d8b3dfde-8ec5-4ab7-a9c6-47a06aa6db79.__CR162,41,1452,449_PT0_SX970_V1___.jpg\"><\/p>\n<p>               <img decoding=\"async\" alt=\"Bindungen\" src=\"https:\/\/m.media-amazon.com\/images\/S\/aplus-media\/sota\/d8b3dfde-8ec5-4ab7-a9c6-47a06aa6db79.__CR162,41,1452,449_PT0_SX970_V1___.jpg\"><\/p>\n<p>Ein klassisches und zeitloses Spielvergn\u00fcgen ist garantiert f\u00fcr alle Altersgruppen. Genie\u00dfen Sie 240 klassische Spiele auf verschiedenen Ebenen und Varianten.<br \/>Ein kleines Schmuckst\u00fcck f\u00fcr alte Schulspieler, perfekt um j\u00fcngere Spielemotionen in 8-bit zu entdecken! Alles streng coloriert!<br \/>Einstellbare Lautst\u00e4rke<br \/>Sprache: Englisch<br \/>2,5 Zoll TFT-Bildschirm<br \/>Ben\u00f6tigte Batterien: 3 x AA (nicht enthalten)<br \/>Material: Kunststoff<br \/>\n<br \/>[ad_2]<\/p>\n","protected":false},"excerpt":{"rendered":"<p>Price: [price_with_discount](as of [price_update_date] &#8211; Details) [ad_1] Produktbeschreibung des Herstellers Ein klassisches und zeitloses Spielvergn\u00fcgen ist garantiert f\u00fcr alle Altersgruppen. Genie\u00dfen Sie 240 klassische Spiele auf verschiedenen Ebenen und Varianten.Ein<\/p>\n","protected":false},"featured_media":8038,"comment_status":"open","ping_status":"closed","template":"","meta":[],"product_cat":[227],"product_tag":[267],"class_list":{"0":"post-8037","1":"product","2":"type-product","3":"status-publish","4":"has-post-thumbnail","6":"product_cat-gaming","7":"product_tag-video-games","9":"first","10":"instock","11":"sale","12":"shipping-taxable","13":"product-type-external"},"aioseo_notices":[],"_links":{"self":[{"href":"https:\/\/topgetestet.de\/index.php?rest_route=\/wp\/v2\/product\/8037","targetHints":{"allow":["GET"]}}],"collection":[{"href":"https:\/\/topgetestet.de\/index.php?rest_route=\/wp\/v2\/product"}],"about":[{"href":"https:\/\/topgetestet.de\/index.php?rest_route=\/wp\/v2\/types\/product"}],"replies":[{"embeddable":true,"href":"https:\/\/topgetestet.de\/index.php?rest_route=%2Fwp%2Fv2%2Fcomments&post=8037"}],"wp:featuredmedia":[{"embeddable":true,"href":"https:\/\/topgetestet.de\/index.php?rest_route=\/wp\/v2\/media\/8038"}],"wp:attachment":[{"href":"https:\/\/topgetestet.de\/index.php?rest_route=%2Fwp%2Fv2%2Fmedia&parent=8037"}],"wp:term":[{"taxonomy":"product_cat","embeddable":true,"href":"https:\/\/topgetestet.de\/index.php?rest_route=%2Fwp%2Fv2%2Fproduct_cat&post=8037"},{"taxonomy":"product_tag","embeddable":true,"href":"https:\/\/topgetestet.de\/index.php?rest_route=%2Fwp%2Fv2%2Fproduct_tag&post=8037"}],"curies":[{"name":"wp","href":"https:\/\/api.w.org\/{rel}","templated":true}]}}