{"id":80205,"date":"2022-10-24T14:42:41","date_gmt":"2022-10-24T14:42:41","guid":{"rendered":"https:\/\/topgetestet.de\/?product=nike-damen-pro-panties-3"},"modified":"2022-10-24T14:42:41","modified_gmt":"2022-10-24T14:42:41","slug":"nike-damen-pro-panties-3","status":"publish","type":"product","link":"https:\/\/topgetestet.de\/?product=nike-damen-pro-panties-3","title":{"rendered":"Nike Damen Pro Panties"},"content":{"rendered":"<p>Price: <span style=\"color:#b12704\">[price_with_discount]<\/span><br \/><i><small>(as of [price_update_date] &#8211; <span class=\"wp_automatic_amazon_disclaimer\" title=\"Product prices and availability are accurate as of the date\/time indicated and are subject to change. Any price and availability information displayed on [relevant Amazon Site(s), as applicable] at the time of purchase will apply to the purchase of this product.\">Details<\/span>)<\/small><\/i><\/p>\n<p><a href=\"https:\/\/amazon.de\/dp\/B08NX7DG91?tag=topgetestet09-21\"><img decoding=\"async\" src=\"https:\/\/i.imgur.com\/ISRHEWs.png\"><\/a><br \/>\n[ad_1]<\/p>\n<p>       Produktbeschreibung des Herstellers <\/p>\n<p>              <img decoding=\"async\" alt=\"Just Do It\" src=\"https:\/\/images-na.ssl-images-amazon.com\/images\/G\/01\/x-locale\/common\/grey-pixel.gif\" class=\"a-lazy-loaded\" data-src=\"https:\/\/m.media-amazon.com\/images\/S\/aplus-media\/sota\/e2b06405-e0fc-4670-a88a-445f88ade414.__CR0,0,970,300_PT0_SX970_V1___.jpg\"><\/p>\n<p>               <img decoding=\"async\" alt=\"Just Do It\" src=\"https:\/\/m.media-amazon.com\/images\/S\/aplus-media\/sota\/e2b06405-e0fc-4670-a88a-445f88ade414.__CR0,0,970,300_PT0_SX970_V1___.jpg\"><\/p>\n<h3 class=\"a-spacing-small\"> So finden Sie Ihre passende Gr\u00f6\u00dfe <\/h3>\n<p> <img decoding=\"async\" alt=\"Gr\u00f6\u00dfe ermitteln\" src=\"https:\/\/images-na.ssl-images-amazon.com\/images\/G\/01\/x-locale\/common\/grey-pixel.gif\" class=\"a-spacing-mini a-lazy-loaded\" data-src=\"https:\/\/m.media-amazon.com\/images\/S\/aplus-media\/sota\/365074df-71a5-40a5-95d9-4283c3f1d9ab.__CR0,0,300,300_PT0_SX300_V1___.png\">\n                   <\/p>\n<p>                    <img decoding=\"async\" alt=\"Gr\u00f6\u00dfe ermitteln\" src=\"https:\/\/m.media-amazon.com\/images\/S\/aplus-media\/sota\/365074df-71a5-40a5-95d9-4283c3f1d9ab.__CR0,0,300,300_PT0_SX300_V1___.png\"><\/p>\n<p> <img decoding=\"async\" alt=\"Tallie\" src=\"https:\/\/images-na.ssl-images-amazon.com\/images\/G\/01\/x-locale\/common\/grey-pixel.gif\" class=\"a-spacing-mini a-lazy-loaded\" data-src=\"https:\/\/m.media-amazon.com\/images\/S\/aplus-media\/sota\/842e2808-9ba1-42e8-99e2-3523352bdfd2.__CR0,0,300,300_PT0_SX300_V1___.png\">\n                   <\/p>\n<p>                    <img decoding=\"async\" alt=\"Tallie\" src=\"https:\/\/m.media-amazon.com\/images\/S\/aplus-media\/sota\/842e2808-9ba1-42e8-99e2-3523352bdfd2.__CR0,0,300,300_PT0_SX300_V1___.png\"><\/p>\n<p>                   1. Taillenumfang messen  <\/p>\n<p> F\u00fchren Sie das Ma\u00dfband um die Taille &#8211; an der schmalsten Stelle, kurz \u00fcber dem Bauchnabel. Achten Sie darauf, dass das Ma\u00dfband nicht einschneidet. <\/p>\n<p> Tipp: Sie sollten nur d\u00fcnne Kleidung beim vermessen tragen, um die Werte nicht zu verf\u00e4lschen. <\/p>\n<p>                   2. H\u00fcftumfang messen  <\/p>\n<p> F\u00fchren Sie das Ma\u00dfband um die H\u00fcfte &#8211; an der breitesten Stelle von H\u00fcfte und Ges\u00e4\u00df. Achten Sie darauf, dass das Ma\u00dfband auf Ihrer R\u00fcckseite nicht herunterh\u00e4ngt oder absteht. <\/p>\n<p>          <img decoding=\"async\" alt=\"Nike Sizechart Shirts\" src=\"https:\/\/images-na.ssl-images-amazon.com\/images\/G\/01\/x-locale\/common\/grey-pixel.gif\" class=\"a-spacing-base a-lazy-loaded\" data-src=\"https:\/\/m.media-amazon.com\/images\/S\/aplus-media\/sota\/8a1aa6c3-0ed3-4762-8ac4-ed6db5bcc103.__CR0,0,970,600_PT0_SX970_V1___.png\"><\/p>\n<p>           <img decoding=\"async\" alt=\"Nike Sizechart Shirts\" src=\"https:\/\/m.media-amazon.com\/images\/S\/aplus-media\/sota\/8a1aa6c3-0ed3-4762-8ac4-ed6db5bcc103.__CR0,0,970,600_PT0_SX970_V1___.png\"><\/p>\n<p class=\"a-spacing-base\"> Hinweise: <\/p>\n<p class=\"a-spacing-base\"> Wenn Sie zwischen zwei Gr\u00f6\u00dfen liegen, bestellen Sie die kleinere Gr\u00f6\u00dfe f\u00fcr eine engere Passform oder die gr\u00f6\u00dfere Gr\u00f6\u00dfe f\u00fcr eine weitere Passform. Wenn Sie f\u00fcr Ihre Ma\u00dfe f\u00fcr H\u00fcft- und Taillenumfang zwei unterschiedliche Gr\u00f6\u00dfenvorschl\u00e4ge erhalten, bestellen Sie die Gr\u00f6\u00dfe nach Ihrem H\u00fcftumfang. <\/p>\n<p class=\"a-spacing-base\"> Tipp: Wenn Sie kein Ma\u00dfband zur Hand haben, k\u00f6nnen Sie zum Beispiel einen Faden verwenden und seine markierte L\u00e4nge anschlie\u00dfend mit dem Lineal vermessen. <\/p>\n<p>              <img decoding=\"async\" alt=\"Nike Logo\" src=\"https:\/\/images-na.ssl-images-amazon.com\/images\/G\/01\/x-locale\/common\/grey-pixel.gif\" class=\"a-lazy-loaded\" data-src=\"https:\/\/m.media-amazon.com\/images\/S\/aplus-media\/sota\/e57d3d0d-d21b-4c47-955d-b9a08f9290fd.__CR0,0,970,300_PT0_SX970_V1___.jpg\"><\/p>\n<p>               <img decoding=\"async\" alt=\"Nike Logo\" src=\"https:\/\/m.media-amazon.com\/images\/S\/aplus-media\/sota\/e57d3d0d-d21b-4c47-955d-b9a08f9290fd.__CR0,0,970,300_PT0_SX970_V1___.jpg\"><\/p>\n<p>[ad_2]<\/p>\n","protected":false},"excerpt":{"rendered":"<p>Price: [price_with_discount](as of [price_update_date] &#8211; Details) [ad_1] Produktbeschreibung des Herstellers So finden Sie Ihre passende Gr\u00f6\u00dfe 1. Taillenumfang messen F\u00fchren Sie das Ma\u00dfband um die Taille &#8211; an der schmalsten<\/p>\n","protected":false},"featured_media":80206,"comment_status":"open","ping_status":"closed","template":"","meta":[],"product_cat":[233],"product_tag":[276],"class_list":{"0":"post-80205","1":"product","2":"type-product","3":"status-publish","4":"has-post-thumbnail","6":"product_cat-fitness","7":"product_tag-womens-clothing","9":"first","10":"instock","11":"shipping-taxable","12":"product-type-external"},"aioseo_notices":[],"_links":{"self":[{"href":"https:\/\/topgetestet.de\/index.php?rest_route=\/wp\/v2\/product\/80205","targetHints":{"allow":["GET"]}}],"collection":[{"href":"https:\/\/topgetestet.de\/index.php?rest_route=\/wp\/v2\/product"}],"about":[{"href":"https:\/\/topgetestet.de\/index.php?rest_route=\/wp\/v2\/types\/product"}],"replies":[{"embeddable":true,"href":"https:\/\/topgetestet.de\/index.php?rest_route=%2Fwp%2Fv2%2Fcomments&post=80205"}],"wp:featuredmedia":[{"embeddable":true,"href":"https:\/\/topgetestet.de\/index.php?rest_route=\/wp\/v2\/media\/80206"}],"wp:attachment":[{"href":"https:\/\/topgetestet.de\/index.php?rest_route=%2Fwp%2Fv2%2Fmedia&parent=80205"}],"wp:term":[{"taxonomy":"product_cat","embeddable":true,"href":"https:\/\/topgetestet.de\/index.php?rest_route=%2Fwp%2Fv2%2Fproduct_cat&post=80205"},{"taxonomy":"product_tag","embeddable":true,"href":"https:\/\/topgetestet.de\/index.php?rest_route=%2Fwp%2Fv2%2Fproduct_tag&post=80205"}],"curies":[{"name":"wp","href":"https:\/\/api.w.org\/{rel}","templated":true}]}}