{"id":79858,"date":"2022-10-20T17:08:26","date_gmt":"2022-10-20T17:08:26","guid":{"rendered":"https:\/\/topgetestet.de\/?product=thera-band-ubungsband-55-m-leicht-gelb"},"modified":"2022-10-20T17:08:26","modified_gmt":"2022-10-20T17:08:26","slug":"thera-band-ubungsband-55-m-leicht-gelb","status":"publish","type":"product","link":"https:\/\/topgetestet.de\/?product=thera-band-ubungsband-55-m-leicht-gelb","title":{"rendered":"Thera-Band \u00dcbungsband 5,5 m , leicht\/gelb"},"content":{"rendered":"<p>Price: <span style=\"color:#b12704\">[price_with_discount]<\/span><br \/><i><small>(as of [price_update_date] &#8211; <span class=\"wp_automatic_amazon_disclaimer\" title=\"Product prices and availability are accurate as of the date\/time indicated and are subject to change. Any price and availability information displayed on [relevant Amazon Site(s), as applicable] at the time of purchase will apply to the purchase of this product.\">Details<\/span>)<\/small><\/i><\/p>\n<p><a href=\"https:\/\/amazon.de\/dp\/B000KGOKJG?tag=topgetestet09-21\"><img decoding=\"async\" src=\"https:\/\/i.imgur.com\/ISRHEWs.png\"><\/a><br \/>\n[ad_1]<br \/>\n <span>Thera-B\u00e4nder sind die am meisten verkauften Fitnessb\u00e4nder der Welt. Durch den Widerstand wird sowohl positiver als auch negativer Druck auf die Muskeln ausge\u00fcbt, wodurch die Muskelst\u00e4rke verbessert wird und die Bewegungsreichweite und das Zusammenspiel der verschiedenen Muskelgruppen erweitert werden. Es kann alleine f\u00fcr das Training zuhause oder f\u00fcr Gruppen\u00fcbungen verwendet werden. Das Band ist preisg\u00fcnstiger als Fitness-Ger\u00e4te, erzielt aber ebenso positive Ergebnisse. Au\u00dferdem kann das Band mitgenommen werden, ist vielseitig und seine Anwendungsm\u00f6glichkeiten sind praktisch unbegrenzt. Es hat eine Pulverbeschichtung, die seine Lebensdauer erh\u00f6ht. Es ist einfach zu gebrauchen und kann auf die gew\u00fcnschte L\u00e4nge zugeschnitten werden. Es wird einmal um beide H\u00e4nde gewickelt und wiederholt auf verschiedene Weisen gedehnt, um spezifische K\u00f6rperteile zu st\u00e4rken und zu trainieren. Das Benutzerhandbuch (in englischer Sprache) mit hunderten von \u00dcbungen steht online zur Verf\u00fcgung. Es ist ideal f\u00fcr den Gebrauch zuhause, in der Schule, der Uni oder f\u00fcr die Reha. Das Band ist in verschiedensten, farbkodierten Widerst\u00e4nden erh\u00e4ltlich. Es wird empfohlen, das Training mit einem leichten Widerstand anzufangen und sich langsam hochzuarbeiten, sobald das Training mit dem gerade gebrauchten Band leichter f\u00e4llt. <\/span><br \/>Steigerung von Kraft, Mobilit\u00e4t und Flexibilit\u00e4t<br \/>Erh\u00e4ltlich in acht unterschiedlichen Widerst\u00e4nden<br \/>Geeignet f\u00fcr den Einsatz in Therapie, zu Hause, bei Fitness und Sport<br \/>Naturprodukt aus reinem Latex<br \/>\n<br \/>[ad_2]<\/p>\n","protected":false},"excerpt":{"rendered":"<p>Price: [price_with_discount](as of [price_update_date] &#8211; Details) [ad_1] Thera-B\u00e4nder sind die am meisten verkauften Fitnessb\u00e4nder der Welt. Durch den Widerstand wird sowohl positiver als auch negativer Druck auf die Muskeln ausge\u00fcbt,<\/p>\n","protected":false},"featured_media":79859,"comment_status":"open","ping_status":"closed","template":"","meta":[],"product_cat":[233],"product_tag":[273],"class_list":{"0":"post-79858","1":"product","2":"type-product","3":"status-publish","4":"has-post-thumbnail","6":"product_cat-fitness","7":"product_tag-exercise-fitness-accessories","9":"first","10":"instock","11":"sale","12":"shipping-taxable","13":"product-type-external"},"aioseo_notices":[],"_links":{"self":[{"href":"https:\/\/topgetestet.de\/index.php?rest_route=\/wp\/v2\/product\/79858","targetHints":{"allow":["GET"]}}],"collection":[{"href":"https:\/\/topgetestet.de\/index.php?rest_route=\/wp\/v2\/product"}],"about":[{"href":"https:\/\/topgetestet.de\/index.php?rest_route=\/wp\/v2\/types\/product"}],"replies":[{"embeddable":true,"href":"https:\/\/topgetestet.de\/index.php?rest_route=%2Fwp%2Fv2%2Fcomments&post=79858"}],"wp:featuredmedia":[{"embeddable":true,"href":"https:\/\/topgetestet.de\/index.php?rest_route=\/wp\/v2\/media\/79859"}],"wp:attachment":[{"href":"https:\/\/topgetestet.de\/index.php?rest_route=%2Fwp%2Fv2%2Fmedia&parent=79858"}],"wp:term":[{"taxonomy":"product_cat","embeddable":true,"href":"https:\/\/topgetestet.de\/index.php?rest_route=%2Fwp%2Fv2%2Fproduct_cat&post=79858"},{"taxonomy":"product_tag","embeddable":true,"href":"https:\/\/topgetestet.de\/index.php?rest_route=%2Fwp%2Fv2%2Fproduct_tag&post=79858"}],"curies":[{"name":"wp","href":"https:\/\/api.w.org\/{rel}","templated":true}]}}