{"id":79822,"date":"2022-10-20T11:38:11","date_gmt":"2022-10-20T11:38:11","guid":{"rendered":"https:\/\/topgetestet.de\/?product=fit-for-fun-fatburner-workout-mit-core-training"},"modified":"2022-10-20T11:38:11","modified_gmt":"2022-10-20T11:38:11","slug":"fit-for-fun-fatburner-workout-mit-core-training","status":"publish","type":"product","link":"https:\/\/topgetestet.de\/?product=fit-for-fun-fatburner-workout-mit-core-training","title":{"rendered":"Fit for Fun &#8211; Fatburner Workout mit Core-Training"},"content":{"rendered":"<p>Price: <span style=\"color:#b12704\">[price_with_discount]<\/span><br \/><i><small>(as of [price_update_date] &#8211; <span class=\"wp_automatic_amazon_disclaimer\" title=\"Product prices and availability are accurate as of the date\/time indicated and are subject to change. Any price and availability information displayed on [relevant Amazon Site(s), as applicable] at the time of purchase will apply to the purchase of this product.\">Details<\/span>)<\/small><\/i><\/p>\n<p><a href=\"https:\/\/amazon.de\/dp\/B001K31O4M?tag=topgetestet09-21\"><img decoding=\"async\" src=\"https:\/\/i.imgur.com\/ISRHEWs.png\"><\/a><br \/>\n[ad_1]<br \/>\n <span>Fatburner Workout mit Core-Training<\/p>\n<p>Fit, schlank und sexy in den Fr\u00fchling starten \u2013 mit diesem Workout ist das ganz einfach!<br \/>Das neuartige Programm kombiniert die effektivsten Bodyshaping-\u00dcbungen mit gezieltem Training der tiefliegenden Muskelschichten; dem sogenannten Core-Training.<br \/>Durch den Aufbau der Muskulatur nicht nur an der Oberfl\u00e4che, sondern bis in die Tiefe des Halte- und St\u00fctzapparates l\u00e4sst sich in k\u00fcrzester Zeit die gesamte Figur nicht nur straffen und in tolle Form bringen, sondern auch die allgemeine Fitness nachhaltig verbessern. Das Core-Training macht\u2019s m\u00f6glich: Effektives Bodyshaping f\u00fcr zu Hause!<br \/>So trainieren die Profis! Effektiv wie nie zuvor: Bodyshaping mit Johanna Fellner<br \/>Die bekannte M\u00fcnchner Fitness-Expertin Johanna Fellner pr\u00e4sentiert ihr neu entwickeltes Programm mit den wirkungsvollsten \u00dcbungen f\u00fcr eine schlanke, straffe Bikini-Figur. Unterst\u00fctzt wird Sie dabei von der diplomierten Sportwissenschaftlerin Ina M\u00fcnsberg [jeweils Foto].<br \/>Mit dem Fatburner Workout mit Core-Training machen Sie den ungeliebten Fettp\u00f6lsterchen endlich Beine!<\/p>\n<p>Das Wichtigste auf einen Blick:<br \/>&#8211; Das unschlagbare Duo: Ein spritziger Cardio-Teil macht den Fettp\u00f6lsterchen Beine, und das wirkungsvolle Muskeltraining sorgt f\u00fcr tolle Definition in k\u00fcrzester Zeit.<br \/>&#8211; Beste Ergebnisse f\u00fcr jeden Fitness-Typ: Das Programm eignet sich f\u00fcr Einsteiger genauso wie f\u00fcr ambitionierte Fitness-Fans<br \/>&#8211; Sie ben\u00f6tigen f\u00fcr dieses Workout weder Hilfsmittel noch teure Sportger\u00e4te: Einfach DVD einlegen und los geht\u2019s!<br \/>&#8211; NEU: Fitness f\u00fcr jedes Zeitbudget! Neben drei Kurzprogrammen, die gezielt jeweils einzelne K\u00f6rperbereiche zum Schwerpunkt haben, k\u00f6nnen Sie zus\u00e4tzlich alle Einzel\u00fcbungen separat anw\u00e4hlen. So entscheiden Sie selbst &#8211; auf die Minute genau &#8211; wie lange Sie trainieren m\u00f6chten. <\/p>\n<p><\/span> <br \/> Seitenverh\u00e4ltnis \u200f : \u200e  16:9 &#8211; 1.77:1, 4:3 &#8211; 1.33:1 <br \/> Alterseinstufung \u200f : \u200e  Freigegeben ohne Altersbeschr\u00e4nkung <br \/> Produktabmessungen \u200f : \u200e  13.7 x 19.2 x 0.8 cm; 80 Gramm <br \/> Modellnummer \u200f : \u200e  4250148703653 <br \/> Regisseur \u200f : \u200e  Elli Becker <br \/> Medienformat \u200f : \u200e  Dolby, PAL <br \/> Laufzeit \u200f : \u200e  1 Stunde und 12 Minuten <br \/> Erscheinungstermin \u200f : \u200e  9. Januar 2009 <br \/> Darsteller \u200f : \u200e  Johanna Fellner, Ina M\u00fcnsberg <br \/> Sprache, \u200f : \u200e  Deutsch (Dolby Digital 2.0), Deutsch (Dolby Digital 5.1) <br \/> Studio \u200f : \u200e  WVG Medien GmbH <br \/> ASIN \u200f : \u200e  B001K31O4M <br \/> Herkunftsland \u200f : \u200e  Deutschland <br \/> Anzahl Disks \u200f : \u200e  1 <\/p>\n<p>[ad_2]<\/p>\n","protected":false},"excerpt":{"rendered":"<p>Price: [price_with_discount](as of [price_update_date] &#8211; Details) [ad_1] Fatburner Workout mit Core-Training Fit, schlank und sexy in den Fr\u00fchling starten \u2013 mit diesem Workout ist das ganz einfach!Das neuartige Programm kombiniert<\/p>\n","protected":false},"featured_media":79823,"comment_status":"open","ping_status":"closed","template":"","meta":[],"product_cat":[233],"product_tag":[274],"class_list":{"0":"post-79822","1":"product","2":"type-product","3":"status-publish","4":"has-post-thumbnail","6":"product_cat-fitness","7":"product_tag-cardio-training","9":"first","10":"instock","11":"shipping-taxable","12":"product-type-external"},"aioseo_notices":[],"_links":{"self":[{"href":"https:\/\/topgetestet.de\/index.php?rest_route=\/wp\/v2\/product\/79822","targetHints":{"allow":["GET"]}}],"collection":[{"href":"https:\/\/topgetestet.de\/index.php?rest_route=\/wp\/v2\/product"}],"about":[{"href":"https:\/\/topgetestet.de\/index.php?rest_route=\/wp\/v2\/types\/product"}],"replies":[{"embeddable":true,"href":"https:\/\/topgetestet.de\/index.php?rest_route=%2Fwp%2Fv2%2Fcomments&post=79822"}],"wp:featuredmedia":[{"embeddable":true,"href":"https:\/\/topgetestet.de\/index.php?rest_route=\/wp\/v2\/media\/79823"}],"wp:attachment":[{"href":"https:\/\/topgetestet.de\/index.php?rest_route=%2Fwp%2Fv2%2Fmedia&parent=79822"}],"wp:term":[{"taxonomy":"product_cat","embeddable":true,"href":"https:\/\/topgetestet.de\/index.php?rest_route=%2Fwp%2Fv2%2Fproduct_cat&post=79822"},{"taxonomy":"product_tag","embeddable":true,"href":"https:\/\/topgetestet.de\/index.php?rest_route=%2Fwp%2Fv2%2Fproduct_tag&post=79822"}],"curies":[{"name":"wp","href":"https:\/\/api.w.org\/{rel}","templated":true}]}}