{"id":79604,"date":"2022-10-19T02:26:24","date_gmt":"2022-10-19T02:26:24","guid":{"rendered":"https:\/\/topgetestet.de\/?product=power-guidance-trizeps-kabelzug-nach-unten-drucken-gewicht-maschinenzubehor"},"modified":"2022-10-19T02:26:24","modified_gmt":"2022-10-19T02:26:24","slug":"power-guidance-trizeps-kabelzug-nach-unten-drucken-gewicht-maschinenzubehor","status":"publish","type":"product","link":"https:\/\/topgetestet.de\/?product=power-guidance-trizeps-kabelzug-nach-unten-drucken-gewicht-maschinenzubehor","title":{"rendered":"POWER GUIDANCE Trizeps-Kabelzug nach unten dr\u00fccken, Gewicht Maschinenzubeh\u00f6r"},"content":{"rendered":"<p>Price: <span style=\"color:#b12704\">[price_with_discount]<\/span><br \/><i><small>(as of [price_update_date] &#8211; <span class=\"wp_automatic_amazon_disclaimer\" title=\"Product prices and availability are accurate as of the date\/time indicated and are subject to change. Any price and availability information displayed on [relevant Amazon Site(s), as applicable] at the time of purchase will apply to the purchase of this product.\">Details<\/span>)<\/small><\/i><\/p>\n<p><a href=\"https:\/\/amazon.de\/dp\/B07PWBNJ6Y?tag=topgetestet09-21\"><img decoding=\"async\" src=\"https:\/\/i.imgur.com\/ISRHEWs.png\"><\/a><br \/>\n[ad_1]<br \/>\n Zielen Sie auf den Latissimus Dorsi (LATs) <br \/>\u2705 \u3010Geflochtenes Nylon-Trizeps-Seil\u3011 \u2013 aus strapazierf\u00e4higem, schwarzem, geflochtenem Nylon mit festen Gummi-Enden, verf\u00fcgt es auch \u00fcber ein hartes Chrom-Drehgelenk, das flexible Bewegungen f\u00fcr Ihr Trizeps-Training erm\u00f6glicht. Bitte beachten Sie, dass unser Bizeps-Seil das Seil ziehen muss, nicht den Kugelkopf, sonst wird der Kugelkopf die ganze Zeit gezogen und er leicht abfallen.<br \/>\u2705 \u3010Lieferumfang\u3011\u2014 1 x V-f\u00f6rmige Stange + 1 x geflochtenes Trizepsseil aus Nylon + 1 x V-Griff mit Drehung + 2 x Karabinerhaken<br \/>\u2705 \u3010Multi-Workouts\u3011 \u2013 Diese Kombination ist perfekt f\u00fcr den Aufbau st\u00e4rkerer Trizeps- und Griffst\u00e4rke, unterst\u00fctzt Muskeln um Ellbogen, Handgelenke, R\u00fccken, Bauchmuskeln und Schultern mit verschiedenen Compound-Push-\u00dcbungen: Trizeps-Pushdowns, sitzende Kabelreihen, sitzende aufrechte Reihen, perfekt f\u00fcr Training zu Hause und im Fitnessstudio.<br \/>\u2705\u3010Schnelle &#038; korrekte Fitness\u3011 \u2013 Mit diesem Zubeh\u00f6r f\u00fcr Kraftmaschinen k\u00f6nnen Sie jede Muskelgruppe optimal isolieren! Perfekt f\u00fcr Latz\u00fcge, Curl-Stangen am Kabelzug, Trizepsdr\u00fccken, Curls an der geraden Stange, Rudern im Sitzen, den Aufbau st\u00e4rkerer Trizeps- und Griffst\u00e4rken, die Unterst\u00fctzung der Muskeln um Ellbogen, Handgelenke, R\u00fccken, Bauch und Schultern, Beine, H\u00fcftabduktoren und Glute-Training.<br \/>\n<br \/>[ad_2]<\/p>\n","protected":false},"excerpt":{"rendered":"<p>Price: [price_with_discount](as of [price_update_date] &#8211; Details) [ad_1] Zielen Sie auf den Latissimus Dorsi (LATs) \u2705 \u3010Geflochtenes Nylon-Trizeps-Seil\u3011 \u2013 aus strapazierf\u00e4higem, schwarzem, geflochtenem Nylon mit festen Gummi-Enden, verf\u00fcgt es auch \u00fcber<\/p>\n","protected":false},"featured_media":79605,"comment_status":"open","ping_status":"closed","template":"","meta":[],"product_cat":[233],"product_tag":[273],"class_list":{"0":"post-79604","1":"product","2":"type-product","3":"status-publish","4":"has-post-thumbnail","6":"product_cat-fitness","7":"product_tag-exercise-fitness-accessories","9":"first","10":"instock","11":"shipping-taxable","12":"product-type-external"},"aioseo_notices":[],"_links":{"self":[{"href":"https:\/\/topgetestet.de\/index.php?rest_route=\/wp\/v2\/product\/79604","targetHints":{"allow":["GET"]}}],"collection":[{"href":"https:\/\/topgetestet.de\/index.php?rest_route=\/wp\/v2\/product"}],"about":[{"href":"https:\/\/topgetestet.de\/index.php?rest_route=\/wp\/v2\/types\/product"}],"replies":[{"embeddable":true,"href":"https:\/\/topgetestet.de\/index.php?rest_route=%2Fwp%2Fv2%2Fcomments&post=79604"}],"wp:featuredmedia":[{"embeddable":true,"href":"https:\/\/topgetestet.de\/index.php?rest_route=\/wp\/v2\/media\/79605"}],"wp:attachment":[{"href":"https:\/\/topgetestet.de\/index.php?rest_route=%2Fwp%2Fv2%2Fmedia&parent=79604"}],"wp:term":[{"taxonomy":"product_cat","embeddable":true,"href":"https:\/\/topgetestet.de\/index.php?rest_route=%2Fwp%2Fv2%2Fproduct_cat&post=79604"},{"taxonomy":"product_tag","embeddable":true,"href":"https:\/\/topgetestet.de\/index.php?rest_route=%2Fwp%2Fv2%2Fproduct_tag&post=79604"}],"curies":[{"name":"wp","href":"https:\/\/api.w.org\/{rel}","templated":true}]}}