{"id":79549,"date":"2022-10-18T19:10:47","date_gmt":"2022-10-18T19:10:47","guid":{"rendered":"https:\/\/topgetestet.de\/?product=balance-swing-auf-dem-mini-trampolin-fitness-dvd"},"modified":"2022-10-18T19:10:47","modified_gmt":"2022-10-18T19:10:47","slug":"balance-swing-auf-dem-mini-trampolin-fitness-dvd","status":"publish","type":"product","link":"https:\/\/topgetestet.de\/?product=balance-swing-auf-dem-mini-trampolin-fitness-dvd","title":{"rendered":"Balance Swing auf dem Mini-Trampolin: Fitness DVD"},"content":{"rendered":"<p>Price: <span style=\"color:#b12704\">[price_with_discount]<\/span><br \/><i><small>(as of [price_update_date] &#8211; <span class=\"wp_automatic_amazon_disclaimer\" title=\"Product prices and availability are accurate as of the date\/time indicated and are subject to change. Any price and availability information displayed on [relevant Amazon Site(s), as applicable] at the time of purchase will apply to the purchase of this product.\">Details<\/span>)<\/small><\/i><\/p>\n<p><a href=\"https:\/\/amazon.de\/dp\/B00AXXAV4Y?tag=topgetestet09-21\"><img decoding=\"async\" src=\"https:\/\/i.imgur.com\/ISRHEWs.png\"><\/a><br \/>\n[ad_1]<br \/>\n <span>Die 30-Minuten-DVD zum Buch &#8220;Balance Swing auf dem Minitrampolin&#8221; ist unsere erste DVD. Sie ist ideal f\u00fcr das Training zu Hause mit gesprochener Trainingsanleitung und vorgef\u00fchrten \u00dcbungen. Diese erste 30-Minuten-DVD umfasst: 1. Kurze Einf\u00fchrung in das Trainingskonzept Balance Swing 2. Theorieteil 3. Praxiseinheit 30 min 4. Praxiseinheit 37 min (Achtung: gleiches Programm mit l\u00e4ngerer Cardioeinheit)<\/span> <br \/> Auslaufartikel (Produktion durch Hersteller eingestellt) \u200f : \u200e  Nein <br \/> Alterseinstufung \u200f : \u200e  Lehrprogramm <br \/> Verpackungsabmessungen \u200f : \u200e  18.03 x 13.76 x 1.48 cm; 83.16 Gramm <br \/> Medienformat \u200f : \u200e  DVD-Video <br \/> Laufzeit \u200f : \u200e  75 Minuten <br \/> Darsteller \u200f : \u200e  Yvonne Hyna; Annett Sch\u00f6nfelder <br \/> Studio \u200f : \u200e  Balance Swing <br \/> Produzenten \u200f : \u200e  Balance Swing <br \/> ASIN \u200f : \u200e  B00AXXAV4Y <br \/> Herkunftsland \u200f : \u200e  Deutschland <\/p>\n<p>[ad_2]<\/p>\n","protected":false},"excerpt":{"rendered":"<p>Price: [price_with_discount](as of [price_update_date] &#8211; Details) [ad_1] Die 30-Minuten-DVD zum Buch &#8220;Balance Swing auf dem Minitrampolin&#8221; ist unsere erste DVD. Sie ist ideal f\u00fcr das Training zu Hause mit gesprochener<\/p>\n","protected":false},"featured_media":79550,"comment_status":"open","ping_status":"closed","template":"","meta":[],"product_cat":[233],"product_tag":[274],"class_list":{"0":"post-79549","1":"product","2":"type-product","3":"status-publish","4":"has-post-thumbnail","6":"product_cat-fitness","7":"product_tag-cardio-training","9":"first","10":"instock","11":"shipping-taxable","12":"product-type-external"},"aioseo_notices":[],"_links":{"self":[{"href":"https:\/\/topgetestet.de\/index.php?rest_route=\/wp\/v2\/product\/79549","targetHints":{"allow":["GET"]}}],"collection":[{"href":"https:\/\/topgetestet.de\/index.php?rest_route=\/wp\/v2\/product"}],"about":[{"href":"https:\/\/topgetestet.de\/index.php?rest_route=\/wp\/v2\/types\/product"}],"replies":[{"embeddable":true,"href":"https:\/\/topgetestet.de\/index.php?rest_route=%2Fwp%2Fv2%2Fcomments&post=79549"}],"wp:featuredmedia":[{"embeddable":true,"href":"https:\/\/topgetestet.de\/index.php?rest_route=\/wp\/v2\/media\/79550"}],"wp:attachment":[{"href":"https:\/\/topgetestet.de\/index.php?rest_route=%2Fwp%2Fv2%2Fmedia&parent=79549"}],"wp:term":[{"taxonomy":"product_cat","embeddable":true,"href":"https:\/\/topgetestet.de\/index.php?rest_route=%2Fwp%2Fv2%2Fproduct_cat&post=79549"},{"taxonomy":"product_tag","embeddable":true,"href":"https:\/\/topgetestet.de\/index.php?rest_route=%2Fwp%2Fv2%2Fproduct_tag&post=79549"}],"curies":[{"name":"wp","href":"https:\/\/api.w.org\/{rel}","templated":true}]}}