{"id":79403,"date":"2022-10-18T02:43:25","date_gmt":"2022-10-18T02:43:25","guid":{"rendered":"https:\/\/topgetestet.de\/?product=assassins-creed-mirage-collectors-case"},"modified":"2022-10-18T02:43:25","modified_gmt":"2022-10-18T02:43:25","slug":"assassins-creed-mirage-collectors-case","status":"publish","type":"product","link":"https:\/\/topgetestet.de\/?product=assassins-creed-mirage-collectors-case","title":{"rendered":"Assassin&#8217;s Creed Mirage Collector\u00b4s Case"},"content":{"rendered":"<p>Price: <span style=\"color:#b12704\">[price_with_discount]<\/span><br \/><i><small>(as of [price_update_date] &#8211; <span class=\"wp_automatic_amazon_disclaimer\" title=\"Product prices and availability are accurate as of the date\/time indicated and are subject to change. Any price and availability information displayed on [relevant Amazon Site(s), as applicable] at the time of purchase will apply to the purchase of this product.\">Details<\/span>)<\/small><\/i><\/p>\n<p><a href=\"https:\/\/amazon.de\/dp\/B0BF5GS9DS?tag=topgetestet09-21\"><img decoding=\"async\" src=\"https:\/\/i.imgur.com\/ISRHEWs.png\"><\/a><br \/>\n[ad_1]<br \/>\n Um die Gesamtbewertung der Sterne und die prozentuale Aufschl\u00fcsselung nach Sternen zu berechnen, verwenden wir keinen einfachen Durchschnitt. Stattdessen ber\u00fccksichtigt unser System beispielsweise, wie aktuell eine Bewertung ist und ob der Pr\u00fcfer den Artikel bei Amazon gekauft hat. Es wurden auch Bewertungen analysiert, um die Vertrauensw\u00fcrdigkeit zu \u00fcberpr\u00fcfen. <br \/> Alterseinstufung \u200f : \u200e  USK ab 0 freigegeben <br \/> Sprache \u200f : \u200e  Deutsch <br \/> Produktabmessungen \u200f : \u200e  20 x 20 x 40 cm; 1 Kilogramm <br \/> Erscheinungstermin \u200f : \u200e  31. Dezember 2023 <br \/> ASIN \u200f : \u200e  B0BF5GS9DS <br \/> Herkunftsland \u200f : \u200e  Deutschland <\/p>\n<p>Au\u00dferdem enth\u00e4lt die Assassin&#8217;s Creed Mirage-Sammlerbox eine Reihe hochwertiger Sammlergegenst\u00e4nde:<br \/>Eine hochwertige Figur von Basim (32 cm), eine Nachbildung von Basims Brosche, ein exklusives Steelbook mit einem von Fans w\u00e4hlbaren Design, \u201eDas Artwork von Assassin&#8217;s Creed Mirage\u201c Mini-Artbook, eine Karte von Bagdad und ein ausgew\u00e4hlter Soundtrack des Spiels<br \/>\n<br \/>[ad_2]<\/p>\n","protected":false},"excerpt":{"rendered":"<p>Price: [price_with_discount](as of [price_update_date] &#8211; Details) [ad_1] Um die Gesamtbewertung der Sterne und die prozentuale Aufschl\u00fcsselung nach Sternen zu berechnen, verwenden wir keinen einfachen Durchschnitt. Stattdessen ber\u00fccksichtigt unser System beispielsweise,<\/p>\n","protected":false},"featured_media":79404,"comment_status":"open","ping_status":"closed","template":"","meta":[],"product_cat":[227],"product_tag":[267],"class_list":{"0":"post-79403","1":"product","2":"type-product","3":"status-publish","4":"has-post-thumbnail","6":"product_cat-gaming","7":"product_tag-video-games","9":"first","10":"instock","11":"shipping-taxable","12":"product-type-external"},"aioseo_notices":[],"_links":{"self":[{"href":"https:\/\/topgetestet.de\/index.php?rest_route=\/wp\/v2\/product\/79403","targetHints":{"allow":["GET"]}}],"collection":[{"href":"https:\/\/topgetestet.de\/index.php?rest_route=\/wp\/v2\/product"}],"about":[{"href":"https:\/\/topgetestet.de\/index.php?rest_route=\/wp\/v2\/types\/product"}],"replies":[{"embeddable":true,"href":"https:\/\/topgetestet.de\/index.php?rest_route=%2Fwp%2Fv2%2Fcomments&post=79403"}],"wp:featuredmedia":[{"embeddable":true,"href":"https:\/\/topgetestet.de\/index.php?rest_route=\/wp\/v2\/media\/79404"}],"wp:attachment":[{"href":"https:\/\/topgetestet.de\/index.php?rest_route=%2Fwp%2Fv2%2Fmedia&parent=79403"}],"wp:term":[{"taxonomy":"product_cat","embeddable":true,"href":"https:\/\/topgetestet.de\/index.php?rest_route=%2Fwp%2Fv2%2Fproduct_cat&post=79403"},{"taxonomy":"product_tag","embeddable":true,"href":"https:\/\/topgetestet.de\/index.php?rest_route=%2Fwp%2Fv2%2Fproduct_tag&post=79403"}],"curies":[{"name":"wp","href":"https:\/\/api.w.org\/{rel}","templated":true}]}}